{"id":105,"date":"2017-06-26T16:03:53","date_gmt":"2017-06-26T16:03:53","guid":{"rendered":"https:\/\/demo.tamnguyen.vn\/bds\/?page_id=105"},"modified":"2017-07-28T18:09:03","modified_gmt":"2017-07-28T18:09:03","slug":"quy-trinh-dang-tin","status":"publish","type":"page","link":"https:\/\/mauwebsite.tamnguyen.vn\/bds\/quy-trinh-dang-tin\/","title":{"rendered":"Quy tr\u00ecnh \u0111\u0103ng tin"},"content":{"rendered":"<p><strong>1.<\/strong> Tin \u0111\u0103ng b\u1eb1ng ti\u1ebfng Vi\u1ec7t, c\u00f3 d\u1ea5u, ch\u1eef th\u01b0\u1eddng, ch\u1ec9 vi\u1ebft hoa \u0111\u1ea7u c\u00e2u v\u00e0 danh t\u1eeb ri\u00eang, \u0111\u00fang ch\u00ednh t\u1ea3; kh\u00f4ng ch\u1ee9a c\u00e1c t\u1eeb ng\u1eef dung t\u1ee5c, nh\u1ea1y c\u1ea3m, kh\u00f4ng ph\u00f9 h\u1ee3p v\u1edbi thu\u1ea7n phong m\u1ef9 t\u1ee5c hay c\u00e1c t\u1eeb ng\u1eef li\u00ean quan \u0111\u1ebfn t\u00f4n gi\u00e1o, ch\u00ednh tr\u1ecb; kh\u00f4ng ch\u00e8n c\u00e1c k\u00fd t\u1ef1 \u0111\u1eb7c bi\u1ec7t, kh\u00f4ng c\u1ea7n thi\u1ebft v\u00e0o n\u1ed9i dung tin \u0111\u0103ng.<\/p>\n<p><strong>2.<\/strong> Tin \u0111\u0103ng ph\u1ea3i \u0111\u00fang ph\u00e2n lo\u1ea1i, ph\u00e2n m\u1ee5c v\u00e0 \u0111\u1ecba ch\u1ec9 b\u1ea5t \u0111\u1ed9ng s\u1ea3n (B\u0110S) rao b\u00e1n\/cho thu\u00ea.<\/p>\n<p><strong>3.<\/strong> Gi\u1eefa c\u00e1c \u0111o\u1ea1n v\u0103n c\u00e1ch nhau kh\u00f4ng qu\u00e1 1 h\u00e0ng k\u00fd t\u1ef1; kh\u00f4ng \u0111\u1ec3 kho\u1ea3ng tr\u1ed1ng d\u01b0\u1edbi n\u1ed9i dung tin \u0111\u0103ng.<\/p>\n<p><strong>4.<\/strong> Ch\u1ec9 \u0111\u01b0\u1ee3c ph\u00e9p \u0111\u0103ng tin v\u1edbi m\u1ee5c \u0111\u00edch rao b\u00e1n\/cho thu\u00ea B\u0110S. Kh\u00f4ng \u0111\u01b0\u1ee3c\u00a0\u0111\u0103ng c\u00e1c tin ch\u1ec9 v\u1edbi m\u1ee5c \u0111\u00edch qu\u1ea3ng c\u00e1o, ti\u1ebfp th\u1ecb \u0111\u01a1n thu\u1ea7n (ngh\u0129a l\u00e0 kh\u00f4ng cung c\u1ea5p b\u1ea5t k\u1ef3 B\u0110S c\u1ee5 th\u1ec3 n\u00e0o, kh\u00f4ng th\u1ec3 hi\u1ec7n nhu c\u1ea7u giao d\u1ecbch b\u1ea5t \u0111\u1ed9ng s\u1ea3n).<\/p>\n<p><strong>5.<\/strong> Kh\u00f4ng \u0111\u0103ng tin tr\u00f9ng l\u1eb7p d\u01b0\u1edbi b\u1ea5t k\u1ef3 h\u00ecnh th\u1ee9c tin \u0111\u0103ng n\u00e0o. C\u00e1c tin tr\u00f9ng s\u1ebd b\u1ecb h\u1ea1.<\/p>\n<p><strong>6.<\/strong> Tin rao b\u00e1n\/cho thu\u00ea B\u0110S c\u1ea7n \u0111i\u1ec1n \u0111\u1ea7y \u0111\u1ee7 c\u00e1c th\u00f4ng tin t\u1ea1i c\u00e1c tr\u01b0\u1eddng b\u1eaft bu\u1ed9c \u0111i\u1ec1n th\u00f4ng tin c\u00f3 d\u1ea5u (*) t\u1ea1i giao di\u1ec7n \u0111\u0103ng tin. C\u00e1c tr\u01b0\u1eddng th\u00f4ng tin li\u00ean quan kh\u00e1c c\u0169ng c\u1ea7n \u0111i\u1ec1n \u0111\u1ea7y \u0111\u1ee7 n\u1ebfu B\u0110S rao b\u00e1n\/cho thu\u00ea c\u00f3 th\u00f4ng tin.<\/p>\n<p><strong>7.<\/strong> N\u1ebfu tin rao thu\u1ed9c d\u1ef1 \u00e1n, c\u1ea7n ghi r\u00f5 t\u00ean d\u1ef1 \u00e1n B\u0110S rao b\u00e1n\/cho thu\u00ea.<\/p>\n<p><strong>8.<\/strong> Qu\u00fd kh\u00e1ch tuy\u1ec7t \u0111\u1ed1i kh\u00f4ng sao ch\u00e9p n\u1ed9i dung qu\u1ea3ng c\u00e1o t\u1eeb c\u00e1c nh\u00e0 qu\u1ea3ng c\u00e1o kh\u00e1c. Trong tr\u01b0\u1eddng h\u1ee3p Batdongsan.com.vn nh\u1eadn \u0111\u01b0\u1ee3c khi\u1ebfu n\u1ea1i c\u1ee7a kh\u00e1ch h\u00e0ng v\u00e0 x\u00e1c \u0111\u1ecbnh \u0111\u01b0\u1ee3c tin rao c\u1ee7a Qu\u00fd kh\u00e1ch sao ch\u00e9p n\u1ed9i dung, tin rao c\u1ee7a Qu\u00fd kh\u00e1ch c\u00f3 th\u1ec3 b\u1ecb x\u00f3a ho\u1eb7c ch\u1ec9nh s\u1eeda l\u1ea1i n\u1ed9i dung m\u00e0 kh\u00f4ng c\u1ea7n th\u00f4ng b\u00e1o tr\u01b0\u1edbc.<\/p>\n","protected":false},"excerpt":{"rendered":"<p>1. Tin \u0111\u0103ng b\u1eb1ng ti\u1ebfng Vi\u1ec7t, c\u00f3 d\u1ea5u, ch\u1eef th\u01b0\u1eddng, ch\u1ec9 vi\u1ebft hoa \u0111\u1ea7u c\u00e2u v\u00e0 danh t\u1eeb ri\u00eang, \u0111\u00fang ch\u00ednh t\u1ea3; kh\u00f4ng ch\u1ee9a c\u00e1c t\u1eeb ng\u1eef dung t\u1ee5c, nh\u1ea1y c\u1ea3m, kh\u00f4ng ph\u00f9 h\u1ee3p v\u1edbi thu\u1ea7n phong m\u1ef9 t\u1ee5c hay c\u00e1c t\u1eeb ng\u1eef li\u00ean quan \u0111\u1ebfn t\u00f4n gi\u00e1o, ch\u00ednh tr\u1ecb; kh\u00f4ng ch\u00e8n c\u00e1c k\u00fd t\u1ef1&#8230;<\/p>\n","protected":false},"author":75,"featured_media":0,"parent":0,"menu_order":0,"comment_status":"closed","ping_status":"closed","template":"","meta":{"footnotes":""},"_links":{"self":[{"href":"https:\/\/mauwebsite.tamnguyen.vn\/bds\/wp-json\/wp\/v2\/pages\/105"}],"collection":[{"href":"https:\/\/mauwebsite.tamnguyen.vn\/bds\/wp-json\/wp\/v2\/pages"}],"about":[{"href":"https:\/\/mauwebsite.tamnguyen.vn\/bds\/wp-json\/wp\/v2\/types\/page"}],"author":[{"embeddable":true,"href":"https:\/\/mauwebsite.tamnguyen.vn\/bds\/wp-json\/wp\/v2\/users\/75"}],"replies":[{"embeddable":true,"href":"https:\/\/mauwebsite.tamnguyen.vn\/bds\/wp-json\/wp\/v2\/comments?post=105"}],"version-history":[{"count":0,"href":"https:\/\/mauwebsite.tamnguyen.vn\/bds\/wp-json\/wp\/v2\/pages\/105\/revisions"}],"wp:attachment":[{"href":"https:\/\/mauwebsite.tamnguyen.vn\/bds\/wp-json\/wp\/v2\/media?parent=105"}],"curies":[{"name":"wp","href":"https:\/\/api.w.org\/{rel}","templated":true}]}}