{"id":30,"date":"2019-08-02T22:54:24","date_gmt":"2019-08-02T15:54:24","guid":{"rendered":"http:\/\/gioithieucongty4.lamgia.asia\/?page_id=30"},"modified":"2024-12-30T03:19:12","modified_gmt":"2024-12-30T03:19:12","slug":"gioi-thieu","status":"publish","type":"page","link":"https:\/\/mauwebsite.tamnguyen.vn\/hoaviet\/gioi-thieu\/","title":{"rendered":"Gi\u1edbi thi\u1ec7u"},"content":{"rendered":"\n<h1><img loading=\"lazy\" decoding=\"async\" class=\"alignnone wp-image-839 size-full\" src=\"https:\/\/hoavietco.net\/wp-content\/uploads\/2024\/12\/cong-ty-tnhh-dich-vu-thuong-mai-quoc-te-hoa-viet-1.jpg\" alt=\"\" width=\"960\" height=\"720\" srcset=\"https:\/\/mauwebsite.tamnguyen.vn\/hoaviet\/wp-content\/uploads\/2024\/12\/cong-ty-tnhh-dich-vu-thuong-mai-quoc-te-hoa-viet-1.jpg 960w, https:\/\/mauwebsite.tamnguyen.vn\/hoaviet\/wp-content\/uploads\/2024\/12\/cong-ty-tnhh-dich-vu-thuong-mai-quoc-te-hoa-viet-1-500x375.jpg 500w, https:\/\/mauwebsite.tamnguyen.vn\/hoaviet\/wp-content\/uploads\/2024\/12\/cong-ty-tnhh-dich-vu-thuong-mai-quoc-te-hoa-viet-1-300x225.jpg 300w, https:\/\/mauwebsite.tamnguyen.vn\/hoaviet\/wp-content\/uploads\/2024\/12\/cong-ty-tnhh-dich-vu-thuong-mai-quoc-te-hoa-viet-1-768x576.jpg 768w\" sizes=\"auto, (max-width: 960px) 100vw, 960px\" \/><\/h1>\n<div id=\"toc_container\" class=\"no_bullets\"><p class=\"toc_title\">Contents<\/p><ul class=\"toc_list\"><li><a href=\"#CONG_TY_TNHH_DICH_VU_TMQT_HOA_VIET\"><span class=\"toc_number toc_depth_1\">1<\/span> C\u00d4NG TY TNHH D\u1ecaCH V\u1ee4 TMQT HOA VI\u1ec6T<\/a><ul><li><a href=\"#II_Dong_nhang_dot_hang_ngay\"><span class=\"toc_number toc_depth_2\">1.1<\/span> II\/ D\u00f2ng nhang \u0111\u1ed1t h\u00e0ng ng\u00e0y:<\/a><\/li><li><a href=\"#III_Dong_nhang_thu_gian\"><span class=\"toc_number toc_depth_2\">1.2<\/span> III\/ D\u00f2ng nhang th\u01b0 gi\u00e3n:<\/a><\/li><li><a href=\"#IV_Ban_buon_cac_loai_go\"><span class=\"toc_number toc_depth_2\">1.3<\/span> IV\/ B\u00e1n bu\u00f4n c\u00e1c lo\u1ea1i g\u1ed7:<\/a><\/li><\/ul><\/li><\/ul><\/div>\n<h1><span id=\"CONG_TY_TNHH_DICH_VU_TMQT_HOA_VIET\">C\u00d4NG TY TNHH D\u1ecaCH V\u1ee4 TMQT HOA VI\u1ec6T<\/span><\/h1>\n<p><strong>V\u1ec0 CH\u00daNG T\u00d4I<\/strong>:<br \/>C\u00d4NG TY TNHH D\u1ecaCH V\u1ee4 TH\u01af\u01a0NG M\u1ea0I QU\u1ed0C T\u1ebe HOA VI\u1ec6T (Hoa Vi\u1ec7t) \u0111\u01b0\u1ee3c th\u00e0nh l\u1eadp v\u00e0o ng\u00e0y &#8230;&#8230;. v\u1edbi l\u0129nh v\u1ef1c kinh doanh: s\u1ea3n xu\u1ea5t h\u01b0\u01a1ng c\u00e1c lo\u1ea1i, s\u1ea3n xu\u1ea5t c\u00e1c lo\u1ea1i b\u1ed9t l\u00e0m h\u01b0\u01a1ng.<\/p>\n<p>&#8211;\u00a0 T\u00ean C\u00f4ng ty: C\u00d4NG TY TNHH D\u1ecaCH V\u1ee4 TH\u01af\u01a0NG M\u1ea0I QU\u1ed0C T\u1ebe HOA VI\u1ec6T.<\/p>\n<p>&#8211;\u00a0 T\u00ean giao di\u0323ch qu\u1ed1c t\u1ebf: HOA VIET INTERNATIONAL SERVICE TRADING COMPANY LIMITED.<\/p>\n<p>&#8211; Nh\u00e0 m\u00e1t s\u1ea3n xu\u1ea5t: T\u1ed5 d\u00e2n ph\u1ed1 D\u01b0\u01a1ng H\u00f2a, Ph\u01b0\u1eddng Minh \u0110\u1ee9c, Th\u1ecb x\u00e3 M\u1ef9 H\u00e0o, T\u1ec9nh H\u01b0ng Y\u00ean, Vi\u1ec7t Nam<\/p>\n<p>&#8211; V\u0103n ph\u00f2ng: T\u00f2a nh\u00e0 V\u0103n ph\u00f2ng Hudland s\u1ed1 6 Nguy\u1ec5n H\u1eefu Th\u1ecd, Ho\u00e0ng Li\u1ec7t, Ho\u00e0ng Mai, H\u00e0 N\u1ed9i<\/p>\n<p>&#8211; \u0110i\u1ec7n tho\u1ea1i: 0936 550 889\u00a0\u00a0\u00a0\u00a0\u00a0\u00a0\u00a0\u00a0\u00a0\u00a0\u00a0\u00a0\u00a0\u00a0\u00a0\u00a0\u00a0\u00a0\u00a0\u00a0\u00a0\u00a0\u00a0\u00a0\u00a0\u00a0\u00a0\u00a0\u00a0\u00a0\u00a0\u00a0\u00a0\u00a0\u00a0\u00a0\u00a0\u00a0\u00a0\u00a0\u00a0\u00a0\u00a0<\/p>\n<p>&#8211; Website: <a href=\"http:\/\/dtc.vnn.vn\/\" target=\"_blank\" rel=\"noopener\">\u00a0<\/a>hoavietco.net<\/p>\n<p>&#8211; E-mail: \u00a0Hoaviet3@gmail.com<\/p>\n<p><strong>SA\u0309N PH\u00c2\u0309M DI\u0323CH VU\u0323<\/strong><strong>:<br \/><\/strong>C\u00f4ng Ty TNHH DV TM QT Hoa Vi\u1ec7t cung c\u1ea5p h\u01b0\u01a1ng nhang, v\u00e0ng m\u00e3, nguy\u00ean li\u1ec7u l\u00e0m h\u01b0\u01a1ng nhang,.. V\u1edbi c\u00e1c d\u00f2ng s\u1ea3n ph\u1ea9m ch\u1ee7 \u0111\u1ea1o g\u1ed3m:<\/p>\n<p>I\/ D\u00f2ng h\u01b0\u01a1ng th\u1eddi gian (d\u00f9ng cho \u0111\u00ecnh ch\u00f9a mi\u1ebfu m\u1ea1o, ho\u1eb7c nh\u1eefng s\u1ef1 ki\u1ec7n c\u1ea7n th\u1eddi gian ch\u00e1y d\u00e0i, nh\u1eefng n\u01a1i th\u1edd t\u1ef1 c\u1ea7n h\u01b0\u01a1ng ch\u00e1y li\u00ean t\u1ee5c kh\u00f4ng b\u1ecb \u0111\u1ee9t l\u1eeda, \u0111\u00fang gi\u1edd thay h\u01b0\u01a1ng,<\/p>\n<p>&#8211; C\u00e1c lo\u1ea1i H\u01b0\u01a1ng: 4 gi\u1edd, 6h, 8h, 12, 24h.<\/p>\n<p>&#8211; \u0110\u1eb7c \u0111i\u1ec3m: Th\u00e2n h\u01b0\u01a1ng \u0111\u01b0\u1ee3c ti\u1ec7n xo\u1eafn, m\u00e0u s\u1eafc l\u00e0 m\u00e0u t\u1ef1 nhi\u00ean c\u1ee7a th\u1ea3o m\u1ed9c, b\u1ed9t g\u1ed7, r\u1ec5 c\u00e2y, l\u00e1, qu\u1ea3, kh\u00f4ng c\u00f3 h\u00f3a ch\u1ea5t hay ph\u1ea9m m\u00e0u, r\u1ea5t \u0111\u1eb9p, t\u00ednh th\u1ea9m m\u1ef9 cao, th\u1eddi gian ch\u00e1y \u1ed5n \u0111\u1ecbnh \u0111\u00fang gi\u1edd.<\/p>\n<p>&#8211; Th\u00f4ng s\u1ed1 que h\u01b0\u01a1ng: d\u00e0i 49cm \u0111\u01b0\u1eddng k\u00ednh 16mm, 60cm \u0111\u01b0\u1eddng k\u00ednh 16mm, 86cm, \u0111\u01b0\u1eddng k\u00ednh 22mm.<\/p>\n<h2><span id=\"II_Dong_nhang_dot_hang_ngay\">II\/ D\u00f2ng nhang \u0111\u1ed1t h\u00e0ng ng\u00e0y:<\/span><\/h2>\n<ul>\n<li style=\"list-style-type: none;\">\n<ul>\n<li>H\u01b0\u01a1ng que: D\u00e0i 32cm (th\u00edch h\u1ee3p cho nh\u00e0 chung c\u01b0), 39cm v\u00e0 48cm (th\u00edch h\u1ee3p cho nh\u00e0 \u0111\u1ea5t)<\/li>\n<li>Tr\u1ea7m h\u01b0\u01a1ng ph\u00fa qu\u00fd 32cm, \u0111\u00f3ng g\u00f3i 100g\/h\u1ed9p<\/li>\n<li>Tr\u1ea7m h\u01b0\u01a1ng ph\u00fa qu\u00fd 39cm, \u0111\u00f3ng g\u00f3i 200g\/h\u1ed9p<\/li>\n<li>\u0110\u00e0n h\u01b0\u01a1ng th\u01b0\u1ee3ng h\u1ea1ng 39cm, \u0111\u00f3ng g\u00f3i 200g\/h\u1ed9p<\/li>\n<li>Th\u1ea3o m\u1ed9c h\u01b0\u01a1ng 32cm, \u0111\u00f3ng g\u00f3i 100g\/h\u1ed9p<\/li>\n<li>Th\u1ea3o m\u1ed9c h\u01b0\u01a1ng 39cm, \u0111\u00f3ng g\u00f3i 200g\/h\u1ed9p<\/li>\n<li>B\u00e1ch chi h\u01b0\u01a1ng 32cm, \u0111\u00f3ng g\u00f3i 200g\/h\u1ed9p<\/li>\n<li>H\u01b0\u01a1ng v\u00f2ng B\u00e1ch chi h\u01b0\u01a1ng: Ch\u00e1y 24 ti\u1ebfng, \u0111\u00f3ng g\u00f3i 10 v\u00f2ng\/h\u1ed9p<\/li>\n<\/ul>\n<\/li>\n<\/ul>\n<h2><span id=\"III_Dong_nhang_thu_gian\">III\/ D\u00f2ng nhang th\u01b0 gi\u00e3n:<\/span><\/h2>\n<ul>\n<li style=\"list-style-type: none;\">\n<ul>\n<li>Tr\u1ea7m khoanh 2 gi\u1edd, 4 gi\u1edd, 24 v\u00f2ng\/ h\u1ed9p<\/li>\n<li>Tr\u1ea7m t\u0103m 10g\/h\u1ed9p, 20g\/h\u1ed9p<\/li>\n<li>Tr\u1ea7m n\u1ee5<\/li>\n<li>\u0110\u00e0n khoanh 2 gi\u1edd, 4 gi\u1edd, 24 v\u00f2ng\/ h\u1ed9p<\/li>\n<\/ul>\n<\/li>\n<\/ul>\n<h2><span id=\"IV_Ban_buon_cac_loai_go\">IV\/ B\u00e1n bu\u00f4n c\u00e1c lo\u1ea1i g\u1ed7:<\/span><\/h2>\n<p>G\u1ed7 kh\u00fac, g\u1ed7 b\u0103m, b\u1ed9t g\u1ed7 nguy\u00ean li\u1ec7u l\u00e0m h\u01b0\u01a1ng c\u00f3 ngu\u1ed3n g\u1ed1c nh\u1eadp kh\u1ea9u: \u0110\u00e0n h\u01b0\u01a1ng T\u00e2y \u00dac, T\u00f9ng , Tr\u1eafc Trung Qu\u1ed1c, \u0110\u00e0n h\u01b0\u01a1ng Tr\u1eafng \u1ea4n \u0110\u1ed9 v\u00e0 nhi\u1ec1u s\u1ea3n ph\u1ea9m kh\u00e1c.<\/p>\n<p>B\u00e1n bu\u00f4n c\u00e1c lo\u1ea1i t\u0103m tre nh\u1eadp kh\u1ea9u d\u00f9ng \u0111\u1ec3 l\u00e0m h\u01b0\u01a1ng.<\/p>\n<p><strong>KH\u00c1CH H\u00c0NG C\u1ee6A CH\u00daNG T\u00d4I<\/strong><\/p>\n<p>Hoa Vi\u1ec7t c\u00f3 m\u1ea1ng l\u01b0\u1edbi kh\u00e1ch h\u00e0ng mua l\u1edbn v\u00e0 c\u00e1c \u0111\u1ed1i t\u00e1c ph\u00e2n ph\u1ed1i \u1edf Vi\u1ec7t Nam v\u00e0 nhi\u1ec1u qu\u1ed1c gia tr\u00ean th\u1ebf gi\u1edbi, trong \u0111\u00f3 c\u00f3: \u0110\u00e0i Loan, Malaysia, Trung Qu\u1ed1c,&#8230; Hoa Vi\u1ec7t song song tri\u1ec3n khai k\u00eanh b\u00e1n l\u1ebb t\u1ea1i:<\/p>\n<ul>\n<li style=\"list-style-type: none;\">\n<ul>\n<li>Website hoavietco.net<\/li>\n<li>Facebook: https:\/\/www.facebook.com\/huonghoaviett<\/li>\n<li>V\u0103n ph\u00f2ng: T\u00f2a nh\u00e0 V\u0103n ph\u00f2ng Hudland s\u1ed1 6 Nguy\u1ec5n H\u1eefu Th\u1ecd, Ho\u00e0ng Li\u1ec7t, Ho\u00e0ng Mai, H\u00e0 N\u1ed9i<\/li>\n<\/ul>\n<\/li>\n<\/ul>\n<p><strong>TH\u1eca TR\u01af\u1edcNG CH\u00cdNH<\/strong><\/p>\n<p>Trong nh\u1eefng n\u0103m qua, Hoa Vi\u1ec7t \u0111\u00e3 xu\u1ea5t kh\u1ea9u c\u00e1c s\u1ea3n ph\u1ea9m ch\u1ea5t l\u01b0\u1ee3ng cao sang nhi\u1ec1u qu\u1ed1c gia v\u00e0 v\u00f9ng l\u00e3nh th\u1ed5, \u0111\u01b0a s\u1ea3n ph\u1ea9m th\u01b0\u01a1ng hi\u1ec7u Vi\u1ec7t ra th\u1ebf gi\u1edbi. Th\u1ecb tr\u01b0\u1eddng ch\u00ednh c\u1ee7a ch\u00fang t\u00f4i bao g\u1ed3m: Malaysia, \u0110\u00e0i Loan, Indonesia, Trung Qu\u1ed1c, \u00dac,&#8230;<\/p>\n\n","protected":false},"excerpt":{"rendered":"","protected":false},"author":1,"featured_media":0,"parent":0,"menu_order":0,"comment_status":"closed","ping_status":"closed","template":"page-right-sidebar.php","meta":{"footnotes":""},"class_list":["post-30","page","type-page","status-publish","hentry"],"rankMath":{"parentDomain":"mauwebsite.tamnguyen.vn","noFollowDomains":[],"noFollowExcludeDomains":[],"noFollowExternalLinks":false,"featuredImageNotice":"H\u00ecnh \u1ea3nh n\u1ed5i b\u1eadt n\u00ean c\u00f3 k\u00edch th\u01b0\u1edbc \u00edt nh\u1ea5t 200 x 200 pixel \u0111\u1ec3 \u0111\u01b0\u1ee3c Facebook v\u00e0 c\u00e1c trang m\u1ea1ng x\u00e3 h\u1ed9i kh\u00e1c ch\u1ecdn.","pluginReviewed":false,"postSettings":{"linkSuggestions":true,"useFocusKeyword":false},"frontEndScore":false,"postName":"gioi-thieu","permalinkFormat":"https:\/\/mauwebsite.tamnguyen.vn\/hoaviet\/%pagename%\/","showLockModifiedDate":true,"assessor":{"focusKeywordLink":"https:\/\/mauwebsite.tamnguyen.vn\/hoaviet\/wp-admin\/edit.php?focus_keyword=%focus_keyword%&post_type=%post_type%","hasTOCPlugin":{"table-of-contents-plus\/toc.php":"Table of Contents Plus"},"primaryTaxonomy":false,"serpData":{"title":"","description":"","focusKeywords":"","pillarContent":false,"canonicalUrl":"","breadcrumbTitle":"","advancedRobots":[],"facebookTitle":"","facebookDescription":"","facebookImage":"","facebookImageID":"","facebookHasOverlay":false,"facebookImageOverlay":"","facebookAuthor":"","twitterCardType":"","twitterUseFacebook":true,"twitterTitle":"","twitterDescription":"","twitterImage":"","twitterImageID":"","twitterHasOverlay":false,"twitterImageOverlay":"","twitterPlayerUrl":"","twitterPlayerSize":"","twitterPlayerStream":"","twitterPlayerStreamCtype":"","twitterAppDescription":"","twitterAppIphoneName":"","twitterAppIphoneID":"","twitterAppIphoneUrl":"","twitterAppIpadName":"","twitterAppIpadID":"","twitterAppIpadUrl":"","twitterAppGoogleplayName":"","twitterAppGoogleplayID":"","twitterAppGoogleplayUrl":"","twitterAppCountry":"","robots":{"index":true},"twitterAuthor":"t\u00ean ng\u01b0\u1eddi d\u00f9ng","primaryTerm":0,"authorName":"admin","titleTemplate":"%title% %sep% %sitename%","descriptionTemplate":"%excerpt%","showScoreFrontend":true,"lockModifiedDate":false},"powerWords":[],"diacritics":{"A":"[\\u0041\\u24B6\\uFF21\\u00C0\\u00C1\\u00C2\\u1EA6\\u1EA4\\u1EAA\\u1EA8\\u00C3\\u0100\\u0102\\u1EB0\\u1EAE\\u1EB4\\u1EB2\\u0226\\u01E0\\u00C4\\u01DE\\u1EA2\\u00C5\\u01FA\\u01CD\\u0200\\u0202\\u1EA0\\u1EAC\\u1EB6\\u1E00\\u0104\\u023A\\u2C6F]","AA":"[\\uA732]","AE":"[\\u00C6\\u01FC\\u01E2]","AO":"[\\uA734]","AU":"[\\uA736]","AV":"[\\uA738\\uA73A]","AY":"[\\uA73C]","B":"[\\u0042\\u24B7\\uFF22\\u1E02\\u1E04\\u1E06\\u0243\\u0182\\u0181]","C":"[\\u0043\\u24B8\\uFF23\\u0106\\u0108\\u010A\\u010C\\u00C7\\u1E08\\u0187\\u023B\\uA73E]","D":"[\\u0044\\u24B9\\uFF24\\u1E0A\\u010E\\u1E0C\\u1E10\\u1E12\\u1E0E\\u0110\\u018B\\u018A\\u0189\\uA779]","DZ":"[\\u01F1\\u01C4]","Dz":"[\\u01F2\\u01C5]","E":"[\\u0045\\u24BA\\uFF25\\u00C8\\u00C9\\u00CA\\u1EC0\\u1EBE\\u1EC4\\u1EC2\\u1EBC\\u0112\\u1E14\\u1E16\\u0114\\u0116\\u00CB\\u1EBA\\u011A\\u0204\\u0206\\u1EB8\\u1EC6\\u0228\\u1E1C\\u0118\\u1E18\\u1E1A\\u0190\\u018E]","F":"[\\u0046\\u24BB\\uFF26\\u1E1E\\u0191\\uA77B]","G":"[\\u0047\\u24BC\\uFF27\\u01F4\\u011C\\u1E20\\u011E\\u0120\\u01E6\\u0122\\u01E4\\u0193\\uA7A0\\uA77D\\uA77E]","H":"[\\u0048\\u24BD\\uFF28\\u0124\\u1E22\\u1E26\\u021E\\u1E24\\u1E28\\u1E2A\\u0126\\u2C67\\u2C75\\uA78D]","I":"[\\u0049\\u24BE\\uFF29\\u00CC\\u00CD\\u00CE\\u0128\\u012A\\u012C\\u0130\\u00CF\\u1E2E\\u1EC8\\u01CF\\u0208\\u020A\\u1ECA\\u012E\\u1E2C\\u0197]","J":"[\\u004A\\u24BF\\uFF2A\\u0134\\u0248]","K":"[\\u004B\\u24C0\\uFF2B\\u1E30\\u01E8\\u1E32\\u0136\\u1E34\\u0198\\u2C69\\uA740\\uA742\\uA744\\uA7A2]","L":"[\\u004C\\u24C1\\uFF2C\\u013F\\u0139\\u013D\\u1E36\\u1E38\\u013B\\u1E3C\\u1E3A\\u0141\\u023D\\u2C62\\u2C60\\uA748\\uA746\\uA780]","LJ":"[\\u01C7]","Lj":"[\\u01C8]","M":"[\\u004D\\u24C2\\uFF2D\\u1E3E\\u1E40\\u1E42\\u2C6E\\u019C]","N":"[\\u004E\\u24C3\\uFF2E\\u01F8\\u0143\\u00D1\\u1E44\\u0147\\u1E46\\u0145\\u1E4A\\u1E48\\u0220\\u019D\\uA790\\uA7A4]","NJ":"[\\u01CA]","Nj":"[\\u01CB]","O":"[\\u004F\\u24C4\\uFF2F\\u00D2\\u00D3\\u00D4\\u1ED2\\u1ED0\\u1ED6\\u1ED4\\u00D5\\u1E4C\\u022C\\u1E4E\\u014C\\u1E50\\u1E52\\u014E\\u022E\\u0230\\u00D6\\u022A\\u1ECE\\u0150\\u01D1\\u020C\\u020E\\u01A0\\u1EDC\\u1EDA\\u1EE0\\u1EDE\\u1EE2\\u1ECC\\u1ED8\\u01EA\\u01EC\\u00D8\\u01FE\\u0186\\u019F\\uA74A\\uA74C]","OI":"[\\u01A2]","OO":"[\\uA74E]","OU":"[\\u0222]","P":"[\\u0050\\u24C5\\uFF30\\u1E54\\u1E56\\u01A4\\u2C63\\uA750\\uA752\\uA754]","Q":"[\\u0051\\u24C6\\uFF31\\uA756\\uA758\\u024A]","R":"[\\u0052\\u24C7\\uFF32\\u0154\\u1E58\\u0158\\u0210\\u0212\\u1E5A\\u1E5C\\u0156\\u1E5E\\u024C\\u2C64\\uA75A\\uA7A6\\uA782]","S":"[\\u0053\\u24C8\\uFF33\\u1E9E\\u015A\\u1E64\\u015C\\u1E60\\u0160\\u1E66\\u1E62\\u1E68\\u0218\\u015E\\u2C7E\\uA7A8\\uA784]","T":"[\\u0054\\u24C9\\uFF34\\u1E6A\\u0164\\u1E6C\\u021A\\u0162\\u1E70\\u1E6E\\u0166\\u01AC\\u01AE\\u023E\\uA786]","TZ":"[\\uA728]","U":"[\\u0055\\u24CA\\uFF35\\u00D9\\u00DA\\u00DB\\u0168\\u1E78\\u016A\\u1E7A\\u016C\\u00DC\\u01DB\\u01D7\\u01D5\\u01D9\\u1EE6\\u016E\\u0170\\u01D3\\u0214\\u0216\\u01AF\\u1EEA\\u1EE8\\u1EEE\\u1EEC\\u1EF0\\u1EE4\\u1E72\\u0172\\u1E76\\u1E74\\u0244]","V":"[\\u0056\\u24CB\\uFF36\\u1E7C\\u1E7E\\u01B2\\uA75E\\u0245]","VY":"[\\uA760]","W":"[\\u0057\\u24CC\\uFF37\\u1E80\\u1E82\\u0174\\u1E86\\u1E84\\u1E88\\u2C72]","X":"[\\u0058\\u24CD\\uFF38\\u1E8A\\u1E8C]","Y":"[\\u0059\\u24CE\\uFF39\\u1EF2\\u00DD\\u0176\\u1EF8\\u0232\\u1E8E\\u0178\\u1EF6\\u1EF4\\u01B3\\u024E\\u1EFE]","Z":"[\\u005A\\u24CF\\uFF3A\\u0179\\u1E90\\u017B\\u017D\\u1E92\\u1E94\\u01B5\\u0224\\u2C7F\\u2C6B\\uA762]","a":"[\\u0061\\u24D0\\uFF41\\u1E9A\\u00E0\\u00E1\\u00E2\\u1EA7\\u1EA5\\u1EAB\\u1EA9\\u00E3\\u0101\\u0103\\u1EB1\\u1EAF\\u1EB5\\u1EB3\\u0227\\u01E1\\u00E4\\u01DF\\u1EA3\\u00E5\\u01FB\\u01CE\\u0201\\u0203\\u1EA1\\u1EAD\\u1EB7\\u1E01\\u0105\\u2C65\\u0250]","aa":"[\\uA733]","ae":"[\\u00E6\\u01FD\\u01E3]","ao":"[\\uA735]","au":"[\\uA737]","av":"[\\uA739\\uA73B]","ay":"[\\uA73D]","b":"[\\u0062\\u24D1\\uFF42\\u1E03\\u1E05\\u1E07\\u0180\\u0183\\u0253]","c":"[\\u0063\\u24D2\\uFF43\\u0107\\u0109\\u010B\\u010D\\u00E7\\u1E09\\u0188\\u023C\\uA73F\\u2184]","d":"[\\u0064\\u24D3\\uFF44\\u1E0B\\u010F\\u1E0D\\u1E11\\u1E13\\u1E0F\\u0111\\u018C\\u0256\\u0257\\uA77A]","dz":"[\\u01F3\\u01C6]","e":"[\\u0065\\u24D4\\uFF45\\u00E8\\u00E9\\u00EA\\u1EC1\\u1EBF\\u1EC5\\u1EC3\\u1EBD\\u0113\\u1E15\\u1E17\\u0115\\u0117\\u00EB\\u1EBB\\u011B\\u0205\\u0207\\u1EB9\\u1EC7\\u0229\\u1E1D\\u0119\\u1E19\\u1E1B\\u0247\\u025B\\u01DD]","f":"[\\u0066\\u24D5\\uFF46\\u1E1F\\u0192\\uA77C]","g":"[\\u0067\\u24D6\\uFF47\\u01F5\\u011D\\u1E21\\u011F\\u0121\\u01E7\\u0123\\u01E5\\u0260\\uA7A1\\u1D79\\uA77F]","h":"[\\u0068\\u24D7\\uFF48\\u0125\\u1E23\\u1E27\\u021F\\u1E25\\u1E29\\u1E2B\\u1E96\\u0127\\u2C68\\u2C76\\u0265]","hv":"[\\u0195]","i":"[\\u0069\\u24D8\\uFF49\\u00EC\\u00ED\\u00EE\\u0129\\u012B\\u012D\\u00EF\\u1E2F\\u1EC9\\u01D0\\u0209\\u020B\\u1ECB\\u012F\\u1E2D\\u0268\\u0131]","j":"[\\u006A\\u24D9\\uFF4A\\u0135\\u01F0\\u0249]","k":"[\\u006B\\u24DA\\uFF4B\\u1E31\\u01E9\\u1E33\\u0137\\u1E35\\u0199\\u2C6A\\uA741\\uA743\\uA745\\uA7A3]","l":"[\\u006C\\u24DB\\uFF4C\\u0140\\u013A\\u013E\\u1E37\\u1E39\\u013C\\u1E3D\\u1E3B\\u017F\\u0142\\u019A\\u026B\\u2C61\\uA749\\uA781\\uA747]","lj":"[\\u01C9]","m":"[\\u006D\\u24DC\\uFF4D\\u1E3F\\u1E41\\u1E43\\u0271\\u026F]","n":"[\\u006E\\u24DD\\uFF4E\\u01F9\\u0144\\u00F1\\u1E45\\u0148\\u1E47\\u0146\\u1E4B\\u1E49\\u019E\\u0272\\u0149\\uA791\\uA7A5]","nj":"[\\u01CC]","o":"[\\u006F\\u24DE\\uFF4F\\u00F2\\u00F3\\u00F4\\u1ED3\\u1ED1\\u1ED7\\u1ED5\\u00F5\\u1E4D\\u022D\\u1E4F\\u014D\\u1E51\\u1E53\\u014F\\u022F\\u0231\\u00F6\\u022B\\u1ECF\\u0151\\u01D2\\u020D\\u020F\\u01A1\\u1EDD\\u1EDB\\u1EE1\\u1EDF\\u1EE3\\u1ECD\\u1ED9\\u01EB\\u01ED\\u00F8\\u01FF\\u0254\\uA74B\\uA74D\\u0275]","oi":"[\\u01A3]","ou":"[\\u0223]","oo":"[\\uA74F]","p":"[\\u0070\\u24DF\\uFF50\\u1E55\\u1E57\\u01A5\\u1D7D\\uA751\\uA753\\uA755]","q":"[\\u0071\\u24E0\\uFF51\\u024B\\uA757\\uA759]","r":"[\\u0072\\u24E1\\uFF52\\u0155\\u1E59\\u0159\\u0211\\u0213\\u1E5B\\u1E5D\\u0157\\u1E5F\\u024D\\u027D\\uA75B\\uA7A7\\uA783]","s":"[\\u0073\\u24E2\\uFF53\\u015B\\u1E65\\u015D\\u1E61\\u0161\\u1E67\\u1E63\\u1E69\\u0219\\u015F\\u023F\\uA7A9\\uA785\\u1E9B]","ss":"[\\u00DF]","t":"[\\u0074\\u24E3\\uFF54\\u1E6B\\u1E97\\u0165\\u1E6D\\u021B\\u0163\\u1E71\\u1E6F\\u0167\\u01AD\\u0288\\u2C66\\uA787]","tz":"[\\uA729]","u":"[\\u0075\\u24E4\\uFF55\\u00F9\\u00FA\\u00FB\\u0169\\u1E79\\u016B\\u1E7B\\u016D\\u00FC\\u01DC\\u01D8\\u01D6\\u01DA\\u1EE7\\u016F\\u0171\\u01D4\\u0215\\u0217\\u01B0\\u1EEB\\u1EE9\\u1EEF\\u1EED\\u1EF1\\u1EE5\\u1E73\\u0173\\u1E77\\u1E75\\u0289]","v":"[\\u0076\\u24E5\\uFF56\\u1E7D\\u1E7F\\u028B\\uA75F\\u028C]","vy":"[\\uA761]","w":"[\\u0077\\u24E6\\uFF57\\u1E81\\u1E83\\u0175\\u1E87\\u1E85\\u1E98\\u1E89\\u2C73]","x":"[\\u0078\\u24E7\\uFF58\\u1E8B\\u1E8D]","y":"[\\u0079\\u24E8\\uFF59\\u1EF3\\u00FD\\u0177\\u1EF9\\u0233\\u1E8F\\u00FF\\u1EF7\\u1E99\\u1EF5\\u01B4\\u024F\\u1EFF]","z":"[\\u007A\\u24E9\\uFF5A\\u017A\\u1E91\\u017C\\u017E\\u1E93\\u1E95\\u01B6\\u0225\\u0240\\u2C6C\\uA763]"},"researchesTests":["contentHasTOC","contentHasShortParagraphs","contentHasAssets","keywordInTitle","keywordInMetaDescription","keywordInPermalink","keywordIn10Percent","keywordInContent","keywordInSubheadings","keywordInImageAlt","keywordDensity","keywordNotUsed","lengthContent","lengthPermalink","linksHasInternal","linksHasExternals","linksNotAllExternals","titleStartWithKeyword","titleSentiment","titleHasPowerWords","titleHasNumber","hasContentAI"],"hasRedirection":false,"hasBreadcrumb":false},"homeUrl":"https:\/\/mauwebsite.tamnguyen.vn\/hoaviet","objectID":30,"objectType":"post","locale":"vi","localeFull":"vi","overlayImages":{"play":{"name":"Bi\u1ec3u t\u01b0\u1ee3ng ph\u00e1t","url":"https:\/\/mauwebsite.tamnguyen.vn\/hoaviet\/wp-content\/plugins\/seo-by-rank-math\/assets\/admin\/img\/icon-play.png","path":"\/home\/mauwebsite\/domains\/mauwebsite.tamnguyen.vn\/public_html\/hoaviet\/wp-content\/plugins\/seo-by-rank-math\/assets\/admin\/img\/icon-play.png","position":"middle_center"},"gif":{"name":"Bi\u1ec3u t\u01b0\u1ee3ng GIF","url":"https:\/\/mauwebsite.tamnguyen.vn\/hoaviet\/wp-content\/plugins\/seo-by-rank-math\/assets\/admin\/img\/icon-gif.png","path":"\/home\/mauwebsite\/domains\/mauwebsite.tamnguyen.vn\/public_html\/hoaviet\/wp-content\/plugins\/seo-by-rank-math\/assets\/admin\/img\/icon-gif.png","position":"middle_center"}},"defautOgImage":"https:\/\/mauwebsite.tamnguyen.vn\/hoaviet\/wp-content\/plugins\/seo-by-rank-math\/assets\/admin\/img\/social-placeholder.jpg","customPermalinks":true,"isUserRegistered":false,"autoSuggestKeywords":false,"connectSiteUrl":"https:\/\/rankmath.com\/auth?site=https%3A%2F%2Fmauwebsite.tamnguyen.vn%2Fhoaviet&r=https%3A%2F%2Fmauwebsite.tamnguyen.vn%2Fhoaviet%2Fwp-json%2Fwp%2Fv2%2Fpages%2F30%3Fnonce%3D8efa75a291","maxTags":5,"trendsIcon":"<svg viewBox=\"0 0 610 610\"><path d=\"M18.85,446,174.32,290.48l58.08,58.08L76.93,504a14.54,14.54,0,0,1-20.55,0L18.83,466.48a14.54,14.54,0,0,1,0-20.55Z\" style=\"fill:#4285f4\"\/><path d=\"M242.65,242.66,377.59,377.6l-47.75,47.75a14.54,14.54,0,0,1-20.55,0L174.37,290.43l47.75-47.75A14.52,14.52,0,0,1,242.65,242.66Z\" style=\"fill:#ea4335\"\/><polygon points=\"319.53 319.53 479.26 159.8 537.34 217.88 377.61 377.62 319.53 319.53\" style=\"fill:#fabb05\"\/><path d=\"M594.26,262.73V118.61h0a16.94,16.94,0,0,0-16.94-16.94H433.2a16.94,16.94,0,0,0-12,28.92L565.34,274.71h0a16.94,16.94,0,0,0,28.92-12Z\" style=\"fill:#34a853\"\/><rect width=\"610\" height=\"610\" style=\"fill:none\"\/><\/svg>","showScore":true,"siteFavIcon":"https:\/\/mauwebsite.tamnguyen.vn\/hoaviet\/wp-content\/uploads\/2024\/12\/cropped-hoaviet-1-32x32.png","canUser":{"general":false,"advanced":false,"snippet":false,"social":false,"analysis":false,"analytics":false,"content_ai":false},"isPro":false,"is_front_page":false,"trendsUpgradeLink":"https:\/\/rankmath.com\/pricing\/?utm_source=Plugin&utm_medium=CE%20General%20Tab%20Trends&utm_campaign=WP","trendsUpgradeLabel":"N\u00e2ng c\u1ea5p","trendsPreviewImage":"https:\/\/mauwebsite.tamnguyen.vn\/hoaviet\/wp-content\/plugins\/seo-by-rank-math\/assets\/admin\/img\/trends-preview.jpg","currentEditor":false,"homepageData":{"assessor":{"powerWords":[],"diacritics":true,"researchesTests":["contentHasTOC","contentHasShortParagraphs","contentHasAssets","keywordInTitle","keywordInMetaDescription","keywordInPermalink","keywordIn10Percent","keywordInContent","keywordInSubheadings","keywordInImageAlt","keywordDensity","keywordNotUsed","lengthContent","lengthPermalink","linksHasInternal","linksHasExternals","linksNotAllExternals","titleStartWithKeyword","titleSentiment","titleHasPowerWords","titleHasNumber","hasContentAI"],"hasBreadcrumb":false,"serpData":{"title":"%sitename% %page% %sep% %sitedesc%","description":"","titleTemplate":"%sitename% %page% %sep% %sitedesc%","descriptionTemplate":"","focusKeywords":"","breadcrumbTitle":"Home","robots":{"index":true},"advancedRobots":[],"facebookTitle":"","facebookDescription":"","facebookImage":"","facebookImageID":""}}},"tocTitle":"Table of Contents","tocExcludeHeadings":[],"listStyle":"ul"},"_links":{"self":[{"href":"https:\/\/mauwebsite.tamnguyen.vn\/hoaviet\/wp-json\/wp\/v2\/pages\/30","targetHints":{"allow":["GET"]}}],"collection":[{"href":"https:\/\/mauwebsite.tamnguyen.vn\/hoaviet\/wp-json\/wp\/v2\/pages"}],"about":[{"href":"https:\/\/mauwebsite.tamnguyen.vn\/hoaviet\/wp-json\/wp\/v2\/types\/page"}],"author":[{"embeddable":true,"href":"https:\/\/mauwebsite.tamnguyen.vn\/hoaviet\/wp-json\/wp\/v2\/users\/1"}],"replies":[{"embeddable":true,"href":"https:\/\/mauwebsite.tamnguyen.vn\/hoaviet\/wp-json\/wp\/v2\/comments?post=30"}],"version-history":[{"count":2,"href":"https:\/\/mauwebsite.tamnguyen.vn\/hoaviet\/wp-json\/wp\/v2\/pages\/30\/revisions"}],"predecessor-version":[{"id":840,"href":"https:\/\/mauwebsite.tamnguyen.vn\/hoaviet\/wp-json\/wp\/v2\/pages\/30\/revisions\/840"}],"wp:attachment":[{"href":"https:\/\/mauwebsite.tamnguyen.vn\/hoaviet\/wp-json\/wp\/v2\/media?parent=30"}],"curies":[{"name":"wp","href":"https:\/\/api.w.org\/{rel}","templated":true}]}}