{"id":1023,"date":"2024-12-31T02:58:36","date_gmt":"2024-12-31T02:58:36","guid":{"rendered":"https:\/\/hoavietco.net\/?post_type=product&#038;p=1023"},"modified":"2024-12-31T02:58:36","modified_gmt":"2024-12-31T02:58:36","slug":"vong-doi-go-bach-xanh","status":"publish","type":"product","link":"https:\/\/mauwebsite.tamnguyen.vn\/hoaviet\/vong-doi-go-bach-xanh\/","title":{"rendered":"V\u00f2ng \u0111\u00f4i g\u1ed7 B\u00e1ch Xanh"},"content":{"rendered":"<p class=\"product_title entry-title\">V\u00f2ng \u0111\u00f4i g\u1ed7 B\u00e1ch Xanh<\/p>\n<p>&#8211; T\u00ean s\u1ea3n ph\u1ea9m: V\u00f2ng g\u1ed7 \u0110\u00e0n H\u01b0\u01a1ng c\u1eb7p \u0111\u00f4i 02<\/p>\n<div dir=\"auto\">&#8211; S\u1ed1 l\u01b0\u1ee3ng: 1 v\u00f2ng g\u1ed7 \u0110\u00e0n H\u01b0\u01a1ng 15mm (Nam) + 1 v\u00f2ng g\u1ed7 \u0110\u00e0n H\u01b0\u01a1ng 6 li (N\u1eef)<\/div>\n<div dir=\"auto\"><img loading=\"lazy\" decoding=\"async\" class=\"alignnone size-full wp-image-1024\" src=\"https:\/\/hoavietco.net\/wp-content\/uploads\/2024\/12\/vong-doi-go-bach-xanh-3.png\" alt=\"\" width=\"768\" height=\"1024\" srcset=\"https:\/\/mauwebsite.tamnguyen.vn\/hoaviet\/wp-content\/uploads\/2024\/12\/vong-doi-go-bach-xanh-3.png 768w, https:\/\/mauwebsite.tamnguyen.vn\/hoaviet\/wp-content\/uploads\/2024\/12\/vong-doi-go-bach-xanh-3-500x667.png 500w, https:\/\/mauwebsite.tamnguyen.vn\/hoaviet\/wp-content\/uploads\/2024\/12\/vong-doi-go-bach-xanh-3-225x300.png 225w\" sizes=\"auto, (max-width: 768px) 100vw, 768px\" \/><\/div>\n<div id=\"eJOY__extension_root\" class=\"eJOY__extension_root_class\">\nV\u00f2ng g\u1ed7 \u0110\u00e0n H\u01b0\u01a1ng d\u00e0nh cho c\u00e1c c\u1eb7p \u0111\u00f4i, mang l\u1ea1i s\u1ef1 tinh t\u1ebf v\u00e0 \u0111\u1ed9c \u0111\u00e1o cho ng\u01b0\u1eddi \u0111eo l\u00e0 m\u1ed9t l\u1ef1a ch\u1ecdn tuy\u1ec7t v\u1eddi \u0111\u1ec3 th\u1ec3 hi\u1ec7n t\u00ecnh y\u00eau v\u00e0 s\u1ef1 g\u1eafn k\u1ebft c\u1ee7a hai ng\u01b0\u1eddi.<\/div>\n<div>\n<p>V\u00f2ng tay g\u1ed7 \u0110\u00e0n H\u01b0\u01a1ng b\u1ea3n tr\u00f2n v\u00e0 v\u00f2ng chu\u1ed7i \u0110\u00e0n H\u01b0\u01a1ng 108 h\u1ea1t Hoa Vi\u1ec7t t\u1ea1o ra m\u1ed9t s\u1ef1 c\u00e2n \u0111\u1ed1i v\u00e0 ph\u00f9 h\u1ee3p gi\u1eefa hai ng\u01b0\u1eddi, t\u01b0\u1ee3ng tr\u01b0ng cho s\u1ef1 \u0111\u1ed3ng \u0111i\u1ec7u v\u00e0 s\u1ef1 ho\u00e0n thi\u1ec7n c\u1ee7a m\u1ed9t c\u1eb7p \u0111\u00f4i.<br \/>\n<img loading=\"lazy\" decoding=\"async\" class=\"alignnone size-full wp-image-1025\" src=\"https:\/\/hoavietco.net\/wp-content\/uploads\/2024\/12\/vong-doi-go-bach-xanh-2.png\" alt=\"\" width=\"768\" height=\"1024\" srcset=\"https:\/\/mauwebsite.tamnguyen.vn\/hoaviet\/wp-content\/uploads\/2024\/12\/vong-doi-go-bach-xanh-2.png 768w, https:\/\/mauwebsite.tamnguyen.vn\/hoaviet\/wp-content\/uploads\/2024\/12\/vong-doi-go-bach-xanh-2-500x667.png 500w, https:\/\/mauwebsite.tamnguyen.vn\/hoaviet\/wp-content\/uploads\/2024\/12\/vong-doi-go-bach-xanh-2-225x300.png 225w\" sizes=\"auto, (max-width: 768px) 100vw, 768px\" \/><\/p>\n<div dir=\"auto\">\n<div dir=\"auto\">&#8211; V\u00f2ng \u0110\u00e0n H\u01b0\u01a1ng c\u0169ng \u0111\u01b0\u1ee3c xem thu h\u00fat n\u0103ng l\u01b0\u1ee3ng t\u1ed1t, g\u00f3p ph\u1ea7n t\u1ea1o \u0111i\u1ec1u ki\u1ec7n thu\u1eadn l\u1ee3i cho s\u1ef1 ph\u00e1t tri\u1ec3n v\u00e0 th\u1ecbnh v\u01b0\u1ee3ng trong cu\u1ed9c s\u1ed1ng.<\/p>\n<div dir=\"auto\">&#8211; V\u00f2ng \u0110\u00e0n H\u01b0\u01a1ng kh\u00f4ng ch\u1ec9 l\u00e0 m\u1ed9t m\u00f3n trang s\u1ee9c t\u00e2m linh m\u00e0 c\u00f2n l\u00e0 ph\u1ee5 ki\u1ec7n th\u1eddi trang \u0111\u1ed9c \u0111\u00e1o v\u00e0 tinh t\u1ebf. V\u1edbi thi\u1ebft k\u1ebf tr\u01a1n tru v\u00e0 t\u1ec9 m\u1ec9, v\u00f2ng \u0110\u00e0n H\u01b0\u01a1ng Hoa Vi\u1ec7t t\u1ea1o n\u00ean m\u1ed9t v\u1ebb \u0111\u1eb9p \u0111\u01a1n gi\u1ea3n v\u00e0 trang nh\u00e3.<\/div>\n<div dir=\"auto\"><img loading=\"lazy\" decoding=\"async\" class=\"alignnone size-full wp-image-1026\" src=\"https:\/\/hoavietco.net\/wp-content\/uploads\/2024\/12\/vong-doi-go-bach-xanh-1.png\" alt=\"\" width=\"768\" height=\"1024\" srcset=\"https:\/\/mauwebsite.tamnguyen.vn\/hoaviet\/wp-content\/uploads\/2024\/12\/vong-doi-go-bach-xanh-1.png 768w, https:\/\/mauwebsite.tamnguyen.vn\/hoaviet\/wp-content\/uploads\/2024\/12\/vong-doi-go-bach-xanh-1-500x667.png 500w, https:\/\/mauwebsite.tamnguyen.vn\/hoaviet\/wp-content\/uploads\/2024\/12\/vong-doi-go-bach-xanh-1-225x300.png 225w\" sizes=\"auto, (max-width: 768px) 100vw, 768px\" \/><\/div>\n<\/div>\n<\/div>\n<\/div>\n","protected":false},"excerpt":{"rendered":"<p>&#8211; T\u00ean s\u1ea3n ph\u1ea9m: V\u00f2ng g\u1ed7 \u0110\u00e0n H\u01b0\u01a1ng c\u1eb7p \u0111\u00f4i 02<\/p>\n<div dir=\"auto\">&#8211; S\u1ed1 l\u01b0\u1ee3ng: 1 v\u00f2ng g\u1ed7 \u0110\u00e0n H\u01b0\u01a1ng 15mm (Nam) + 1 v\u00f2ng g\u1ed7 \u0110\u00e0n H\u01b0\u01a1ng 6 li (N\u1eef)<\/div>\n","protected":false},"featured_media":1025,"comment_status":"open","ping_status":"closed","template":"","meta":[],"product_cat":[36,33],"product_tag":[],"class_list":["post-1023","product","type-product","status-publish","has-post-thumbnail","hentry","product_cat-do-trang-suc","product_cat-thu-cong-my-nghe"],"_links":{"self":[{"href":"https:\/\/mauwebsite.tamnguyen.vn\/hoaviet\/wp-json\/wp\/v2\/product\/1023","targetHints":{"allow":["GET"]}}],"collection":[{"href":"https:\/\/mauwebsite.tamnguyen.vn\/hoaviet\/wp-json\/wp\/v2\/product"}],"about":[{"href":"https:\/\/mauwebsite.tamnguyen.vn\/hoaviet\/wp-json\/wp\/v2\/types\/product"}],"replies":[{"embeddable":true,"href":"https:\/\/mauwebsite.tamnguyen.vn\/hoaviet\/wp-json\/wp\/v2\/comments?post=1023"}],"wp:featuredmedia":[{"embeddable":true,"href":"https:\/\/mauwebsite.tamnguyen.vn\/hoaviet\/wp-json\/wp\/v2\/media\/1025"}],"wp:attachment":[{"href":"https:\/\/mauwebsite.tamnguyen.vn\/hoaviet\/wp-json\/wp\/v2\/media?parent=1023"}],"wp:term":[{"taxonomy":"product_cat","embeddable":true,"href":"https:\/\/mauwebsite.tamnguyen.vn\/hoaviet\/wp-json\/wp\/v2\/product_cat?post=1023"},{"taxonomy":"product_tag","embeddable":true,"href":"https:\/\/mauwebsite.tamnguyen.vn\/hoaviet\/wp-json\/wp\/v2\/product_tag?post=1023"}],"curies":[{"name":"wp","href":"https:\/\/api.w.org\/{rel}","templated":true}]}}