{"id":1027,"date":"2024-12-31T03:08:25","date_gmt":"2024-12-31T03:08:25","guid":{"rendered":"https:\/\/hoavietco.net\/?post_type=product&#038;p=1027"},"modified":"2024-12-31T03:08:25","modified_gmt":"2024-12-31T03:08:25","slug":"vong-doi-go-dan-huong","status":"publish","type":"product","link":"https:\/\/mauwebsite.tamnguyen.vn\/hoaviet\/vong-doi-go-dan-huong\/","title":{"rendered":"V\u00f2ng \u0111\u00f4i g\u1ed7 \u0110\u00e0n H\u01b0\u01a1ng"},"content":{"rendered":"<p class=\"product_title entry-title\">V\u00f2ng \u0111\u00f4i g\u1ed7 \u0110\u00e0n H\u01b0\u01a1ng<\/p>\n<p><img loading=\"lazy\" decoding=\"async\" class=\"alignnone size-full wp-image-1028\" src=\"https:\/\/hoavietco.net\/wp-content\/uploads\/2024\/12\/vong-doi-go-dan-huong.png\" alt=\"\" width=\"768\" height=\"1024\" srcset=\"https:\/\/mauwebsite.tamnguyen.vn\/hoaviet\/wp-content\/uploads\/2024\/12\/vong-doi-go-dan-huong.png 768w, https:\/\/mauwebsite.tamnguyen.vn\/hoaviet\/wp-content\/uploads\/2024\/12\/vong-doi-go-dan-huong-500x667.png 500w, https:\/\/mauwebsite.tamnguyen.vn\/hoaviet\/wp-content\/uploads\/2024\/12\/vong-doi-go-dan-huong-225x300.png 225w\" sizes=\"auto, (max-width: 768px) 100vw, 768px\" \/><\/p>\n","protected":false},"excerpt":{"rendered":"<p>V\u00f2ng \u0111\u00f4i g\u1ed7 \u0110\u00e0n H\u01b0\u01a1ng<\/p>\n","protected":false},"featured_media":1028,"comment_status":"open","ping_status":"closed","template":"","meta":[],"product_cat":[36,33],"product_tag":[],"class_list":["post-1027","product","type-product","status-publish","has-post-thumbnail","hentry","product_cat-do-trang-suc","product_cat-thu-cong-my-nghe"],"_links":{"self":[{"href":"https:\/\/mauwebsite.tamnguyen.vn\/hoaviet\/wp-json\/wp\/v2\/product\/1027","targetHints":{"allow":["GET"]}}],"collection":[{"href":"https:\/\/mauwebsite.tamnguyen.vn\/hoaviet\/wp-json\/wp\/v2\/product"}],"about":[{"href":"https:\/\/mauwebsite.tamnguyen.vn\/hoaviet\/wp-json\/wp\/v2\/types\/product"}],"replies":[{"embeddable":true,"href":"https:\/\/mauwebsite.tamnguyen.vn\/hoaviet\/wp-json\/wp\/v2\/comments?post=1027"}],"wp:featuredmedia":[{"embeddable":true,"href":"https:\/\/mauwebsite.tamnguyen.vn\/hoaviet\/wp-json\/wp\/v2\/media\/1028"}],"wp:attachment":[{"href":"https:\/\/mauwebsite.tamnguyen.vn\/hoaviet\/wp-json\/wp\/v2\/media?parent=1027"}],"wp:term":[{"taxonomy":"product_cat","embeddable":true,"href":"https:\/\/mauwebsite.tamnguyen.vn\/hoaviet\/wp-json\/wp\/v2\/product_cat?post=1027"},{"taxonomy":"product_tag","embeddable":true,"href":"https:\/\/mauwebsite.tamnguyen.vn\/hoaviet\/wp-json\/wp\/v2\/product_tag?post=1027"}],"curies":[{"name":"wp","href":"https:\/\/api.w.org\/{rel}","templated":true}]}}