{"id":1092,"date":"2024-12-31T04:31:16","date_gmt":"2024-12-31T04:31:16","guid":{"rendered":"https:\/\/hoavietco.net\/?post_type=product&#038;p=1092"},"modified":"2024-12-31T04:31:16","modified_gmt":"2024-12-31T04:31:16","slug":"vong-dan-huong-108-hat","status":"publish","type":"product","link":"https:\/\/mauwebsite.tamnguyen.vn\/hoaviet\/vong-dan-huong-108-hat\/","title":{"rendered":"V\u00f2ng \u0111\u00e0n h\u01b0\u01a1ng 108 h\u1ea1t"},"content":{"rendered":"<p>Vo\u0300ng tay \u0111a\u0300n h\u01b0\u01a1ng la\u0300 lo\u1ea1i trang s\u1ee9c c\u00f3 m\u00f9i th\u01a1m t\u1ef1 nhi\u00ean, r\u1ea5t l\u00f4i cu\u1ed1n v\u00e0 d\u1ec5 ch\u1ecbu, gi\u00fap cho b\u1ea1n th\u01b0 gi\u00e3n b\u1ea5t c\u1ee9 khi n\u00e0o, \u0111\u1eb7c bi\u1ec7t trong c\u00f4ng vi\u1ec7c\/cu\u1ed9c s\u1ed1ng khi g\u1eb7p c\u00e1c s\u1ef1 vi\u1ec7c \u00e1p l\u1ef1c, c\u0103ng th\u1eb3n. V\u1edbi m\u00f9i h\u01b0\u01a1ng ng\u1ecdt d\u1ecbu l\u00e0m an th\u1ea7n d\u01b0\u1ee1ng kh\u00ed n\u00ean khi s\u1eed d\u1ee5ng V\u00f2ng tay tr\u1ea7m h\u01b0\u01a1ng, b\u1ea1n c\u00f3 th\u1ec3 d\u1ec5 d\u00e0ng th\u01b0 gi\u00e3n v\u00e0 \u0111\u1ea7u \u00f3c nh\u1eb9 nh\u00e0ng khi m\u00f9i th\u01a1m nh\u00e8 nh\u1eb9 ph\u1ea3ng ph\u1ea5t xung quanh trong khi la\u0300m vi\u00ea\u0323c, nghi\u0309 ng\u01a1i.<\/p>\n<p><img loading=\"lazy\" decoding=\"async\" class=\"alignnone size-full wp-image-1093\" src=\"https:\/\/hoavietco.net\/wp-content\/uploads\/2024\/12\/vong-dan-huong-108-hat-6.png\" alt=\"\" width=\"768\" height=\"1024\" srcset=\"https:\/\/mauwebsite.tamnguyen.vn\/hoaviet\/wp-content\/uploads\/2024\/12\/vong-dan-huong-108-hat-6.png 768w, https:\/\/mauwebsite.tamnguyen.vn\/hoaviet\/wp-content\/uploads\/2024\/12\/vong-dan-huong-108-hat-6-500x667.png 500w, https:\/\/mauwebsite.tamnguyen.vn\/hoaviet\/wp-content\/uploads\/2024\/12\/vong-dan-huong-108-hat-6-225x300.png 225w\" sizes=\"auto, (max-width: 768px) 100vw, 768px\" \/> <img loading=\"lazy\" decoding=\"async\" class=\"alignnone size-full wp-image-1094\" src=\"https:\/\/hoavietco.net\/wp-content\/uploads\/2024\/12\/vong-dan-huong-108-hat-5.png\" alt=\"\" width=\"768\" height=\"1024\" srcset=\"https:\/\/mauwebsite.tamnguyen.vn\/hoaviet\/wp-content\/uploads\/2024\/12\/vong-dan-huong-108-hat-5.png 768w, https:\/\/mauwebsite.tamnguyen.vn\/hoaviet\/wp-content\/uploads\/2024\/12\/vong-dan-huong-108-hat-5-500x667.png 500w, https:\/\/mauwebsite.tamnguyen.vn\/hoaviet\/wp-content\/uploads\/2024\/12\/vong-dan-huong-108-hat-5-225x300.png 225w\" sizes=\"auto, (max-width: 768px) 100vw, 768px\" \/><\/p>\n<p>V\u00f2ng tay g\u1ed7 \u0111\u00e0n h\u01b0\u01a1ng l\u00e0 m\u00f3n \u0111\u1ed3 trang s\u1ee9c trang tr\u1ecdng, ph\u00f9 h\u1ee3p v\u1edbi c\u1ea3 nam v\u00e0 n\u1eef. Hi\u1ec3u \u0111\u01b0\u1ee3c \u00fd ngh\u0129a c\u1ee7a v\u00f2ng g\u1ed7 \u0111\u00e0n h\u01b0\u01a1ng n\u00ean c\u00f3 r\u1ea5t nhi\u1ec1u ng\u01b0\u1eddi l\u1ef1a ch\u1ecdn m\u1eabu v\u00f2ng tay phong th\u1ee7y n\u00e0y l\u00e0m qu\u00e0 t\u1eb7ng s\u1ebfp, b\u1ea1n b\u00e8, ng\u01b0\u1eddi th\u00e2n,&#8230;<\/p>\n<p>V\u00f2ng c\u00f3 2 k\u00edch th\u01b0\u1edbc 7 li v\u00e0 8 li.<\/p>\n<p>H\u1ed3 l\u00f4 mang l\u1ea1i may m\u1eafn, ph\u00fac l\u1ed9c tr\u00f2n \u0111\u1ea7y.<\/p>\n<p>N\u00fat th\u1eaft \u0111\u1ed3ng t\u00e2m t\u01b0\u1ee3ng tr\u01b0ng cho \u0111i\u1ec1m l\u00e0nh<\/p>\n<p>&nbsp;<\/p>\n<p><img loading=\"lazy\" decoding=\"async\" class=\"alignnone size-full wp-image-1095\" src=\"https:\/\/hoavietco.net\/wp-content\/uploads\/2024\/12\/vong-dan-huong-108-hat-4.png\" alt=\"\" width=\"768\" height=\"1024\" srcset=\"https:\/\/mauwebsite.tamnguyen.vn\/hoaviet\/wp-content\/uploads\/2024\/12\/vong-dan-huong-108-hat-4.png 768w, https:\/\/mauwebsite.tamnguyen.vn\/hoaviet\/wp-content\/uploads\/2024\/12\/vong-dan-huong-108-hat-4-500x667.png 500w, https:\/\/mauwebsite.tamnguyen.vn\/hoaviet\/wp-content\/uploads\/2024\/12\/vong-dan-huong-108-hat-4-225x300.png 225w\" sizes=\"auto, (max-width: 768px) 100vw, 768px\" \/> <img loading=\"lazy\" decoding=\"async\" class=\"alignnone size-full wp-image-1096\" src=\"https:\/\/hoavietco.net\/wp-content\/uploads\/2024\/12\/vong-dan-huong-108-hat-3.png\" alt=\"\" width=\"768\" height=\"1024\" srcset=\"https:\/\/mauwebsite.tamnguyen.vn\/hoaviet\/wp-content\/uploads\/2024\/12\/vong-dan-huong-108-hat-3.png 768w, https:\/\/mauwebsite.tamnguyen.vn\/hoaviet\/wp-content\/uploads\/2024\/12\/vong-dan-huong-108-hat-3-500x667.png 500w, https:\/\/mauwebsite.tamnguyen.vn\/hoaviet\/wp-content\/uploads\/2024\/12\/vong-dan-huong-108-hat-3-225x300.png 225w\" sizes=\"auto, (max-width: 768px) 100vw, 768px\" \/> <img loading=\"lazy\" decoding=\"async\" class=\"alignnone size-full wp-image-1097\" src=\"https:\/\/hoavietco.net\/wp-content\/uploads\/2024\/12\/vong-tram-huong-108-hat-7-1.png\" alt=\"\" width=\"768\" height=\"1024\" srcset=\"https:\/\/mauwebsite.tamnguyen.vn\/hoaviet\/wp-content\/uploads\/2024\/12\/vong-tram-huong-108-hat-7-1.png 768w, https:\/\/mauwebsite.tamnguyen.vn\/hoaviet\/wp-content\/uploads\/2024\/12\/vong-tram-huong-108-hat-7-1-500x667.png 500w, https:\/\/mauwebsite.tamnguyen.vn\/hoaviet\/wp-content\/uploads\/2024\/12\/vong-tram-huong-108-hat-7-1-225x300.png 225w\" sizes=\"auto, (max-width: 768px) 100vw, 768px\" \/> <img loading=\"lazy\" decoding=\"async\" class=\"alignnone size-full wp-image-1098\" src=\"https:\/\/hoavietco.net\/wp-content\/uploads\/2024\/12\/vong-tram-huong-108-hat-6-1.png\" alt=\"\" width=\"768\" height=\"1024\" srcset=\"https:\/\/mauwebsite.tamnguyen.vn\/hoaviet\/wp-content\/uploads\/2024\/12\/vong-tram-huong-108-hat-6-1.png 768w, https:\/\/mauwebsite.tamnguyen.vn\/hoaviet\/wp-content\/uploads\/2024\/12\/vong-tram-huong-108-hat-6-1-500x667.png 500w, https:\/\/mauwebsite.tamnguyen.vn\/hoaviet\/wp-content\/uploads\/2024\/12\/vong-tram-huong-108-hat-6-1-225x300.png 225w\" sizes=\"auto, (max-width: 768px) 100vw, 768px\" \/> <img loading=\"lazy\" decoding=\"async\" class=\"alignnone size-full wp-image-1099\" src=\"https:\/\/hoavietco.net\/wp-content\/uploads\/2024\/12\/vong-tram-huong-108-hat-5-1.png\" alt=\"\" width=\"768\" height=\"1024\" srcset=\"https:\/\/mauwebsite.tamnguyen.vn\/hoaviet\/wp-content\/uploads\/2024\/12\/vong-tram-huong-108-hat-5-1.png 768w, https:\/\/mauwebsite.tamnguyen.vn\/hoaviet\/wp-content\/uploads\/2024\/12\/vong-tram-huong-108-hat-5-1-500x667.png 500w, https:\/\/mauwebsite.tamnguyen.vn\/hoaviet\/wp-content\/uploads\/2024\/12\/vong-tram-huong-108-hat-5-1-225x300.png 225w\" sizes=\"auto, (max-width: 768px) 100vw, 768px\" \/><\/p>\n","protected":false},"excerpt":{"rendered":"<p>Vo\u0300ng tay \u0111a\u0300n h\u01b0\u01a1ng la\u0300 lo\u1ea1i trang s\u1ee9c c\u00f3 m\u00f9i th\u01a1m t\u1ef1 nhi\u00ean, r\u1ea5t l\u00f4i cu\u1ed1n v\u00e0 d\u1ec5 ch\u1ecbu, gi\u00fap cho b\u1ea1n th\u01b0 gi\u00e3n b\u1ea5t c\u1ee9 khi n\u00e0o, \u0111\u1eb7c bi\u1ec7t trong c\u00f4ng vi\u1ec7c\/cu\u1ed9c s\u1ed1ng khi g\u1eb7p c\u00e1c s\u1ef1 vi\u1ec7c \u00e1p l\u1ef1c, c\u0103ng th\u1eb3n. V\u1edbi m\u00f9i h\u01b0\u01a1ng ng\u1ecdt d\u1ecbu l\u00e0m an th\u1ea7n d\u01b0\u1ee1ng kh\u00ed n\u00ean khi &#8230;<\/p>\n","protected":false},"featured_media":1095,"comment_status":"open","ping_status":"closed","template":"","meta":[],"product_cat":[36,33],"product_tag":[],"class_list":["post-1092","product","type-product","status-publish","has-post-thumbnail","hentry","product_cat-do-trang-suc","product_cat-thu-cong-my-nghe"],"_links":{"self":[{"href":"https:\/\/mauwebsite.tamnguyen.vn\/hoaviet\/wp-json\/wp\/v2\/product\/1092","targetHints":{"allow":["GET"]}}],"collection":[{"href":"https:\/\/mauwebsite.tamnguyen.vn\/hoaviet\/wp-json\/wp\/v2\/product"}],"about":[{"href":"https:\/\/mauwebsite.tamnguyen.vn\/hoaviet\/wp-json\/wp\/v2\/types\/product"}],"replies":[{"embeddable":true,"href":"https:\/\/mauwebsite.tamnguyen.vn\/hoaviet\/wp-json\/wp\/v2\/comments?post=1092"}],"wp:featuredmedia":[{"embeddable":true,"href":"https:\/\/mauwebsite.tamnguyen.vn\/hoaviet\/wp-json\/wp\/v2\/media\/1095"}],"wp:attachment":[{"href":"https:\/\/mauwebsite.tamnguyen.vn\/hoaviet\/wp-json\/wp\/v2\/media?parent=1092"}],"wp:term":[{"taxonomy":"product_cat","embeddable":true,"href":"https:\/\/mauwebsite.tamnguyen.vn\/hoaviet\/wp-json\/wp\/v2\/product_cat?post=1092"},{"taxonomy":"product_tag","embeddable":true,"href":"https:\/\/mauwebsite.tamnguyen.vn\/hoaviet\/wp-json\/wp\/v2\/product_tag?post=1092"}],"curies":[{"name":"wp","href":"https:\/\/api.w.org\/{rel}","templated":true}]}}