{"id":1108,"date":"2024-12-31T04:36:07","date_gmt":"2024-12-31T04:36:07","guid":{"rendered":"https:\/\/hoavietco.net\/?post_type=product&#038;p=1108"},"modified":"2024-12-31T04:36:07","modified_gmt":"2024-12-31T04:36:07","slug":"vong-tay-chi-do","status":"publish","type":"product","link":"https:\/\/mauwebsite.tamnguyen.vn\/hoaviet\/vong-tay-chi-do\/","title":{"rendered":"V\u00f2ng tay ch\u1ec9 \u0111\u1ecf"},"content":{"rendered":"<p data-pm-slice=\"0 0 []\">\u0110eo v\u00f2ng tay tr\u1ea7m h\u01b0\u01a1ng kh\u00f4ng ch\u1ec9 mang \u0111\u1ebfn v\u1ebb \u0111\u1eb9p sang tr\u1ecdng, qu\u00fd ph\u00e1i m\u00e0 c\u00f2n \u0111em l\u1ea1i b\u00ecnh an. Tr\u1ea7m h\u01b0\u01a1ng lu\u00f4n l\u00e0 b\u00e1u v\u1eadt m\u00e0 thi\u00ean nhi\u00ean ban t\u1eb7ng cho con ng\u01b0\u1eddi.<\/p>\n<p>&#8211; K\u00edch th\u01b0\u1edbc m\u1eb7t tr\u1ea7m sen: 10mm<\/p>\n<p>&#8211; K\u00edch th\u01b0\u1edbc v\u00f2ng tay: 14-21cm, t\u00f9y theo c\u1ed5 tay kh\u00e1ch h\u00e0ng , d\u00e2y r\u00fat<\/p>\n<p>&#8211; Ch\u1ea5t li\u1ec7u V\u00f2ng Tay : ch\u1ec9 k\u1ebft<\/p>\n<p><img loading=\"lazy\" decoding=\"async\" class=\"alignnone size-full wp-image-1109\" src=\"https:\/\/hoavietco.net\/wp-content\/uploads\/2024\/12\/vong-tay-chi-do.png\" alt=\"\" width=\"768\" height=\"1024\" srcset=\"https:\/\/mauwebsite.tamnguyen.vn\/hoaviet\/wp-content\/uploads\/2024\/12\/vong-tay-chi-do.png 768w, https:\/\/mauwebsite.tamnguyen.vn\/hoaviet\/wp-content\/uploads\/2024\/12\/vong-tay-chi-do-500x667.png 500w, https:\/\/mauwebsite.tamnguyen.vn\/hoaviet\/wp-content\/uploads\/2024\/12\/vong-tay-chi-do-225x300.png 225w\" sizes=\"auto, (max-width: 768px) 100vw, 768px\" \/><\/p>\n","protected":false},"excerpt":{"rendered":"<p>\u0110eo v\u00f2ng tay tr\u1ea7m h\u01b0\u01a1ng kh\u00f4ng ch\u1ec9 mang \u0111\u1ebfn v\u1ebb \u0111\u1eb9p sang tr\u1ecdng, qu\u00fd ph\u00e1i m\u00e0 c\u00f2n \u0111em l\u1ea1i b\u00ecnh an. Tr\u1ea7m h\u01b0\u01a1ng lu\u00f4n l\u00e0 b\u00e1u v\u1eadt m\u00e0 thi\u00ean nhi\u00ean ban t\u1eb7ng cho con ng\u01b0\u1eddi. &#8211; K\u00edch th\u01b0\u1edbc m\u1eb7t tr\u1ea7m sen: 10mm &#8211; K\u00edch th\u01b0\u1edbc v\u00f2ng tay: 14-21cm, t\u00f9y theo c\u1ed5 tay kh\u00e1ch h\u00e0ng , &#8230;<\/p>\n","protected":false},"featured_media":1109,"comment_status":"open","ping_status":"closed","template":"","meta":[],"product_cat":[36,33],"product_tag":[],"class_list":["post-1108","product","type-product","status-publish","has-post-thumbnail","hentry","product_cat-do-trang-suc","product_cat-thu-cong-my-nghe"],"_links":{"self":[{"href":"https:\/\/mauwebsite.tamnguyen.vn\/hoaviet\/wp-json\/wp\/v2\/product\/1108","targetHints":{"allow":["GET"]}}],"collection":[{"href":"https:\/\/mauwebsite.tamnguyen.vn\/hoaviet\/wp-json\/wp\/v2\/product"}],"about":[{"href":"https:\/\/mauwebsite.tamnguyen.vn\/hoaviet\/wp-json\/wp\/v2\/types\/product"}],"replies":[{"embeddable":true,"href":"https:\/\/mauwebsite.tamnguyen.vn\/hoaviet\/wp-json\/wp\/v2\/comments?post=1108"}],"wp:featuredmedia":[{"embeddable":true,"href":"https:\/\/mauwebsite.tamnguyen.vn\/hoaviet\/wp-json\/wp\/v2\/media\/1109"}],"wp:attachment":[{"href":"https:\/\/mauwebsite.tamnguyen.vn\/hoaviet\/wp-json\/wp\/v2\/media?parent=1108"}],"wp:term":[{"taxonomy":"product_cat","embeddable":true,"href":"https:\/\/mauwebsite.tamnguyen.vn\/hoaviet\/wp-json\/wp\/v2\/product_cat?post=1108"},{"taxonomy":"product_tag","embeddable":true,"href":"https:\/\/mauwebsite.tamnguyen.vn\/hoaviet\/wp-json\/wp\/v2\/product_tag?post=1108"}],"curies":[{"name":"wp","href":"https:\/\/api.w.org\/{rel}","templated":true}]}}