{"id":1151,"date":"2025-01-14T02:12:20","date_gmt":"2025-01-14T02:12:20","guid":{"rendered":"https:\/\/hoavietco.net\/?post_type=product&#038;p=1151"},"modified":"2025-01-21T07:45:08","modified_gmt":"2025-01-21T07:45:08","slug":"huong-ngai-cuu","status":"publish","type":"product","link":"https:\/\/mauwebsite.tamnguyen.vn\/hoaviet\/huong-ngai-cuu\/","title":{"rendered":"H\u01b0\u01a1ng &#8211; Nhang S\u1ea1ch \u00cdt Kh\u00f3i \u2013 H\u01b0\u01a1ng Ng\u1ea3i C\u1ee9u \u2013 100g"},"content":{"rendered":"<div class=\"xdj266r x11i5rnm xat24cr x1mh8g0r x1vvkbs x126k92a\"><\/div>\n<div dir=\"auto\">\n<h1>Gi\u1edbi thi\u1ec7u s\u1ea3n ph\u1ea9m H\u01b0\u01a1ng Hoa Vi\u1ec7t:<\/h1>\n<p><em>H\u01b0\u01a1ng S\u1ea1ch Hoa Vi\u1ec7t l\u00e0 s\u1ea3n ph\u1ea9m nhang s\u1ea1ch, l\u00e0m t\u1eeb nguy\u00ean li\u1ec7u 100% t\u1ef1 nhi\u00ean, keo b\u1eddi l\u1eddi v\u00e0 t\u0103m tre. \u0110\u00e1p \u1ee9ng nhu c\u1ea7u th\u1eafp h\u01b0\u01a1ng, c\u00fang b\u00e1i v\u00e0 \u0111\u1ea3m b\u1ea3o an to\u00e0n cho s\u1ee9c kh\u1ecfe ng\u01b0\u1eddi s\u1eed d\u1ee5ng. T\u1ea5t c\u1ea3 c\u00e1c s\u1ea3n ph\u1ea9m H\u01b0\u01a1ng S\u1ea1ch Hoa Vi\u1ec7t \u0111\u1ec1u \u0111\u01b0\u1ee3c S\u1edf Khoa h\u1ecdc C\u00f4ng ngh\u1ec7 TP. HCM v\u00e0 t\u1ed5 ch\u1ee9c SGS Th\u1ee5y \u0110i\u1ec3n c\u00f4ng nh\u1eadn ch\u1ea5t l\u01b0\u1ee3ng. H\u01b0\u01a1ng S\u1ea1ch Hoa Vi\u1ec7t kh\u00f4ng ch\u1ee9a c\u00e1c th\u00e0nh ph\u1ea7n \u0111\u1ed9c h\u1ea1i, \u0111\u1ea3m b\u1ea3o an to\u00e0n s\u1ee9c kh\u1ecfe cho ng\u01b0\u1eddi s\u1eed d\u1ee5ng.<\/em><\/p>\n<h1>T\u00e1c d\u1ee5ng:<\/h1>\n<ul>\n<li>S\u1eed d\u1ee5ng h\u01b0\u01a1ng trong c\u00fang b\u00e1i, gi\u00fap kh\u00f4ng gian t\u00e2m linh trang nghi\u00eam v\u00e0 \u1ea5m c\u00fang.<\/li>\n<li>Mang l\u1ea1i h\u01a1i \u1ea5m v\u00e0 t\u00e0i v\u01b0\u1ee3ng, may m\u1eafn cho gia ch\u1ee7 theo quan ni\u1ec7m phong th\u1ee7y<\/li>\n<li>H\u01b0\u01a1ng th\u01a1m thanh khi\u1ebft gi\u00fap tinh th\u1ea7n th\u01b0 th\u00e1i, d\u1ec5 ch\u1ecbu, gi\u1ea3m c\u0103ng th\u1eb3ng, t\u0129nh t\u00e2m.<\/li>\n<\/ul>\n<h1><img loading=\"lazy\" decoding=\"async\" class=\"wp-image-1153 aligncenter\" src=\"https:\/\/hoavietco.net\/wp-content\/uploads\/2025\/01\/z5480835964155_32184361136f3afe28cbc6c831abda57.jpg\" alt=\"\" width=\"405\" height=\"643\" srcset=\"https:\/\/mauwebsite.tamnguyen.vn\/hoaviet\/wp-content\/uploads\/2025\/01\/z5480835964155_32184361136f3afe28cbc6c831abda57.jpg 1289w, https:\/\/mauwebsite.tamnguyen.vn\/hoaviet\/wp-content\/uploads\/2025\/01\/z5480835964155_32184361136f3afe28cbc6c831abda57-189x300.jpg 189w, https:\/\/mauwebsite.tamnguyen.vn\/hoaviet\/wp-content\/uploads\/2025\/01\/z5480835964155_32184361136f3afe28cbc6c831abda57-645x1024.jpg 645w, https:\/\/mauwebsite.tamnguyen.vn\/hoaviet\/wp-content\/uploads\/2025\/01\/z5480835964155_32184361136f3afe28cbc6c831abda57-768x1220.jpg 768w, https:\/\/mauwebsite.tamnguyen.vn\/hoaviet\/wp-content\/uploads\/2025\/01\/z5480835964155_32184361136f3afe28cbc6c831abda57-967x1536.jpg 967w, https:\/\/mauwebsite.tamnguyen.vn\/hoaviet\/wp-content\/uploads\/2025\/01\/z5480835964155_32184361136f3afe28cbc6c831abda57-500x794.jpg 500w\" sizes=\"auto, (max-width: 405px) 100vw, 405px\" \/><\/h1>\n<h1>\u01afu \u0111i\u1ec3m c\u1ee7a c\u00e1c s\u1ea3n ph\u1ea9m H\u01b0\u01a1ng S\u1ea1ch Hoa Vi\u1ec7t:<\/h1>\n<ul>\n<li>S\u1ea3n ph\u1ea9m \u0111\u01b0\u1ee3c l\u00e0m t\u1eeb c\u00e1c nguy\u00ean li\u1ec7u 100% th\u00e0nh ph\u1ea7n t\u1eeb thi\u00ean nhi\u00ean \u0111\u1ea3m b\u1ea3o an to\u00e0n cho s\u1ee9c kh\u1ecfe v\u00e0 m\u00f4i tr\u01b0\u1eddng.<\/li>\n<li>S\u1ea3n ph\u1ea9m \u0111\u01b0\u1ee3c S\u1edf Khoa h\u1ecdc C\u00f4ng ngh\u1ec7 TP. HCM v\u00e0 t\u1ed5 ch\u1ee9c SGS Th\u1ee5y \u0110i\u1ec3n c\u00f4ng nh\u1eadn ch\u1ea5t l\u01b0\u1ee3ng.<\/li>\n<li>Th\u00e2n h\u01b0\u01a1ng ti\u1ec7n xo\u1eafn: Thi\u1ebft k\u1ebf \u0111\u1ed9c quy\u1ec1n, hi\u1ec7n \u0111\u1ea1i v\u00e0 tinh t\u1ebf.<\/li>\n<li>T\u1ecfa h\u01b0\u01a1ng an l\u00e0nh, \u0111\u00f3n t\u00e0i l\u1ed9c: H\u01b0\u01a1ng th\u01a1m t\u1ef1 nhi\u00ean gi\u00fap thanh l\u1ecdc kh\u00f4ng kh\u00ed, \u0111em l\u1ea1i c\u1ea3m gi\u00e1c th\u01b0 th\u00e1i, b\u00ecnh y\u00ean.<\/li>\n<li>S\u1ea3n ph\u1ea9m \u0111\u01b0\u1ee3c ch\u1ecdn xu\u1ea5t kh\u1ea9u sang th\u1ecb tr\u01b0\u1eddng \u0110\u00e0i Loan, Maylaysia,\u2026<\/li>\n<\/ul>\n<h1>H\u01b0\u1edbng d\u1eabn s\u1eed d\u1ee5ng:<\/h1>\n<ul>\n<li>D\u00f9ng b\u1eadt l\u1eeda \u0111\u1ec3 th\u1eafp m\u1ed9t \u0111\u1ea7u n\u00e9n h\u01b0\u01a1ng (nhang), sau \u0111\u00f3 c\u1eafm v\u00e0o l\u01b0\/ b\u00e1t h\u01b0\u01a1ng cho m\u00f9i h\u01b0\u01a1ng lan t\u1ecfa.<\/li>\n<\/ul>\n<h1>L\u01b0u \u00fd khi s\u1eed d\u1ee5ng H\u01b0\u01a1ng s\u1ea1ch Hoa Vi\u1ec7t:<\/h1>\n<ul>\n<li>B\u1ea3o qu\u1ea3n h\u01b0\u01a1ng n\u01a1i kh\u00f4 r\u00e1o<\/li>\n<li>\u0110\u00f3ng n\u1eafp h\u1ed9p k\u00edn sau khi s\u1eed d\u1ee5ng.<\/li>\n<li>S\u1ea3n ph\u1ea9m d\u00f9ng \u0111\u01b0\u1ee3c trong ph\u00f2ng m\u00e1y l\u1ea1nh.<\/li>\n<\/ul>\n<h1>Ph\u01b0\u01a1ng th\u1ee9c mua h\u00e0ng:<\/h1>\n<ul>\n<li>C\u00f4ng ty TNHH DV TM qu\u1ed1c t\u1ebf Hoa Vi\u1ec7t<\/li>\n<li>Nh\u00e0 m\u00e1y s\u1ea3n xu\u1ea5t: TDP D\u01b0\u01a1ng Ho\u00e0, Minh \u0110\u1ee9c, M\u1ef9 H\u00e0o, H\u01b0ng Y\u00ean.<\/li>\n<li>\u0110\u1ecba ch\u1ec9 v\u0103n ph\u00f2ng: Ph\u00f2ng 101, T\u1ea7ng 10, T\u00f2a nh\u00e0 V\u0103n ph\u00f2ng Hudland s\u1ed1 6 Nguy\u1ec5n H\u1eefu Th\u1ecd, Ho\u00e0ng Li\u1ec7t, Ho\u00e0ng Mai, H\u00e0 N\u1ed9i<\/li>\n<li>Hotline: 0936 550 889<\/li>\n<li>Zalo: zalo.me\/0936550889<\/li>\n<li>Facebook: <a href=\"https:\/\/www.facebook.com\/huonghoaviett\/\" target=\"_blank\" rel=\"noopener\">https:\/\/www.facebook.com\/huonghoaviett\/<\/a><\/li>\n<li>Website: <a href=\"https:\/\/hoavietco.net\/\" target=\"_blank\" rel=\"noopener\">https:\/\/hoavietco.net\/<\/a><\/li>\n<\/ul>\n<\/div>\n","protected":false},"excerpt":{"rendered":"<p>Th\u00e0nh ph\u1ea7n: T\u0103m tre, B\u1ed9t g\u1ed7, v\u1ecf c\u00e2y b\u1eddi l\u1eddi,..<\/p>\n<p>B\u1ea3o qu\u1ea3n: N\u01a1i kh\u00f4 r\u00e1o, tho\u00e1ng m\u00e1t.<\/p>\n<p>Th\u1eddi gian ch\u00e1y: 1h<\/p>\n<p>Th\u1eddi h\u1ea1n s\u1eed d\u1ee5ng: 5 n\u0103m k\u1ec3 t\u1eeb NSX.<\/p>\n<p>Tr\u1ecdng l\u01b0\u1ee3ng 100G<\/p>\n<p>T\u1ea1i sao b\u1ea1n n\u00ean ch\u1ecdn H\u01b0\u01a1ng Hoa Vi\u1ec7t?<\/p>\n<p>&#8211; S\u1ea3n ph\u1ea9m \u0111\u01b0\u1ee3c l\u00e0m t\u1eeb c\u00e1c nguy\u00ean li\u1ec7u 100% th\u00e0nh ph\u1ea7n t\u1eeb thi\u00ean nhi\u00ean \u0111\u1ea3m b\u1ea3o an to\u00e0n cho s\u1ee9c kh\u1ecfe v\u00e0 m\u00f4i tr\u01b0\u1eddng.<\/p>\n<p>&#8211; S\u1ea3n ph\u1ea9m \u0111\u01b0\u1ee3c S\u1edf Khoa h\u1ecdc C\u00f4ng ngh\u1ec7 TP. HCM v\u00e0 t\u1ed5 ch\u1ee9c SGS Th\u1ee5y \u0110i\u1ec3n c\u00f4ng nh\u1eadn ch\u1ea5t l\u01b0\u1ee3ng.<\/p>\n<p>&#8211; Th\u00e2n h\u01b0\u01a1ng ti\u1ec7n xo\u1eafn: Thi\u1ebft k\u1ebf \u0111\u1ed9c quy\u1ec1n, hi\u1ec7n \u0111\u1ea1i v\u00e0 tinh t\u1ebf.<\/p>\n<p>&#8211; T\u1ecfa h\u01b0\u01a1ng an l\u00e0nh, \u0111\u00f3n t\u00e0i l\u1ed9c: H\u01b0\u01a1ng th\u01a1m t\u1ef1 nhi\u00ean gi\u00fap thanh l\u1ecdc kh\u00f4ng kh\u00ed, \u0111em l\u1ea1i c\u1ea3m gi\u00e1c th\u01b0 th\u00e1i, b\u00ecnh y\u00ean.<\/p>\n<p>&#8211; S\u1ea3n ph\u1ea9m \u0111\u01b0\u1ee3c ch\u1ecdn xu\u1ea5t kh\u1ea9u sang th\u1ecb tr\u01b0\u1eddng \u0110\u00e0i Loan, Maylaysia,\u2026<\/p>\n","protected":false},"featured_media":1152,"comment_status":"open","ping_status":"closed","template":"","meta":[],"product_cat":[20],"product_tag":[],"class_list":["post-1151","product","type-product","status-publish","has-post-thumbnail","hentry","product_cat-nhang-cay"],"_links":{"self":[{"href":"https:\/\/mauwebsite.tamnguyen.vn\/hoaviet\/wp-json\/wp\/v2\/product\/1151","targetHints":{"allow":["GET"]}}],"collection":[{"href":"https:\/\/mauwebsite.tamnguyen.vn\/hoaviet\/wp-json\/wp\/v2\/product"}],"about":[{"href":"https:\/\/mauwebsite.tamnguyen.vn\/hoaviet\/wp-json\/wp\/v2\/types\/product"}],"replies":[{"embeddable":true,"href":"https:\/\/mauwebsite.tamnguyen.vn\/hoaviet\/wp-json\/wp\/v2\/comments?post=1151"}],"wp:featuredmedia":[{"embeddable":true,"href":"https:\/\/mauwebsite.tamnguyen.vn\/hoaviet\/wp-json\/wp\/v2\/media\/1152"}],"wp:attachment":[{"href":"https:\/\/mauwebsite.tamnguyen.vn\/hoaviet\/wp-json\/wp\/v2\/media?parent=1151"}],"wp:term":[{"taxonomy":"product_cat","embeddable":true,"href":"https:\/\/mauwebsite.tamnguyen.vn\/hoaviet\/wp-json\/wp\/v2\/product_cat?post=1151"},{"taxonomy":"product_tag","embeddable":true,"href":"https:\/\/mauwebsite.tamnguyen.vn\/hoaviet\/wp-json\/wp\/v2\/product_tag?post=1151"}],"curies":[{"name":"wp","href":"https:\/\/api.w.org\/{rel}","templated":true}]}}