{"id":1174,"date":"2025-01-22T03:25:56","date_gmt":"2025-01-22T03:25:56","guid":{"rendered":"https:\/\/hoavietco.net\/?post_type=product&#038;p=1174"},"modified":"2025-02-04T08:17:56","modified_gmt":"2025-02-04T08:17:56","slug":"dan-huong-van-may-huong-sach-hoa-viet","status":"publish","type":"product","link":"https:\/\/mauwebsite.tamnguyen.vn\/hoaviet\/dan-huong-van-may-huong-sach-hoa-viet\/","title":{"rendered":"\u0110\u00c0N H\u01af\u01a0NG V\u00c2N M\u00c2Y | H\u01af\u01a0NG S\u1ea0CH HOA VI\u1ec6T"},"content":{"rendered":"<div class=\"x11i5rnm xat24cr x1mh8g0r x1vvkbs xtlvy1s x126k92a\">\n<div dir=\"auto\">Hoa Vi\u1ec7t gi\u1edbi thi\u1ec7u s\u1ea3n ph\u1ea9m \u0110\u00e0n h\u01b0\u01a1ng v\u00e2n m\u00e2y &#8211; t\u1eeb 100% \u0110\u00e0n H\u01b0\u01a1ng nguy\u00ean ch\u1ea5t, kh\u00f4ng ch\u1ea5t k\u1ebft d\u00ednh, h\u00f3a ch\u1ea5t. H\u01b0\u01a1ng th\u01a1m ng\u1ecdt ng\u00e0o, cao qu\u00fd gi\u00fap th\u01b0 gi\u00e3n, c\u00e2n b\u1eb1ng c\u1ea3m x\u00fac, gi\u1ea3m stress v\u00e0 tr\u1ea7m c\u1ea3m.<\/div>\n<\/div>\n<div class=\"x11i5rnm xat24cr x1mh8g0r x1vvkbs xtlvy1s x126k92a\">\n<div dir=\"auto\"><span class=\"html-span xexx8yu x4uap5 x18d9i69 xkhd6sd x1hl2dhg x16tdsg8 x1vvkbs x3nfvp2 x1j61x8r x1fcty0u xdj266r xat24cr xgzva0m xhhsvwb xxymvpz xlup9mm x1kky2od\"><img loading=\"lazy\" decoding=\"async\" class=\"xz74otr\" src=\"https:\/\/static.xx.fbcdn.net\/images\/emoji.php\/v9\/t51\/1\/16\/1f449.png\" alt=\"\ud83d\udc49\" width=\"16\" height=\"16\" \/><\/span> C\u00f4ng d\u1ee5ng n\u1ed5i b\u1eadt \u0110\u00e0n H\u01b0\u01a1ng V\u00e2n M\u00e2y Hoa Vi\u1ec7t:<\/div>\n<div dir=\"auto\">&#8211; Gi\u00fap t\u0129nh t\u00e2m, th\u01b0 gi\u00e3n, an l\u1ea1c v\u00e0 minh m\u1eabn.<\/div>\n<div dir=\"auto\">&#8211; Xua t\u00e0 kh\u00ed, h\u00fat v\u01b0\u1ee3ng kh\u00ed, mang l\u1ea1i kh\u00f4ng gian trong l\u00e0nh.<\/div>\n<\/div>\n<div class=\"x11i5rnm xat24cr x1mh8g0r x1vvkbs xtlvy1s x126k92a\">\n<div dir=\"auto\"><span class=\"html-span xexx8yu x4uap5 x18d9i69 xkhd6sd x1hl2dhg x16tdsg8 x1vvkbs x3nfvp2 x1j61x8r x1fcty0u xdj266r xat24cr xgzva0m xhhsvwb xxymvpz xlup9mm x1kky2od\"><img loading=\"lazy\" decoding=\"async\" class=\"xz74otr\" src=\"https:\/\/static.xx.fbcdn.net\/images\/emoji.php\/v9\/t7d\/1\/16\/1f56f.png\" alt=\"\ud83d\udd6f\ufe0f\" width=\"16\" height=\"16\" \/><\/span> H\u01b0\u1edbng d\u1eabn s\u1eed d\u1ee5ng:<\/div>\n<div dir=\"auto\">&#8211; \u0110\u1ed1t nhang tr\u00ean l\u01b0 tr\u1ea7m, khay g\u1ed7 ho\u1eb7c \u0111\u1ed3 d\u00f9ng g\u1ed1m s\u1ee9.<\/div>\n<div dir=\"auto\">&#8211; \u0110\u1ec3 c\u00e1ch t\u1eeb 2 \u0111\u1ebfn 5m \u0111\u1ec3 c\u1ea3m nh\u1eadn h\u01b0\u01a1ng th\u01a1m t\u1ed1t nh\u1ea5t.<\/div>\n<div dir=\"auto\">&#8211; V\u1ec7 sinh mu\u1ed9i than d\u1ec5 d\u00e0ng b\u1eb1ng n\u01b0\u1edbc s\u1ea1ch ho\u1eb7c x\u00e0 ph\u00f2ng.<\/div>\n<\/div>\n<div class=\"x11i5rnm xat24cr x1mh8g0r x1vvkbs xtlvy1s x126k92a\">\n<div dir=\"auto\"><span class=\"html-span xexx8yu x4uap5 x18d9i69 xkhd6sd x1hl2dhg x16tdsg8 x1vvkbs x3nfvp2 x1j61x8r x1fcty0u xdj266r xat24cr xgzva0m xhhsvwb xxymvpz xlup9mm x1kky2od\"><img loading=\"lazy\" decoding=\"async\" class=\"xz74otr\" src=\"https:\/\/static.xx.fbcdn.net\/images\/emoji.php\/v9\/t84\/1\/16\/1f381.png\" alt=\"\ud83c\udf81\" width=\"16\" height=\"16\" \/><\/span> \u01afu \u0111\u00e3i T\u1ebft 2025 (29\/12 &#8211; 29\/01\/2025):<\/div>\n<div dir=\"auto\">&#8211; Mua 2 l\u1ecd H\u01b0\u01a1ng V\u00e2n M\u00e2y: Freeship to\u00e0n qu\u1ed1c<\/div>\n<div dir=\"auto\">&#8211; Mua 10 l\u1ecd t\u1eb7ng 1 l\u1ecd!<\/div>\n<\/div>\n<div class=\"x11i5rnm xat24cr x1mh8g0r x1vvkbs xtlvy1s x126k92a\">\n<div dir=\"auto\"><span class=\"html-span xexx8yu x4uap5 x18d9i69 xkhd6sd x1hl2dhg x16tdsg8 x1vvkbs x3nfvp2 x1j61x8r x1fcty0u xdj266r xat24cr xgzva0m xhhsvwb xxymvpz xlup9mm x1kky2od\"><img loading=\"lazy\" decoding=\"async\" class=\"xz74otr\" src=\"https:\/\/static.xx.fbcdn.net\/images\/emoji.php\/v9\/t32\/1\/16\/1f516.png\" alt=\"\ud83d\udd16\" width=\"16\" height=\"16\" \/><\/span> Quy c\u00e1ch \u0111\u00f3ng g\u00f3i: L\u1ecd 10 khoanh<\/div>\n<div dir=\"auto\"><span class=\"html-span xexx8yu x4uap5 x18d9i69 xkhd6sd x1hl2dhg x16tdsg8 x1vvkbs x3nfvp2 x1j61x8r x1fcty0u xdj266r xat24cr xgzva0m xhhsvwb xxymvpz xlup9mm x1kky2od\"><img loading=\"lazy\" decoding=\"async\" class=\"xz74otr\" src=\"https:\/\/static.xx.fbcdn.net\/images\/emoji.php\/v9\/tb7\/1\/16\/23f3.png\" alt=\"\u23f3\" width=\"16\" height=\"16\" \/><\/span> Th\u1eddi gian ch\u00e1y: 90 ph\u00fat<\/div>\n<\/div>\n<div class=\"x11i5rnm xat24cr x1mh8g0r x1vvkbs xtlvy1s x126k92a\">\n<div dir=\"auto\">\u0110\u1eb7t h\u00e0ng inbox ngay \u0111\u1ec3 nh\u00e2n vi\u00ean Hoa Vi\u1ec7t nhanh ch\u00f3ng h\u1ed7 tr\u1ee3 l\u00ean \u0111\u01a1n \u1ea1 <span class=\"html-span xexx8yu x4uap5 x18d9i69 xkhd6sd x1hl2dhg x16tdsg8 x1vvkbs x3nfvp2 x1j61x8r x1fcty0u xdj266r xat24cr xgzva0m xhhsvwb xxymvpz xlup9mm x1kky2od\"><img loading=\"lazy\" decoding=\"async\" class=\"xz74otr\" src=\"https:\/\/static.xx.fbcdn.net\/images\/emoji.php\/v9\/tf7\/1\/16\/1f48c.png\" alt=\"\ud83d\udc8c\" width=\"16\" height=\"16\" \/><\/span><\/div>\n<div dir=\"auto\"><img loading=\"lazy\" decoding=\"async\" class=\"alignnone size-full wp-image-1175\" src=\"https:\/\/hoavietco.net\/wp-content\/uploads\/2025\/01\/3-2.png\" alt=\"\" width=\"1080\" height=\"1080\" srcset=\"https:\/\/mauwebsite.tamnguyen.vn\/hoaviet\/wp-content\/uploads\/2025\/01\/3-2.png 1080w, https:\/\/mauwebsite.tamnguyen.vn\/hoaviet\/wp-content\/uploads\/2025\/01\/3-2-300x300.png 300w, https:\/\/mauwebsite.tamnguyen.vn\/hoaviet\/wp-content\/uploads\/2025\/01\/3-2-1024x1024.png 1024w, https:\/\/mauwebsite.tamnguyen.vn\/hoaviet\/wp-content\/uploads\/2025\/01\/3-2-150x150.png 150w, https:\/\/mauwebsite.tamnguyen.vn\/hoaviet\/wp-content\/uploads\/2025\/01\/3-2-768x768.png 768w, https:\/\/mauwebsite.tamnguyen.vn\/hoaviet\/wp-content\/uploads\/2025\/01\/3-2-500x500.png 500w, https:\/\/mauwebsite.tamnguyen.vn\/hoaviet\/wp-content\/uploads\/2025\/01\/3-2-100x100.png 100w\" sizes=\"auto, (max-width: 1080px) 100vw, 1080px\" \/> <img loading=\"lazy\" decoding=\"async\" class=\"alignnone size-full wp-image-1176\" src=\"https:\/\/hoavietco.net\/wp-content\/uploads\/2025\/01\/anh-vuong.png\" alt=\"\" width=\"1080\" height=\"1080\" srcset=\"https:\/\/mauwebsite.tamnguyen.vn\/hoaviet\/wp-content\/uploads\/2025\/01\/anh-vuong.png 1080w, https:\/\/mauwebsite.tamnguyen.vn\/hoaviet\/wp-content\/uploads\/2025\/01\/anh-vuong-300x300.png 300w, https:\/\/mauwebsite.tamnguyen.vn\/hoaviet\/wp-content\/uploads\/2025\/01\/anh-vuong-1024x1024.png 1024w, https:\/\/mauwebsite.tamnguyen.vn\/hoaviet\/wp-content\/uploads\/2025\/01\/anh-vuong-150x150.png 150w, https:\/\/mauwebsite.tamnguyen.vn\/hoaviet\/wp-content\/uploads\/2025\/01\/anh-vuong-768x768.png 768w, https:\/\/mauwebsite.tamnguyen.vn\/hoaviet\/wp-content\/uploads\/2025\/01\/anh-vuong-500x500.png 500w, https:\/\/mauwebsite.tamnguyen.vn\/hoaviet\/wp-content\/uploads\/2025\/01\/anh-vuong-100x100.png 100w\" sizes=\"auto, (max-width: 1080px) 100vw, 1080px\" \/> <img loading=\"lazy\" decoding=\"async\" class=\"alignnone size-full wp-image-1177\" src=\"https:\/\/hoavietco.net\/wp-content\/uploads\/2025\/01\/nho.png\" alt=\"\" width=\"1024\" height=\"768\" srcset=\"https:\/\/mauwebsite.tamnguyen.vn\/hoaviet\/wp-content\/uploads\/2025\/01\/nho.png 1024w, https:\/\/mauwebsite.tamnguyen.vn\/hoaviet\/wp-content\/uploads\/2025\/01\/nho-300x225.png 300w, https:\/\/mauwebsite.tamnguyen.vn\/hoaviet\/wp-content\/uploads\/2025\/01\/nho-768x576.png 768w, https:\/\/mauwebsite.tamnguyen.vn\/hoaviet\/wp-content\/uploads\/2025\/01\/nho-500x375.png 500w\" sizes=\"auto, (max-width: 1024px) 100vw, 1024px\" \/><\/div>\n<\/div>\n","protected":false},"excerpt":{"rendered":"<p>Hoa Vi\u1ec7t gi\u1edbi thi\u1ec7u s\u1ea3n ph\u1ea9m \u0110\u00e0n h\u01b0\u01a1ng v\u00e2n m\u00e2y &#8211; t\u1eeb 100% \u0110\u00e0n H\u01b0\u01a1ng nguy\u00ean ch\u1ea5t, kh\u00f4ng ch\u1ea5t k\u1ebft d\u00ednh, h\u00f3a ch\u1ea5t. H\u01b0\u01a1ng th\u01a1m ng\u1ecdt ng\u00e0o, cao qu\u00fd gi\u00fap th\u01b0 gi\u00e3n, c\u00e2n b\u1eb1ng c\u1ea3m x\u00fac, gi\u1ea3m stress v\u00e0 tr\u1ea7m c\u1ea3m. C\u00f4ng d\u1ee5ng n\u1ed5i b\u1eadt \u0110\u00e0n H\u01b0\u01a1ng V\u00e2n M\u00e2y Hoa Vi\u1ec7t: &#8211; Gi\u00fap t\u0129nh t\u00e2m, &#8230;<\/p>\n","protected":false},"featured_media":1177,"comment_status":"open","ping_status":"closed","template":"","meta":[],"product_cat":[28],"product_tag":[],"class_list":["post-1174","product","type-product","status-publish","has-post-thumbnail","hentry","product_cat-nhang-khong-tam"],"_links":{"self":[{"href":"https:\/\/mauwebsite.tamnguyen.vn\/hoaviet\/wp-json\/wp\/v2\/product\/1174","targetHints":{"allow":["GET"]}}],"collection":[{"href":"https:\/\/mauwebsite.tamnguyen.vn\/hoaviet\/wp-json\/wp\/v2\/product"}],"about":[{"href":"https:\/\/mauwebsite.tamnguyen.vn\/hoaviet\/wp-json\/wp\/v2\/types\/product"}],"replies":[{"embeddable":true,"href":"https:\/\/mauwebsite.tamnguyen.vn\/hoaviet\/wp-json\/wp\/v2\/comments?post=1174"}],"wp:featuredmedia":[{"embeddable":true,"href":"https:\/\/mauwebsite.tamnguyen.vn\/hoaviet\/wp-json\/wp\/v2\/media\/1177"}],"wp:attachment":[{"href":"https:\/\/mauwebsite.tamnguyen.vn\/hoaviet\/wp-json\/wp\/v2\/media?parent=1174"}],"wp:term":[{"taxonomy":"product_cat","embeddable":true,"href":"https:\/\/mauwebsite.tamnguyen.vn\/hoaviet\/wp-json\/wp\/v2\/product_cat?post=1174"},{"taxonomy":"product_tag","embeddable":true,"href":"https:\/\/mauwebsite.tamnguyen.vn\/hoaviet\/wp-json\/wp\/v2\/product_tag?post=1174"}],"curies":[{"name":"wp","href":"https:\/\/api.w.org\/{rel}","templated":true}]}}