{"id":842,"date":"2024-12-30T03:22:09","date_gmt":"2024-12-30T03:22:09","guid":{"rendered":"https:\/\/hoavietco.net\/?post_type=product&#038;p=842"},"modified":"2025-01-20T22:15:18","modified_gmt":"2025-01-20T22:15:18","slug":"huong-thoi-gian-8h","status":"publish","type":"product","link":"https:\/\/mauwebsite.tamnguyen.vn\/hoaviet\/huong-thoi-gian-8h\/","title":{"rendered":"H\u01b0\u01a1ng th\u1eddi gian 8H"},"content":{"rendered":"<div dir=\"auto\">H\u01b0\u01a1ng B\u00e1ch chi h\u01b0\u01a1ng<\/div>\n<div dir=\"auto\">-Th\u1eddi gian ch\u00e1y :8 h<br \/>\n\u00edt kh\u00f3i, kh\u00f4ng \u0111\u1eadu t\u00e0n, kh\u00f4ng h\u00f3a ch\u1ea5t \u0111\u1ed9c h\u1ea1i, m\u00f9i th\u01a1m b\u1ed9t g\u1ed7 t\u1ef1 nhi\u00ean, an to\u00e0n khi s\u1eed d\u1ee5ng.<br \/>\nS\u1eed d\u1ee5ng trong c\u00e1c ng\u00e0y l\u1ec5, gi\u1ed7, \u0111\u00e1m, &#8230;.<\/div>\n","protected":false},"excerpt":{"rendered":"<div dir=\"auto\">H\u01b0\u01a1ng B\u00e1ch chi h\u01b0\u01a1ng<\/div>\n<div dir=\"auto\">-Th\u1eddi gian ch\u00e1y :8 h<br \/>\n\u00edt kh\u00f3i, kh\u00f4ng \u0111\u1eadu t\u00e0n, kh\u00f4ng h\u00f3a ch\u1ea5t \u0111\u1ed9c h\u1ea1i, m\u00f9i th\u01a1m b\u1ed9t g\u1ed7 t\u1ef1 nhi\u00ean, an to\u00e0n khi s\u1eed d\u1ee5ng.<br \/>\nS\u1eed d\u1ee5ng trong c\u00e1c ng\u00e0y l\u1ec5, gi\u1ed7, \u0111\u00e1m, &#8230;.<\/div>\n<div id=\"eJOY__extension_root\" class=\"eJOY__extension_root_class\"><\/div>\n","protected":false},"featured_media":843,"comment_status":"open","ping_status":"closed","template":"","meta":[],"product_cat":[20,25],"product_tag":[],"class_list":["post-842","product","type-product","status-publish","has-post-thumbnail","hentry","product_cat-nhang-cay","product_cat-nhang-cay-8-gio"],"_links":{"self":[{"href":"https:\/\/mauwebsite.tamnguyen.vn\/hoaviet\/wp-json\/wp\/v2\/product\/842","targetHints":{"allow":["GET"]}}],"collection":[{"href":"https:\/\/mauwebsite.tamnguyen.vn\/hoaviet\/wp-json\/wp\/v2\/product"}],"about":[{"href":"https:\/\/mauwebsite.tamnguyen.vn\/hoaviet\/wp-json\/wp\/v2\/types\/product"}],"replies":[{"embeddable":true,"href":"https:\/\/mauwebsite.tamnguyen.vn\/hoaviet\/wp-json\/wp\/v2\/comments?post=842"}],"wp:featuredmedia":[{"embeddable":true,"href":"https:\/\/mauwebsite.tamnguyen.vn\/hoaviet\/wp-json\/wp\/v2\/media\/843"}],"wp:attachment":[{"href":"https:\/\/mauwebsite.tamnguyen.vn\/hoaviet\/wp-json\/wp\/v2\/media?parent=842"}],"wp:term":[{"taxonomy":"product_cat","embeddable":true,"href":"https:\/\/mauwebsite.tamnguyen.vn\/hoaviet\/wp-json\/wp\/v2\/product_cat?post=842"},{"taxonomy":"product_tag","embeddable":true,"href":"https:\/\/mauwebsite.tamnguyen.vn\/hoaviet\/wp-json\/wp\/v2\/product_tag?post=842"}],"curies":[{"name":"wp","href":"https:\/\/api.w.org\/{rel}","templated":true}]}}