{"id":844,"date":"2024-12-30T03:23:09","date_gmt":"2024-12-30T03:23:09","guid":{"rendered":"https:\/\/hoavietco.net\/?post_type=product&#038;p=844"},"modified":"2024-12-30T03:23:09","modified_gmt":"2024-12-30T03:23:09","slug":"huong-thoi-gian-6h","status":"publish","type":"product","link":"https:\/\/mauwebsite.tamnguyen.vn\/hoaviet\/huong-thoi-gian-6h\/","title":{"rendered":"H\u01b0\u01a1ng th\u1eddi gian 6H"},"content":{"rendered":"<p>H\u01b0\u01a1ng B\u00e1ch chi h\u01b0\u01a1ng<br \/>\nTh\u1eddi gian ch\u00e1y 6H<br \/>\n\u00edt kh\u00f3i, kh\u00f4ng \u0111\u1eadu t\u00e0n, kh\u00f4ng h\u00f3a ch\u1ea5t, th\u01a1m m\u00f9i b\u1ed9t g\u00f4 t\u1ef1 nhi\u00ean, an to\u00e0n khi s\u1eed d\u1ee5ng, th\u00edch h\u1ee3p trong c\u00e1c ng\u00e0y l\u1ec5, \u0111\u00e1m&#8230;<\/p>\n","protected":false},"excerpt":{"rendered":"<p>H\u01b0\u01a1ng B\u00e1ch chi h\u01b0\u01a1ng<br \/>\nTh\u1eddi gian ch\u00e1y 6H<\/p>\n","protected":false},"featured_media":845,"comment_status":"open","ping_status":"closed","template":"","meta":[],"product_cat":[20,26],"product_tag":[],"class_list":["post-844","product","type-product","status-publish","has-post-thumbnail","hentry","product_cat-nhang-cay","product_cat-nhang-cay-6-gio"],"_links":{"self":[{"href":"https:\/\/mauwebsite.tamnguyen.vn\/hoaviet\/wp-json\/wp\/v2\/product\/844","targetHints":{"allow":["GET"]}}],"collection":[{"href":"https:\/\/mauwebsite.tamnguyen.vn\/hoaviet\/wp-json\/wp\/v2\/product"}],"about":[{"href":"https:\/\/mauwebsite.tamnguyen.vn\/hoaviet\/wp-json\/wp\/v2\/types\/product"}],"replies":[{"embeddable":true,"href":"https:\/\/mauwebsite.tamnguyen.vn\/hoaviet\/wp-json\/wp\/v2\/comments?post=844"}],"wp:featuredmedia":[{"embeddable":true,"href":"https:\/\/mauwebsite.tamnguyen.vn\/hoaviet\/wp-json\/wp\/v2\/media\/845"}],"wp:attachment":[{"href":"https:\/\/mauwebsite.tamnguyen.vn\/hoaviet\/wp-json\/wp\/v2\/media?parent=844"}],"wp:term":[{"taxonomy":"product_cat","embeddable":true,"href":"https:\/\/mauwebsite.tamnguyen.vn\/hoaviet\/wp-json\/wp\/v2\/product_cat?post=844"},{"taxonomy":"product_tag","embeddable":true,"href":"https:\/\/mauwebsite.tamnguyen.vn\/hoaviet\/wp-json\/wp\/v2\/product_tag?post=844"}],"curies":[{"name":"wp","href":"https:\/\/api.w.org\/{rel}","templated":true}]}}