{"id":852,"date":"2024-12-30T03:35:00","date_gmt":"2024-12-30T03:35:00","guid":{"rendered":"https:\/\/hoavietco.net\/?post_type=product&#038;p=852"},"modified":"2024-12-30T03:35:00","modified_gmt":"2024-12-30T03:35:00","slug":"tram-huong-phu-quy-hop-200g","status":"publish","type":"product","link":"https:\/\/mauwebsite.tamnguyen.vn\/hoaviet\/tram-huong-phu-quy-hop-200g\/","title":{"rendered":"TR\u1ea6M H\u01af\u01a0NG PH\u00da QU\u00dd &#8211; H\u1ed8P 200G"},"content":{"rendered":"<p>&#8211; 100% nguy\u00ean li\u1ec7u t\u1ef1 nhi\u00ean, h\u01b0\u01a1ng th\u01a1m d\u1ecbu nh\u1eb9, \u00edt kh\u00f3i<br \/>\n&#8211; S\u1ed1 l\u01b0\u1ee3ng: 130 n\u00e9n h\u01b0\u01a1ng &#8211; Chi\u1ec1u d\u00e0i t\u0103m h\u01b0\u01a1ng: 39 cm<br \/>\n&#8211; Tr\u1ecdng l\u01b0\u1ee3ng: 200 gam<br \/>\n&#8211; Th\u1eddi gian ch\u00e1y: 90 ph\u00fat<br \/>\n&#8211; Th\u00e0nh ph\u1ea7n: T\u0103m tre, b\u1ed9t tr\u1ea7m h\u01b0\u01a1ng t\u1ef1 nhi\u00ean, v\u1ecf c\u00e2y b\u1eddi l\u1eddi<br \/>\n&#8211; Thi\u1ebft k\u1ebf \u0111\u1ed9c quy\u1ec1n tinh x\u1ea3o, t\u00ednh th\u1ea9m m\u0129 cao: th\u00e2n h\u01b0\u01a1ng ti\u1ec7n xo\u1eafn<br \/>\n&#8211; \u0110\u01b0\u1ee3c ch\u1ee9ng nh\u1eadn b\u1edfi s\u1edf Khoa h\u1ecdc c\u00f4ng ngh\u1ec7 TP H\u1ed3 Ch\u00ed Minh, t\u1ed5 ch\u1ee9c ch\u1ee9ng nh\u1eadn Thu\u1ef5 \u0110i\u1ec3n SGS.<\/p>\n<p><img loading=\"lazy\" decoding=\"async\" class=\"alignnone wp-image-853 size-full\" src=\"https:\/\/hoavietco.net\/wp-content\/uploads\/2024\/12\/9.png\" alt=\"\" width=\"768\" height=\"1024\" srcset=\"https:\/\/mauwebsite.tamnguyen.vn\/hoaviet\/wp-content\/uploads\/2024\/12\/9.png 768w, https:\/\/mauwebsite.tamnguyen.vn\/hoaviet\/wp-content\/uploads\/2024\/12\/9-500x667.png 500w, https:\/\/mauwebsite.tamnguyen.vn\/hoaviet\/wp-content\/uploads\/2024\/12\/9-225x300.png 225w\" sizes=\"auto, (max-width: 768px) 100vw, 768px\" \/><\/p>\n<p><strong>C\u00d4NG D\u1ee4NG C\u1ee6A TR\u1ea6M H\u01af\u01a0NG PH\u00da QU\u00dd: <\/strong><br \/>\n&#8211; D\u00f9ng cho kh\u00f4ng gian th\u1edd c\u00fang<br \/>\n&#8211; Thu h\u00fat l\u1ed9c t\u00e0i, xua \u0111u\u1ed5i t\u00e0 kh\u00ed, kh\u00f4ng gian th\u1edd c\u00fang trang nghi\u00eam, \u1ea5m c\u00fang<br \/>\n&#8211; M\u00f9i th\u01a1m \u0111\u1eb7c tr\u01b0ng: thanh, nh\u1eb9 nh\u00e0ng, d\u1ecbu, m\u00f9i d\u1ec5 ch\u1ecbu.<\/p>\n<p><img loading=\"lazy\" decoding=\"async\" class=\"alignnone size-full wp-image-854\" src=\"https:\/\/hoavietco.net\/wp-content\/uploads\/2024\/12\/n.png\" alt=\"\" width=\"765\" height=\"1024\" srcset=\"https:\/\/mauwebsite.tamnguyen.vn\/hoaviet\/wp-content\/uploads\/2024\/12\/n.png 765w, https:\/\/mauwebsite.tamnguyen.vn\/hoaviet\/wp-content\/uploads\/2024\/12\/n-500x669.png 500w, https:\/\/mauwebsite.tamnguyen.vn\/hoaviet\/wp-content\/uploads\/2024\/12\/n-224x300.png 224w\" sizes=\"auto, (max-width: 765px) 100vw, 765px\" \/><\/p>\n<p><strong>\u01afU VI\u1ec6T C\u1ee6A TR\u1ea6M H\u01af\u01a0NG PH\u00da QU\u00dd: <\/strong><br \/>\n&#8211; Th\u1eafp ph\u00f9 h\u1ee3p trong kh\u00f4ng gian k\u00edn: PH\u00d2NG M\u00c1Y L\u1ea0NH &#8211; NH\u00c0 CHUNG C\u01af<br \/>\n&#8211; M\u00f9i h\u01b0\u01a1ng thanh d\u1ecbu, tinh t\u1ebf mang l\u1ea1i s\u1ef1 tho\u1ea3i m\u00e1i, b\u1ea3o v\u1ec7 \u0111\u01b0\u1ee3c s\u1ee9c kh\u1ecfe ng\u01b0\u1eddi s\u1eed d\u1ee5ng.<br \/>\n&#8211; \u0110\u1ed1t h\u01b0\u01a1ng s\u1ebd gi\u00fap thanh t\u1ea9y kh\u00f4ng kh\u00ed v\u00e0 \u1ee9c ch\u1ebf c\u00e1c lo\u1ea1i vi khu\u1ea9n, n\u1ea5m m\u1ed1c g\u00e2y b\u1ec7nh \u1edf con ng\u01b0\u1eddi, b\u1ea3o v\u1ec7 s\u1ee9c kh\u1ecfe c\u1ee7a b\u1ea1n v\u00e0 gia \u0111\u00ecnh.<\/p>\n<p><img loading=\"lazy\" decoding=\"async\" class=\"alignnone size-full wp-image-850\" src=\"https:\/\/hoavietco.net\/wp-content\/uploads\/2024\/12\/1123.png\" alt=\"\" width=\"1024\" height=\"768\" srcset=\"https:\/\/mauwebsite.tamnguyen.vn\/hoaviet\/wp-content\/uploads\/2024\/12\/1123.png 1024w, https:\/\/mauwebsite.tamnguyen.vn\/hoaviet\/wp-content\/uploads\/2024\/12\/1123-500x375.png 500w, https:\/\/mauwebsite.tamnguyen.vn\/hoaviet\/wp-content\/uploads\/2024\/12\/1123-300x225.png 300w, https:\/\/mauwebsite.tamnguyen.vn\/hoaviet\/wp-content\/uploads\/2024\/12\/1123-768x576.png 768w\" sizes=\"auto, (max-width: 1024px) 100vw, 1024px\" \/><\/p>\n<p><strong>CAM K\u1ebeT C\u1ee6A H\u01af\u01a0NG HOA VI\u1ec6T: <\/strong><br \/>\nH\u01b0\u01a1ng Hoa Vi\u1ec7t cam k\u1ebft v\u1edbi qu\u00fd kh\u00e1ch h\u00e0ng r\u1eb1ng t\u1ea5t c\u1ea3 c\u00e1c s\u1ea3n ph\u1ea9m tr\u1ea7m h\u01b0\u01a1ng \u0111\u1ec1u \u0111\u01b0\u1ee3c l\u00e0m t\u1eeb nguy\u00ean li\u1ec7u s\u1ea1ch, kh\u00f4ng s\u1eed d\u1ee5ng h\u00f3a ch\u1ea5t, v\u00e0 an to\u00e0n cho s\u1ee9c kh\u1ecfe ng\u01b0\u1eddi d\u00f9ng.<br \/>\nC\u00e1c s\u1ea3n ph\u1ea9m \u0111\u01b0\u1ee3c s\u1ea3n xu\u1ea5t tr\u1ef1c ti\u1ebfp t\u1ea1i x\u01b0\u1edfng s\u1ea3n xu\u1ea5t H\u01b0\u01a1ng Hoa Vi\u1ec7t, kh\u00f4ng qua trung gian, qua ki\u1ec3m nghi\u1ec7m k\u1ef9 l\u01b0\u1ee1ng, n\u00ean qu\u00fd kh\u00e1ch ho\u00e0n to\u00e0n c\u00f3 th\u1ec3 an t\u00e2m khi mua h\u00e0ng.<\/p>\n<p><img loading=\"lazy\" decoding=\"async\" class=\"alignnone size-full wp-image-851\" src=\"https:\/\/hoavietco.net\/wp-content\/uploads\/2024\/12\/bach-chi-huong-hop-200g-4.png\" alt=\"\" width=\"820\" height=\"462\" srcset=\"https:\/\/mauwebsite.tamnguyen.vn\/hoaviet\/wp-content\/uploads\/2024\/12\/bach-chi-huong-hop-200g-4.png 820w, https:\/\/mauwebsite.tamnguyen.vn\/hoaviet\/wp-content\/uploads\/2024\/12\/bach-chi-huong-hop-200g-4-500x282.png 500w, https:\/\/mauwebsite.tamnguyen.vn\/hoaviet\/wp-content\/uploads\/2024\/12\/bach-chi-huong-hop-200g-4-300x169.png 300w, https:\/\/mauwebsite.tamnguyen.vn\/hoaviet\/wp-content\/uploads\/2024\/12\/bach-chi-huong-hop-200g-4-768x433.png 768w\" sizes=\"auto, (max-width: 820px) 100vw, 820px\" \/><\/p>\n<div id=\"eJOY__extension_root\" class=\"eJOY__extension_root_class\"><\/div>\n","protected":false},"excerpt":{"rendered":"<p>&#8211; 100% nguy\u00ean li\u1ec7u t\u1ef1 nhi\u00ean, h\u01b0\u01a1ng th\u01a1m d\u1ecbu nh\u1eb9, \u00edt kh\u00f3i<br \/>\n&#8211; S\u1ed1 l\u01b0\u1ee3ng: 130 n\u00e9n h\u01b0\u01a1ng<br \/>\n&#8211; Chi\u1ec1u d\u00e0i t\u0103m h\u01b0\u01a1ng: 39 cm<br \/>\n&#8211; Tr\u1ecdng l\u01b0\u1ee3ng: 200 gam<br \/>\n&#8211; Th\u1eddi gian ch\u00e1y: 90 ph\u00fat<br \/>\n&#8211; Th\u00e0nh ph\u1ea7n: T\u0103m tre, b\u1ed9t tr\u1ea7m h\u01b0\u01a1ng t\u1ef1 nhi\u00ean, v\u1ecf c\u00e2y b\u1eddi l\u1eddi<br \/>\n&#8211; Thi\u1ebft k\u1ebf \u0111\u1ed9c quy\u1ec1n tinh x\u1ea3o, t\u00ednh th\u1ea9m m\u0129 cao: th\u00e2n h\u01b0\u01a1ng ti\u1ec7n xo\u1eafn<br \/>\n&#8211; \u0110\u01b0\u1ee3c ch\u1ee9ng nh\u1eadn b\u1edfi s\u1edf Khoa h\u1ecdc c\u00f4ng ngh\u1ec7 TP H\u1ed3 Ch\u00ed Minh, t\u1ed5 ch\u1ee9c ch\u1ee9ng nh\u1eadn Thu\u1ef5 \u0110i\u1ec3n SGS.<\/p>\n","protected":false},"featured_media":853,"comment_status":"open","ping_status":"closed","template":"","meta":[],"product_cat":[20,42],"product_tag":[],"class_list":["post-852","product","type-product","status-publish","has-post-thumbnail","hentry","product_cat-nhang-cay","product_cat-nhang-cay-90-phut"],"_links":{"self":[{"href":"https:\/\/mauwebsite.tamnguyen.vn\/hoaviet\/wp-json\/wp\/v2\/product\/852","targetHints":{"allow":["GET"]}}],"collection":[{"href":"https:\/\/mauwebsite.tamnguyen.vn\/hoaviet\/wp-json\/wp\/v2\/product"}],"about":[{"href":"https:\/\/mauwebsite.tamnguyen.vn\/hoaviet\/wp-json\/wp\/v2\/types\/product"}],"replies":[{"embeddable":true,"href":"https:\/\/mauwebsite.tamnguyen.vn\/hoaviet\/wp-json\/wp\/v2\/comments?post=852"}],"wp:featuredmedia":[{"embeddable":true,"href":"https:\/\/mauwebsite.tamnguyen.vn\/hoaviet\/wp-json\/wp\/v2\/media\/853"}],"wp:attachment":[{"href":"https:\/\/mauwebsite.tamnguyen.vn\/hoaviet\/wp-json\/wp\/v2\/media?parent=852"}],"wp:term":[{"taxonomy":"product_cat","embeddable":true,"href":"https:\/\/mauwebsite.tamnguyen.vn\/hoaviet\/wp-json\/wp\/v2\/product_cat?post=852"},{"taxonomy":"product_tag","embeddable":true,"href":"https:\/\/mauwebsite.tamnguyen.vn\/hoaviet\/wp-json\/wp\/v2\/product_tag?post=852"}],"curies":[{"name":"wp","href":"https:\/\/api.w.org\/{rel}","templated":true}]}}