{"id":860,"date":"2024-12-30T03:59:43","date_gmt":"2024-12-30T03:59:43","guid":{"rendered":"https:\/\/hoavietco.net\/?post_type=product&#038;p=860"},"modified":"2024-12-30T03:59:43","modified_gmt":"2024-12-30T03:59:43","slug":"lu-xong-tram","status":"publish","type":"product","link":"https:\/\/mauwebsite.tamnguyen.vn\/hoaviet\/lu-xong-tram\/","title":{"rendered":"L\u01b0 X\u00f4ng Tr\u1ea7m"},"content":{"rendered":"<h2 style=\"padding: 0px; margin: 0px 0px 20px; outline: none; list-style: none; border: 0px none; box-sizing: border-box; font-weight: normal; font-size: 22px; font-family: Roboto; color: #333333; text-align: center;\"><span style=\"padding: 0px; margin: 0px; outline: none; list-style: none; border: 0px none; box-sizing: border-box; font-size: 14pt; color: #993300;\"><strong style=\"padding: 0px; margin: 0px; outline: none; list-style: none; border: 0px none; box-sizing: border-box;\">L\u01af X\u00d4NG TR\u1ea6M NH\u01af \u00dd<\/strong><\/span><\/h2>\n<p style=\"padding: 0px; margin: 0px; outline: none; list-style: none; border: 0px none; box-sizing: border-box; color: #333333; font-family: Roboto; font-size: 15px;\"><strong style=\"padding: 0px; margin: 0px; outline: none; list-style: none; border: 0px none; box-sizing: border-box;\">L\u01b0 x\u00f4ng tr\u1ea7m nh\u01b0 \u00fd<\/strong>\u00a0\u0111\u01b0\u1ee3c l\u00e0m b\u1eb1ng ch\u1ea5t li\u1ec7u g\u1ed7 cao c\u1ea5p. V\u1edbi k\u00edch th\u01b0\u1edbc nh\u1ecf g\u1ecdn, b\u1ea1n c\u00f3 th\u1ec3 \u0111\u1ec3 \u1edf b\u1ea5t k\u00ec \u0111\u00e2u trong ph\u00f2ng c\u1ee7a m\u00ecnh.\u00a0<strong style=\"padding: 0px; margin: 0px; outline: none; list-style: none; border: 0px none; box-sizing: border-box;\">L\u01b0 x\u00f4ng tr\u1ea7m nh\u01b0 \u00fd<\/strong>\u00a0ch\u1eafc ch\u1eafn s\u1ebd khi\u1ebfn kh\u00f4ng gian ph\u00f2ng b\u1ea1n tr\u1edf n\u00ean t\u00f4n nghi\u00eam, gi\u00fap b\u1ea1n th\u01b0 gi\u00e3n sau nh\u1eefng gi\u1edd l\u00e0m vi\u1ec7c m\u1ec7t m\u1ecfi.<\/p>\n<p style=\"padding: 0px; margin: 0px; outline: none; list-style: none; border: 0px none; box-sizing: border-box; color: #333333; font-family: Roboto; font-size: 15px;\">\u2013 Theo Phong Th\u1ee7y,\u00a0<strong style=\"padding: 0px; margin: 0px; outline: none; list-style: none; border: 0px none; box-sizing: border-box;\">Tr\u1ea7m H\u01b0\u01a1ng<\/strong>\u00a0c\u00f3 r\u1ea5t nhi\u1ec1u c\u00f4ng d\u1ee5ng. \u0110\u00f3 l\u00e0 m\u1ed9t lo\u1ea1i d\u01b0\u1ee3c li\u1ec7u d\u1ef1 tr\u1eef nhi\u1ec1u n\u0103ng l\u01b0\u1ee3ng v\u00e0 c\u00f3 gi\u00e1 tr\u1ecb r\u1ea5t qu\u00fd gi\u00e1. B\u1ea3n ch\u1ea5t c\u1ee7a\u00a0<strong style=\"padding: 0px; margin: 0px; outline: none; list-style: none; border: 0px none; box-sizing: border-box;\">Tr\u1ea7m H\u01b0\u01a1ng<\/strong>\u00a0l\u00e0 v\u0129nh c\u1eedu, n\u00ean nh\u1eefng ng\u01b0\u1eddi l\u00e0m \u0103n kinh doanh th\u01b0\u1eddng d\u00f9ng n\u00f3 \u0111\u1ec3 h\u01b0ng v\u01b0\u1ee3ng n\u01a1i l\u00e0m vi\u1ec7c c\u1ee7a m\u00ecnh.<\/p>\n<p style=\"padding: 0px; margin: 0px; outline: none; list-style: none; border: 0px none; box-sizing: border-box; color: #333333; font-family: Roboto; font-size: 15px;\">\u2013 \u0110\u1ec3 tr\u1eeb t\u00e0 t\u1ea9y u\u1ebf ch\u00fang ta n\u00ean x\u00f4ng nh\u00e0 b\u1eb1ng\u00a0<strong style=\"padding: 0px; margin: 0px; outline: none; list-style: none; border: 0px none; box-sizing: border-box;\">Nhang tr\u1ea7m<\/strong>. 1 n\u1ee5 c\u00f3 th\u1ec3 ch\u00e1y \u0111\u01b0\u1ee3c \u00a0<strong style=\"padding: 0px; margin: 0px; outline: none; list-style: none; border: 0px none; box-sizing: border-box;\">20 \u2013 25 ph\u00fat<\/strong>\u00a0\u00a0v\u00e0 \u00a0gi\u1eef \u00a0h\u01b0\u01a1ng \u0111\u01b0\u1ee3c\u00a0<strong style=\"padding: 0px; margin: 0px; outline: none; list-style: none; border: 0px none; box-sizing: border-box;\">2-3 ti\u1ebfng<\/strong>. Kh\u00f3i tr\u1ea7m h\u01b0\u01a1ng bay l\u00ean xua tan t\u00e0 kh\u00ed v\u00e0 r\u1ee7i ro cho gia ch\u1ee7. T\u1eeb \u0111\u00f3, gi\u00fap gia ch\u1ee7 may m\u1eafn, b\u00ecnh an v\u00e0 l\u00e0m \u0103n ph\u00e1t t\u00e0i ph\u00e1t l\u1ed9c h\u01a1n.<\/p>\n<p style=\"padding: 0px; margin: 0px; outline: none; list-style: none; border: 0px none; box-sizing: border-box; color: #333333; font-family: Roboto; font-size: 15px;\"><strong style=\"padding: 0px; margin: 0px; outline: none; list-style: none; border: 0px none; box-sizing: border-box;\">\u2013 Nhang tr\u1ea7m h\u01b0\u01a1ng\u00a0<\/strong>th\u01b0\u1eddng \u0111\u01b0\u1ee3c s\u1eed d\u1ee5ng b\u1edfi nh\u1eefng ng\u01b0\u1eddi s\u00e0nh th\u01b0\u1edfng th\u1ee9c h\u01b0\u01a1ng tr\u1ea7m.<\/p>\n<p style=\"padding: 0px; margin: 0px; outline: none; list-style: none; border: 0px none; box-sizing: border-box; color: #333333; font-family: Roboto; font-size: 15px;\">\u2013<\/p>\n<p style=\"padding: 0px; margin: 0px; outline: none; list-style: none; border: 0px none; box-sizing: border-box; color: #333333; font-family: Roboto; font-size: 15px; text-align: center;\"><strong style=\"padding: 0px; margin: 0px; outline: none; list-style: none; border: 0px none; box-sizing: border-box;\">K\u00ednh ch\u00fac qu\u00fd kh\u00e1ch c\u00f3 nh\u1eefng gi\u00e2y ph\u00fat tho\u1ea3i m\u00e1i c\u00f9ng Tr\u1ea7m H\u01b0\u01a1ng<\/strong><\/p>\n<div id=\"eJOY__extension_root\" class=\"eJOY__extension_root_class\" style=\"all: unset;\"><\/div>\n","protected":false},"excerpt":{"rendered":"<p style=\"padding: 0px; margin: 0px; outline: none; list-style: none; border: 0px none; box-sizing: border-box; color: #333333; font-family: Roboto; font-size: 15px;\">Chi\u1ec1u cao: 20cm<\/p>\n<p style=\"padding: 0px; margin: 0px; outline: none; list-style: none; border: 0px none; box-sizing: border-box; color: #333333; font-family: Roboto; font-size: 15px;\">Ch\u1ea5t li\u1ec7u: g\u1ed7 h\u01b0\u01a1ng cao c\u1ea5p<\/p>\n<p style=\"padding: 0px; margin: 0px; outline: none; list-style: none; border: 0px none; box-sizing: border-box; color: #333333; font-family: Roboto; font-size: 15px;\">D\u00f9ng \u0111\u1ec3 x\u00f4ng tr\u1ea7m c\u00f9ng v\u1edbi\u00a0<strong style=\"padding: 0px; margin: 0px; outline: none; list-style: none; border: 0px none; box-sizing: border-box;\"><a style=\"padding: 0px; margin: 0px; outline: none; list-style: none; border: 0px none; box-sizing: border-box; color: #754d0d; text-decoration: none; transition: all 0.2s ease-in-out;\" href=\"http:\/\/tramkykhanhhoa.com\/tram-huong\/nhang-tram-cao-cap\/nhang-tram-nu\/\" target=\"_blank\" rel=\"noopener\">nhang n\u1ee5 Tr\u1ea7m H\u01b0\u01a1ng<\/a><\/strong><\/p>\n<p style=\"padding: 0px; margin: 0px; outline: none; list-style: none; border: 0px none; box-sizing: border-box; color: #333333; font-family: Roboto; font-size: 15px;\">T\u01b0\u1ee3ng x\u00f4ng tr\u1ea7m ph\u1eadt th\u1ee7\u00a0\u0111\u01b0\u1ee3c l\u00e0m b\u1eb1ng ch\u1ea5t li\u1ec7u g\u1ed1m cao c\u1ea5p. V\u1edbi k\u00edch th\u01b0\u1edbc nh\u1ecf g\u1ecdn, b\u1ea1n c\u00f3 th\u1ec3 \u0111\u1ec3 \u1edf b\u1ea5t k\u00ec \u0111\u00e2u trong ph\u00f2ng c\u1ee7a m\u00ecnh. T\u01b0\u1ee3ng x\u00f4ng tr\u1ea7m ph\u1eadt th\u1ee7 ch\u1eafc ch\u1eafn s\u1ebd khi\u1ebfn kh\u00f4ng gian ph\u00f2ng b\u1ea1n tr\u1edf n\u00ean t\u00f4n nghi\u00eam, gi\u00fap b\u1ea1n th\u01b0 gi\u00e3n sau nh\u1eefng gi\u1edd l\u00e0m vi\u1ec7c m\u1ec7t m\u1ecfi.<\/p>\n<div id=\"eJOY__extension_root\" class=\"eJOY__extension_root_class\" style=\"all: unset;\"><\/div>\n","protected":false},"featured_media":861,"comment_status":"open","ping_status":"closed","template":"","meta":[],"product_cat":[34,33],"product_tag":[],"class_list":["post-860","product","type-product","status-publish","has-post-thumbnail","hentry","product_cat-phu-kien-thap-huong","product_cat-thu-cong-my-nghe"],"_links":{"self":[{"href":"https:\/\/mauwebsite.tamnguyen.vn\/hoaviet\/wp-json\/wp\/v2\/product\/860","targetHints":{"allow":["GET"]}}],"collection":[{"href":"https:\/\/mauwebsite.tamnguyen.vn\/hoaviet\/wp-json\/wp\/v2\/product"}],"about":[{"href":"https:\/\/mauwebsite.tamnguyen.vn\/hoaviet\/wp-json\/wp\/v2\/types\/product"}],"replies":[{"embeddable":true,"href":"https:\/\/mauwebsite.tamnguyen.vn\/hoaviet\/wp-json\/wp\/v2\/comments?post=860"}],"wp:featuredmedia":[{"embeddable":true,"href":"https:\/\/mauwebsite.tamnguyen.vn\/hoaviet\/wp-json\/wp\/v2\/media\/861"}],"wp:attachment":[{"href":"https:\/\/mauwebsite.tamnguyen.vn\/hoaviet\/wp-json\/wp\/v2\/media?parent=860"}],"wp:term":[{"taxonomy":"product_cat","embeddable":true,"href":"https:\/\/mauwebsite.tamnguyen.vn\/hoaviet\/wp-json\/wp\/v2\/product_cat?post=860"},{"taxonomy":"product_tag","embeddable":true,"href":"https:\/\/mauwebsite.tamnguyen.vn\/hoaviet\/wp-json\/wp\/v2\/product_tag?post=860"}],"curies":[{"name":"wp","href":"https:\/\/api.w.org\/{rel}","templated":true}]}}