{"id":877,"date":"2024-12-30T07:34:45","date_gmt":"2024-12-30T07:34:45","guid":{"rendered":"https:\/\/hoavietco.net\/?post_type=product&#038;p=877"},"modified":"2024-12-30T07:39:04","modified_gmt":"2024-12-30T07:39:04","slug":"bat-vang-go-dan-huong-trang-tri-ban-tho-ban-than-tai-phong-lam-viec","status":"publish","type":"product","link":"https:\/\/mauwebsite.tamnguyen.vn\/hoaviet\/bat-vang-go-dan-huong-trang-tri-ban-tho-ban-than-tai-phong-lam-viec\/","title":{"rendered":"B\u00c1T V\u00c0NG G\u1ed6 \u0110\u00c0N H\u01af\u01a0NG &#8211; TRANG TR\u00cd B\u00c0N TH\u1edc, B\u00c0N TH\u1ea6N T\u00c0I, PH\u00d2NG L\u00c0M VI\u1ec6C"},"content":{"rendered":"<div dir=\"auto\">B\u00c1T V\u00c0NG G\u1ed6 \u0110\u00c0N H\u01af\u01a0NG &#8211; TRANG TR\u00cd B\u00c0N TH\u1edc, B\u00c0N TH\u1ea6N T\u00c0I, PH\u00d2NG L\u00c0M VI\u1ec6C<\/div>\n<div dir=\"auto\">&#8211; Xu\u1ea5t x\u1ee9: \u0110\u01b0\u1ee3c ch\u1ebf t\u00e1c th\u1ee7 c\u00f4ng t\u1ea1i x\u01b0\u1edfng Hoa Vi\u1ec7t b\u1edfi c\u00e1c ngh\u1ec7 nh\u00e2n l\u00e0nh ngh\u1ec1.<\/div>\n<div dir=\"auto\">&#8211; Ch\u1ea5t li\u1ec7u g\u1ed7: G\u1ed7 \u0110\u00e0n H\u01b0\u01a1ng, c\u00f3 m\u00f9i th\u01a1m d\u1ecbu nh\u1eb9, d\u1ec5 ch\u1ecbu, to\u00e1t l\u00ean h\u01a1i th\u1edf c\u1ee7a thi\u00ean nhi\u00ean.<\/div>\n<div dir=\"auto\">&#8211; K\u00edch th\u01b0\u1edbc: ngang 4,5cm, cao 2,5cm, s\u00e2u 2cm.<br \/>\nV\u1edbi k\u00edch th\u01b0\u1edbc nh\u1ecf g\u1ecdn, qu\u00fd kh\u00e1ch c\u00f3 th\u1ec3 b\u00e0i tr\u00ed tr\u00ean b\u00e0n th\u1edd, b\u00e0n th\u1ea7n t\u00e0i, b\u00e0n l\u00e0m vi\u1ec7c, khu b\u00e0n tr\u00e0 \u0111\u1ec1u s\u1ebd c\u00f3 th\u1ec3 c\u1ea3m nh\u1eadn \u0111\u01b0\u1ee3c ngu\u1ed3n n\u0103ng l\u01b0\u1ee3ng tr\u1ee3 duy\u00ean \u0111\u1ea7y t\u00e2m huy\u1ebft, t\u1eeb \u0111\u00f3th\u00eam ph\u1ea7n t\u1ef1 tin, g\u1eb7p nhi\u1ec1u \u0111i\u1ec1u may, tr\u00e1nh \u0111i\u1ec1u d\u1eef v\u00e0 \u0111\u00f3n th\u00eam tin l\u00e0nh.<\/div>\n<div id=\"eJOY__extension_root\" class=\"eJOY__extension_root_class\"><\/div>\n<p><img loading=\"lazy\" decoding=\"async\" class=\"alignnone size-full wp-image-878\" src=\"https:\/\/hoavietco.net\/wp-content\/uploads\/2024\/12\/bat-vang-go-dan-huong-trang-tri-ban-tho-ban-than-tai-phong-lam-viec-scaled.jpg\" alt=\"\" width=\"1919\" height=\"2560\" srcset=\"https:\/\/mauwebsite.tamnguyen.vn\/hoaviet\/wp-content\/uploads\/2024\/12\/bat-vang-go-dan-huong-trang-tri-ban-tho-ban-than-tai-phong-lam-viec-scaled.jpg 1919w, https:\/\/mauwebsite.tamnguyen.vn\/hoaviet\/wp-content\/uploads\/2024\/12\/bat-vang-go-dan-huong-trang-tri-ban-tho-ban-than-tai-phong-lam-viec-scaled-500x667.jpg 500w, https:\/\/mauwebsite.tamnguyen.vn\/hoaviet\/wp-content\/uploads\/2024\/12\/bat-vang-go-dan-huong-trang-tri-ban-tho-ban-than-tai-phong-lam-viec-225x300.jpg 225w, https:\/\/mauwebsite.tamnguyen.vn\/hoaviet\/wp-content\/uploads\/2024\/12\/bat-vang-go-dan-huong-trang-tri-ban-tho-ban-than-tai-phong-lam-viec-768x1025.jpg 768w, https:\/\/mauwebsite.tamnguyen.vn\/hoaviet\/wp-content\/uploads\/2024\/12\/bat-vang-go-dan-huong-trang-tri-ban-tho-ban-than-tai-phong-lam-viec-1151x1536.jpg 1151w, https:\/\/mauwebsite.tamnguyen.vn\/hoaviet\/wp-content\/uploads\/2024\/12\/bat-vang-go-dan-huong-trang-tri-ban-tho-ban-than-tai-phong-lam-viec-1535x2048.jpg 1535w\" sizes=\"auto, (max-width: 1919px) 100vw, 1919px\" \/> <img loading=\"lazy\" decoding=\"async\" class=\"alignnone size-full wp-image-879\" src=\"https:\/\/hoavietco.net\/wp-content\/uploads\/2024\/12\/bat-vang-go-dan-huong-trang-tri-ban-tho-ban-than-tai-phong-lam-viec-3.png\" alt=\"\" width=\"768\" height=\"1024\" srcset=\"https:\/\/mauwebsite.tamnguyen.vn\/hoaviet\/wp-content\/uploads\/2024\/12\/bat-vang-go-dan-huong-trang-tri-ban-tho-ban-than-tai-phong-lam-viec-3.png 768w, https:\/\/mauwebsite.tamnguyen.vn\/hoaviet\/wp-content\/uploads\/2024\/12\/bat-vang-go-dan-huong-trang-tri-ban-tho-ban-than-tai-phong-lam-viec-3-500x667.png 500w, https:\/\/mauwebsite.tamnguyen.vn\/hoaviet\/wp-content\/uploads\/2024\/12\/bat-vang-go-dan-huong-trang-tri-ban-tho-ban-than-tai-phong-lam-viec-3-225x300.png 225w\" sizes=\"auto, (max-width: 768px) 100vw, 768px\" \/> <img loading=\"lazy\" decoding=\"async\" class=\"alignnone size-full wp-image-880\" src=\"https:\/\/hoavietco.net\/wp-content\/uploads\/2024\/12\/bat-vang-go-dan-huong-trang-tri-ban-tho-ban-than-tai-phong-lam-viec-2.png\" alt=\"\" width=\"768\" height=\"1024\" srcset=\"https:\/\/mauwebsite.tamnguyen.vn\/hoaviet\/wp-content\/uploads\/2024\/12\/bat-vang-go-dan-huong-trang-tri-ban-tho-ban-than-tai-phong-lam-viec-2.png 768w, https:\/\/mauwebsite.tamnguyen.vn\/hoaviet\/wp-content\/uploads\/2024\/12\/bat-vang-go-dan-huong-trang-tri-ban-tho-ban-than-tai-phong-lam-viec-2-500x667.png 500w, https:\/\/mauwebsite.tamnguyen.vn\/hoaviet\/wp-content\/uploads\/2024\/12\/bat-vang-go-dan-huong-trang-tri-ban-tho-ban-than-tai-phong-lam-viec-2-225x300.png 225w\" sizes=\"auto, (max-width: 768px) 100vw, 768px\" \/> <img loading=\"lazy\" decoding=\"async\" class=\"alignnone size-full wp-image-881\" src=\"https:\/\/hoavietco.net\/wp-content\/uploads\/2024\/12\/bat-vang-go-dan-huong-trang-tri-ban-tho-ban-than-tai-phong-lam-viec-1.png\" alt=\"\" width=\"768\" height=\"1024\" srcset=\"https:\/\/mauwebsite.tamnguyen.vn\/hoaviet\/wp-content\/uploads\/2024\/12\/bat-vang-go-dan-huong-trang-tri-ban-tho-ban-than-tai-phong-lam-viec-1.png 768w, https:\/\/mauwebsite.tamnguyen.vn\/hoaviet\/wp-content\/uploads\/2024\/12\/bat-vang-go-dan-huong-trang-tri-ban-tho-ban-than-tai-phong-lam-viec-1-500x667.png 500w, https:\/\/mauwebsite.tamnguyen.vn\/hoaviet\/wp-content\/uploads\/2024\/12\/bat-vang-go-dan-huong-trang-tri-ban-tho-ban-than-tai-phong-lam-viec-1-225x300.png 225w\" sizes=\"auto, (max-width: 768px) 100vw, 768px\" \/> <img loading=\"lazy\" decoding=\"async\" class=\"alignnone size-full wp-image-882\" src=\"https:\/\/hoavietco.net\/wp-content\/uploads\/2024\/12\/bat-vang-go-dan-huong-trang-tri-ban-tho-ban-than-tai-phong-lam-viec.png\" alt=\"\" width=\"768\" height=\"1024\" srcset=\"https:\/\/mauwebsite.tamnguyen.vn\/hoaviet\/wp-content\/uploads\/2024\/12\/bat-vang-go-dan-huong-trang-tri-ban-tho-ban-than-tai-phong-lam-viec.png 768w, https:\/\/mauwebsite.tamnguyen.vn\/hoaviet\/wp-content\/uploads\/2024\/12\/bat-vang-go-dan-huong-trang-tri-ban-tho-ban-than-tai-phong-lam-viec-500x667.png 500w, https:\/\/mauwebsite.tamnguyen.vn\/hoaviet\/wp-content\/uploads\/2024\/12\/bat-vang-go-dan-huong-trang-tri-ban-tho-ban-than-tai-phong-lam-viec-225x300.png 225w\" sizes=\"auto, (max-width: 768px) 100vw, 768px\" \/><\/p>\n","protected":false},"excerpt":{"rendered":"<p>B\u00c1T V\u00c0NG G\u1ed6 \u0110\u00c0N H\u01af\u01a0NG &#8211; TRANG TR\u00cd B\u00c0N TH\u1edc, B\u00c0N TH\u1ea6N T\u00c0I, PH\u00d2NG L\u00c0M VI\u1ec6C &#8211; Xu\u1ea5t x\u1ee9: \u0110\u01b0\u1ee3c ch\u1ebf t\u00e1c th\u1ee7 c\u00f4ng t\u1ea1i x\u01b0\u1edfng Hoa Vi\u1ec7t b\u1edfi c\u00e1c ngh\u1ec7 nh\u00e2n l\u00e0nh ngh\u1ec1. &#8211; Ch\u1ea5t li\u1ec7u g\u1ed7: G\u1ed7 \u0110\u00e0n H\u01b0\u01a1ng, c\u00f3 m\u00f9i th\u01a1m d\u1ecbu nh\u1eb9, d\u1ec5 ch\u1ecbu, to\u00e1t l\u00ean h\u01a1i th\u1edf c\u1ee7a thi\u00ean nhi\u00ean. &#8230;<\/p>\n","protected":false},"featured_media":881,"comment_status":"open","ping_status":"closed","template":"","meta":[],"product_cat":[35,33],"product_tag":[],"class_list":["post-877","product","type-product","status-publish","has-post-thumbnail","hentry","product_cat-do-trang-tri","product_cat-thu-cong-my-nghe"],"_links":{"self":[{"href":"https:\/\/mauwebsite.tamnguyen.vn\/hoaviet\/wp-json\/wp\/v2\/product\/877","targetHints":{"allow":["GET"]}}],"collection":[{"href":"https:\/\/mauwebsite.tamnguyen.vn\/hoaviet\/wp-json\/wp\/v2\/product"}],"about":[{"href":"https:\/\/mauwebsite.tamnguyen.vn\/hoaviet\/wp-json\/wp\/v2\/types\/product"}],"replies":[{"embeddable":true,"href":"https:\/\/mauwebsite.tamnguyen.vn\/hoaviet\/wp-json\/wp\/v2\/comments?post=877"}],"wp:featuredmedia":[{"embeddable":true,"href":"https:\/\/mauwebsite.tamnguyen.vn\/hoaviet\/wp-json\/wp\/v2\/media\/881"}],"wp:attachment":[{"href":"https:\/\/mauwebsite.tamnguyen.vn\/hoaviet\/wp-json\/wp\/v2\/media?parent=877"}],"wp:term":[{"taxonomy":"product_cat","embeddable":true,"href":"https:\/\/mauwebsite.tamnguyen.vn\/hoaviet\/wp-json\/wp\/v2\/product_cat?post=877"},{"taxonomy":"product_tag","embeddable":true,"href":"https:\/\/mauwebsite.tamnguyen.vn\/hoaviet\/wp-json\/wp\/v2\/product_tag?post=877"}],"curies":[{"name":"wp","href":"https:\/\/api.w.org\/{rel}","templated":true}]}}