{"id":899,"date":"2024-12-30T07:46:55","date_gmt":"2024-12-30T07:46:55","guid":{"rendered":"https:\/\/hoavietco.net\/?post_type=product&#038;p=899"},"modified":"2024-12-30T07:47:12","modified_gmt":"2024-12-30T07:47:12","slug":"tuong-nu-bach-xanh-cao-cap-ran","status":"publish","type":"product","link":"https:\/\/mauwebsite.tamnguyen.vn\/hoaviet\/tuong-nu-bach-xanh-cao-cap-ran\/","title":{"rendered":"T\u01b0\u1ee3ng Nu B\u00e1ch Xanh cao c\u1ea5p (R\u1eafn)"},"content":{"rendered":"<p class=\"product_title entry-title\">T\u01b0\u1ee3ng Nu B\u00e1ch Xanh cao c\u1ea5p (R\u1eafn)<\/p>\n<p><img loading=\"lazy\" decoding=\"async\" class=\"alignnone size-full wp-image-901\" src=\"https:\/\/hoavietco.net\/wp-content\/uploads\/2024\/12\/tuong-nu-bach-xanh-cao-cap-ran-3.png\" alt=\"\" width=\"768\" height=\"1024\" srcset=\"https:\/\/mauwebsite.tamnguyen.vn\/hoaviet\/wp-content\/uploads\/2024\/12\/tuong-nu-bach-xanh-cao-cap-ran-3.png 768w, https:\/\/mauwebsite.tamnguyen.vn\/hoaviet\/wp-content\/uploads\/2024\/12\/tuong-nu-bach-xanh-cao-cap-ran-3-500x667.png 500w, https:\/\/mauwebsite.tamnguyen.vn\/hoaviet\/wp-content\/uploads\/2024\/12\/tuong-nu-bach-xanh-cao-cap-ran-3-225x300.png 225w\" sizes=\"auto, (max-width: 768px) 100vw, 768px\" \/> <img loading=\"lazy\" decoding=\"async\" class=\"alignnone size-full wp-image-902\" src=\"https:\/\/hoavietco.net\/wp-content\/uploads\/2024\/12\/tuong-nu-bach-xanh-cao-cap-ran-2.png\" alt=\"\" width=\"768\" height=\"1024\" srcset=\"https:\/\/mauwebsite.tamnguyen.vn\/hoaviet\/wp-content\/uploads\/2024\/12\/tuong-nu-bach-xanh-cao-cap-ran-2.png 768w, https:\/\/mauwebsite.tamnguyen.vn\/hoaviet\/wp-content\/uploads\/2024\/12\/tuong-nu-bach-xanh-cao-cap-ran-2-500x667.png 500w, https:\/\/mauwebsite.tamnguyen.vn\/hoaviet\/wp-content\/uploads\/2024\/12\/tuong-nu-bach-xanh-cao-cap-ran-2-225x300.png 225w\" sizes=\"auto, (max-width: 768px) 100vw, 768px\" \/> <img loading=\"lazy\" decoding=\"async\" class=\"alignnone size-full wp-image-903\" src=\"https:\/\/hoavietco.net\/wp-content\/uploads\/2024\/12\/tuong-nu-bach-xanh-cao-cap-ran-1.png\" alt=\"\" width=\"768\" height=\"1024\" srcset=\"https:\/\/mauwebsite.tamnguyen.vn\/hoaviet\/wp-content\/uploads\/2024\/12\/tuong-nu-bach-xanh-cao-cap-ran-1.png 768w, https:\/\/mauwebsite.tamnguyen.vn\/hoaviet\/wp-content\/uploads\/2024\/12\/tuong-nu-bach-xanh-cao-cap-ran-1-500x667.png 500w, https:\/\/mauwebsite.tamnguyen.vn\/hoaviet\/wp-content\/uploads\/2024\/12\/tuong-nu-bach-xanh-cao-cap-ran-1-225x300.png 225w\" sizes=\"auto, (max-width: 768px) 100vw, 768px\" \/> <img loading=\"lazy\" decoding=\"async\" class=\"alignnone size-full wp-image-904\" src=\"https:\/\/hoavietco.net\/wp-content\/uploads\/2024\/12\/tuong-nu-bach-xanh-cao-cap-ran.png\" alt=\"\" width=\"768\" height=\"1024\" srcset=\"https:\/\/mauwebsite.tamnguyen.vn\/hoaviet\/wp-content\/uploads\/2024\/12\/tuong-nu-bach-xanh-cao-cap-ran.png 768w, https:\/\/mauwebsite.tamnguyen.vn\/hoaviet\/wp-content\/uploads\/2024\/12\/tuong-nu-bach-xanh-cao-cap-ran-500x667.png 500w, https:\/\/mauwebsite.tamnguyen.vn\/hoaviet\/wp-content\/uploads\/2024\/12\/tuong-nu-bach-xanh-cao-cap-ran-225x300.png 225w\" sizes=\"auto, (max-width: 768px) 100vw, 768px\" \/><\/p>\n<p>Thi\u1ec1m th\u1eeb g\u1ed7 b\u00e1ch xanh th\u01b0\u1eddng \u0111\u01b0\u1ee3c coi l\u00e0 bi\u1ec3u t\u01b0\u1ee3ng c\u1ee7a s\u1ef1 may m\u1eafn, th\u1ecbnh v\u01b0\u1ee3ng v\u00e0 t\u00e0i l\u1ed9c. Ch\u00fang \u0111\u01b0\u1ee3c tin r\u1eb1ng c\u00f3 kh\u1ea3 n\u0103ng \u0111\u00e1nh \u0111u\u1ed5i t\u00e0 kh\u00ed v\u00e0 \u0111em l\u1ea1i s\u1ef1 b\u00ecnh an cho gia \u0111\u00ecnh. S\u1edf h\u1eefu m\u1ed9t thi\u1ec1m th\u1eeb g\u1ed7 b\u00e1ch xanh c\u00f3 th\u1ec3 \u0111\u01b0\u1ee3c coi l\u00e0 m\u1ed9t d\u1ea5u hi\u1ec7u c\u1ee7a s\u1ef1 th\u1ecbnh v\u01b0\u1ee3ng v\u00e0 s\u1ef1 ph\u00e1t tri\u1ec3n t\u00e0i ch\u00ednh.<br \/>\nC\u00f4ng d\u1ee5ng v\u00e0 c\u00e1ch s\u1eed d\u1ee5ng: Trong Phong Thu\u1ef7 Thi\u1ec1m Th\u1eeb l\u00e0 linh v\u1eadt c\u00f3 kh\u1ea3 n\u0103ng Chi\u00eau T\u00e0i H\u00fat L\u1ed9c, Gi\u1eef Ti\u1ec1n c\u1ee7a cho gia ch\u1ee7. Trong Kinh Doanh c\u00e1c ch\u1ee7 kinh doanh th\u01b0\u1eddng d\u00f9ng Thi\u1ec1m Th\u1eeb \u0111\u1ec3 c\u1ea7u T\u00e0i L\u1ed9c, Th\u1ea7n Gi\u1eef C\u1ee7a v\u00e0 tr\u00e1nh r\u1ee7i ro c\u0169ng nh\u01b0 Tr\u00e1nh Ti\u1ec3u nh\u00e2n ph\u00e1 ho\u1ea1i. B\u00ean c\u1ea1nh \u0111\u00f3, Thi\u1ec1m Th\u1eeb c\u00f2n l\u00e0 linh v\u1eadt lu\u00f4n ch\u1ee9a \u1ea9n nh\u1eefng n\u0103ng l\u01b0\u1ee3ng, linh kh\u00ed giup ho\u00e1 gi\u1ea3i \u0111\u01b0\u1ee3c v\u1eadn h\u1ea1n g\u00e2y h\u1ea1i cho gia ch\u1ee7 hay nh\u1eefng t\u00e0 kh\u00ed \u1ea3nh h\u01b0\u1edfng t\u1edbi s\u1ee9c kho\u1ebb cho gia \u0111\u00ecnh. Thi\u1ec1m Th\u1eeb l\u00e0 linh v\u1eadt linh thi\u00eang n\u00ean \u0111\u01b0\u1ee3c \u0111\u1eb7t tr\u00ean ban th\u1edd Th\u1ea7n T\u00e0i, \u0111\u1eb7t trong Ph\u00f2ng Kh\u00e1ch, ph\u00f2ng l\u00e0m vi\u1ec7c ho\u1eb7c K\u00e9t S\u1eaft. K\u00e8m theo m\u1ed7i s\u1ea3n ph\u1ea9m kh\u00e1ch h\u00e0ng s\u1ebd \u0111\u01b0\u1ee3c t\u1eb7ng k\u00e8m theo \u0111\u1ea7y \u0111\u1ee7 d\u00e2y treo, t\u1ea9y u\u1ebf, h\u01b0\u1edbng d\u1eabn s\u1eed d\u1ee5ng chi ti\u1ebft v\u00e0 h\u01b0\u1edbng d\u1eabn c\u00e1ch t\u1ef1 khai quang.<\/p>\n","protected":false},"excerpt":{"rendered":"<p>T\u01b0\u1ee3ng Nu B\u00e1ch Xanh cao c\u1ea5p (R\u1eafn) Thi\u1ec1m th\u1eeb g\u1ed7 b\u00e1ch xanh th\u01b0\u1eddng \u0111\u01b0\u1ee3c coi l\u00e0 bi\u1ec3u t\u01b0\u1ee3ng c\u1ee7a s\u1ef1 may m\u1eafn, th\u1ecbnh v\u01b0\u1ee3ng v\u00e0 t\u00e0i l\u1ed9c. Ch\u00fang \u0111\u01b0\u1ee3c tin r\u1eb1ng c\u00f3 kh\u1ea3 n\u0103ng \u0111\u00e1nh \u0111u\u1ed5i t\u00e0 kh\u00ed v\u00e0 \u0111em l\u1ea1i s\u1ef1 b\u00ecnh an cho gia \u0111\u00ecnh. S\u1edf h\u1eefu m\u1ed9t thi\u1ec1m th\u1eeb g\u1ed7 b\u00e1ch xanh &#8230;<\/p>\n","protected":false},"featured_media":903,"comment_status":"open","ping_status":"closed","template":"","meta":[],"product_cat":[35,33],"product_tag":[],"class_list":["post-899","product","type-product","status-publish","has-post-thumbnail","hentry","product_cat-do-trang-tri","product_cat-thu-cong-my-nghe"],"_links":{"self":[{"href":"https:\/\/mauwebsite.tamnguyen.vn\/hoaviet\/wp-json\/wp\/v2\/product\/899","targetHints":{"allow":["GET"]}}],"collection":[{"href":"https:\/\/mauwebsite.tamnguyen.vn\/hoaviet\/wp-json\/wp\/v2\/product"}],"about":[{"href":"https:\/\/mauwebsite.tamnguyen.vn\/hoaviet\/wp-json\/wp\/v2\/types\/product"}],"replies":[{"embeddable":true,"href":"https:\/\/mauwebsite.tamnguyen.vn\/hoaviet\/wp-json\/wp\/v2\/comments?post=899"}],"wp:featuredmedia":[{"embeddable":true,"href":"https:\/\/mauwebsite.tamnguyen.vn\/hoaviet\/wp-json\/wp\/v2\/media\/903"}],"wp:attachment":[{"href":"https:\/\/mauwebsite.tamnguyen.vn\/hoaviet\/wp-json\/wp\/v2\/media?parent=899"}],"wp:term":[{"taxonomy":"product_cat","embeddable":true,"href":"https:\/\/mauwebsite.tamnguyen.vn\/hoaviet\/wp-json\/wp\/v2\/product_cat?post=899"},{"taxonomy":"product_tag","embeddable":true,"href":"https:\/\/mauwebsite.tamnguyen.vn\/hoaviet\/wp-json\/wp\/v2\/product_tag?post=899"}],"curies":[{"name":"wp","href":"https:\/\/api.w.org\/{rel}","templated":true}]}}