{"id":922,"date":"2024-12-30T08:23:18","date_gmt":"2024-12-30T08:23:18","guid":{"rendered":"https:\/\/hoavietco.net\/?post_type=product&#038;p=922"},"modified":"2025-01-20T22:19:43","modified_gmt":"2025-01-20T22:19:43","slug":"vong-tram-mix-charm-hoa-xinh-xan","status":"publish","type":"product","link":"https:\/\/mauwebsite.tamnguyen.vn\/hoaviet\/vong-tram-mix-charm-hoa-xinh-xan\/","title":{"rendered":"V\u00f2ng Tr\u1ea7m Mix Charm Hoa Xinh X\u1eafn"},"content":{"rendered":"<p class=\"product_title entry-title\">V\u00f2ng Tr\u1ea7m Mix Charm Hoa Xinh X\u1eafn<\/p>\n<p>&nbsp;<\/p>\n<p><img loading=\"lazy\" decoding=\"async\" class=\"alignnone size-full wp-image-924\" src=\"https:\/\/hoavietco.net\/wp-content\/uploads\/2024\/12\/vong-tram-mix-charm-2.png\" alt=\"\" width=\"768\" height=\"1024\" srcset=\"https:\/\/mauwebsite.tamnguyen.vn\/hoaviet\/wp-content\/uploads\/2024\/12\/vong-tram-mix-charm-2.png 768w, https:\/\/mauwebsite.tamnguyen.vn\/hoaviet\/wp-content\/uploads\/2024\/12\/vong-tram-mix-charm-2-500x667.png 500w, https:\/\/mauwebsite.tamnguyen.vn\/hoaviet\/wp-content\/uploads\/2024\/12\/vong-tram-mix-charm-2-225x300.png 225w\" sizes=\"auto, (max-width: 768px) 100vw, 768px\" \/><\/p>\n<p>B\u1ed9 s\u01b0u t\u1eadp v\u00f2ng tr\u1ea7m h\u01b0\u01a1ng \u0111\u1ed9c \u0111\u00e1o, \u0111\u01b0\u1ee3c Hoa Vi\u1ec7t thi\u1ebft k\u1ebf \u0111\u1eb7c bi\u1ec7t cho kh\u00e1ch h\u00e0ng!<\/p>\n<p>V\u1edbi nh\u1eefng l\u1ee3i \u00edch tuy\u1ec7t v\u1eddi nh\u01b0 gi\u00fap t\u0103ng c\u01b0\u1eddng n\u0103ng l\u01b0\u1ee3ng, mang l\u1ea1i s\u1ef1 b\u00ecnh an v\u00e0 thu h\u00fat v\u1eadn may, nh\u1eefng chi\u1ebfc v\u00f2ng n\u00e0y s\u1ebd l\u00e0 ng\u01b0\u1eddi b\u1ea1n \u0111\u1ed3ng h\u00e0nh ho\u00e0n h\u1ea3o cho b\u1ea1n!<\/p>\n<div>&#8211; Gi\u00e1 ch\u1ec9 t\u1eeb 99k &#8211; 129k &#8211; 199k!<\/div>\n<div>&#8211; L\u00e0 x\u01b0\u1edfng s\u1ea3n xu\u1ea5t, Hoa Vi\u1ec7t cam k\u1ebft mang \u0111\u1ebfn cho b\u1ea1n s\u1ea3n ph\u1ea9m ch\u1ea5t l\u01b0\u1ee3ng v\u1edbi m\u1ee9c gi\u00e1 t\u1ed1t nh\u1ea5t tr\u00ean th\u1ecb tr\u01b0\u1eddng!<\/div>\n<div>H\u00e3y nhanh tay s\u1edf h\u1eefu m\u1ed9t chi\u1ebfc v\u00f2ng tr\u1ea7m h\u01b0\u01a1ng \u0111\u1ec3 kh\u01a1i d\u1eady s\u1ee9c m\u1ea1nh v\u00e0 s\u1ef1 t\u1ef1 tin c\u1ee7a b\u1ea1n!<\/div>\n<div>\u0110\u1eb7t h\u00e0ng ngay h\u00f4m nay \u0111\u1ec3 nh\u1eadn \u01b0u \u0111\u00e3i \u0111\u1eb7c bi\u1ec7t!<\/p>\n<div>&#8212;&#8212;&#8212;&#8212;&#8212;&#8212;&#8212;&#8212;&#8212;&#8212;&#8212;&#8212;&#8212;&#8212;&#8212;&#8212;&#8212;<\/div>\n<div>&#8211; Nh\u00e0 m\u00e1y s\u1ea3n xu\u1ea5t: Km 31+700 Qu\u1ed1c L\u1ed9 5 &#8211; Minh \u0110\u1ee9c &#8211; M\u1ef9 H\u00e0o &#8211; H\u01b0ng Y\u00ean &#8211; Vi\u1ec7t Nam<\/div>\n<div>&#8211; V\u0103n ph\u00f2ng: T\u00f2a nh\u00e0 V\u0103n ph\u00f2ng Hudland s\u1ed1 6 Nguy\u1ec5n H\u1eefu Th\u1ecd, Ho\u00e0ng Li\u1ec7t, Ho\u00e0ng Mai, H\u00e0 N\u1ed9i<\/div>\n<div>&#8211; Hotline: 0936 550 889<\/div>\n<div>&#8211; Gmail: Hoaviet3@gmail.com<\/div>\n<div>&#8211; Website: hoavietco.net<\/div>\n<\/div>\n","protected":false},"excerpt":{"rendered":"<div dir=\"auto\">+ K\u00edch th\u01b0\u1edbc h\u1ea1t: 6li, 7li<\/div>\n<div dir=\"auto\">+ C\u1ea5u t\u1ea1o: H\u1ea1t tr\u1ea7m h\u01b0\u01a1ng tr\u00f2n mix Ng\u1ecdc Hoa Sen<\/div>\n<div dir=\"auto\">+ Th\u01b0\u01a1ng hi\u1ec7u: H\u01b0\u01a1ng Hoa Vi\u1ec7t<\/div>\n","protected":false},"featured_media":924,"comment_status":"open","ping_status":"closed","template":"","meta":[],"product_cat":[36,33],"product_tag":[],"class_list":["post-922","product","type-product","status-publish","has-post-thumbnail","hentry","product_cat-do-trang-suc","product_cat-thu-cong-my-nghe"],"_links":{"self":[{"href":"https:\/\/mauwebsite.tamnguyen.vn\/hoaviet\/wp-json\/wp\/v2\/product\/922","targetHints":{"allow":["GET"]}}],"collection":[{"href":"https:\/\/mauwebsite.tamnguyen.vn\/hoaviet\/wp-json\/wp\/v2\/product"}],"about":[{"href":"https:\/\/mauwebsite.tamnguyen.vn\/hoaviet\/wp-json\/wp\/v2\/types\/product"}],"replies":[{"embeddable":true,"href":"https:\/\/mauwebsite.tamnguyen.vn\/hoaviet\/wp-json\/wp\/v2\/comments?post=922"}],"wp:featuredmedia":[{"embeddable":true,"href":"https:\/\/mauwebsite.tamnguyen.vn\/hoaviet\/wp-json\/wp\/v2\/media\/924"}],"wp:attachment":[{"href":"https:\/\/mauwebsite.tamnguyen.vn\/hoaviet\/wp-json\/wp\/v2\/media?parent=922"}],"wp:term":[{"taxonomy":"product_cat","embeddable":true,"href":"https:\/\/mauwebsite.tamnguyen.vn\/hoaviet\/wp-json\/wp\/v2\/product_cat?post=922"},{"taxonomy":"product_tag","embeddable":true,"href":"https:\/\/mauwebsite.tamnguyen.vn\/hoaviet\/wp-json\/wp\/v2\/product_tag?post=922"}],"curies":[{"name":"wp","href":"https:\/\/api.w.org\/{rel}","templated":true}]}}