{"id":975,"date":"2024-12-30T08:54:27","date_gmt":"2024-12-30T08:54:27","guid":{"rendered":"https:\/\/hoavietco.net\/?post_type=product&#038;p=975"},"modified":"2024-12-30T08:57:09","modified_gmt":"2024-12-30T08:57:09","slug":"vong-dan-huong-mix-charm-phong-thuy","status":"publish","type":"product","link":"https:\/\/mauwebsite.tamnguyen.vn\/hoaviet\/vong-dan-huong-mix-charm-phong-thuy\/","title":{"rendered":"V\u00f2ng \u0110\u00e0n H\u01b0\u01a1ng Mix Charm Phong Th\u1ee7y"},"content":{"rendered":"<div dir=\"auto\">+ K\u00edch th\u01b0\u1edbc h\u1ea1t: 6li<\/div>\n<div dir=\"auto\">+ S\u1ed1 l\u01b0\u1ee3ng h\u1ea1t: 27 (Ph\u00f9 h\u1ee3p v\u1edbi n\u1eef gi\u1edbi c\u1ed5 tay nh\u1ecf\/ trung b\u00ecnh)<\/div>\n<div dir=\"auto\">+ C\u1ea5u t\u1ea1o: H\u1ea1t \u0110\u00e0n H\u01b0\u01a1ng mix charm<\/div>\n<div dir=\"auto\"><img loading=\"lazy\" decoding=\"async\" class=\"alignnone size-full wp-image-976\" src=\"https:\/\/hoavietco.net\/wp-content\/uploads\/2024\/12\/vong-dan-huong-mix-charm-phong-thuy-3.png\" alt=\"\" width=\"768\" height=\"1024\" srcset=\"https:\/\/mauwebsite.tamnguyen.vn\/hoaviet\/wp-content\/uploads\/2024\/12\/vong-dan-huong-mix-charm-phong-thuy-3.png 768w, https:\/\/mauwebsite.tamnguyen.vn\/hoaviet\/wp-content\/uploads\/2024\/12\/vong-dan-huong-mix-charm-phong-thuy-3-500x667.png 500w, https:\/\/mauwebsite.tamnguyen.vn\/hoaviet\/wp-content\/uploads\/2024\/12\/vong-dan-huong-mix-charm-phong-thuy-3-225x300.png 225w\" sizes=\"auto, (max-width: 768px) 100vw, 768px\" \/><\/div>\n<div dir=\"auto\">\n<div dir=\"auto\">M\u00d4 T\u1ea2 V\u00d2NG TAY \u0110\u00c0N H\u01af\u01a0NG PHONG TH\u1ee6Y HOA VI\u1ec6T<\/div>\n<div dir=\"auto\">&#8211; M\u1ed7i ng\u0169 h\u00e0nh c\u00f3 m\u1ed9t gam m\u00e0u s\u1eafc h\u00f2a h\u1ee3p ho\u1eb7c t\u01b0\u01a1ng sinh mang l\u1ea1i s\u1ef1 may m\u1eafn, t\u1ed1t \u0111\u1eb9p cho ch\u1ee7 nh\u00e2n hay nh\u1eefng gam m\u00e0u xung kh\u1eafc mang l\u1ea1i r\u1ee7i ro. Vi\u1ec7c l\u1ef1a ch\u1ecdn v\u00f2ng tay c\u00f3 m\u00e0u s\u1eafc ph\u00f9 h\u1ee3p v\u1edbi m\u1ec7nh l\u00e0 \u0111i\u1ec1u quan tr\u1ecdng trong ng\u0169 h\u00e0nh.<\/div>\n<div dir=\"auto\">\n<p>&#8211; \u0110\u1ed1i v\u1edbi ng\u01b0\u1eddi m\u1ec7nh Kim n\u00ean l\u1ef1a ch\u1ecdn v\u00f2ng c\u00f3 gam m\u00e0u v\u00e0ng b\u1edfi Th\u1ed5 t\u01b0\u01a1ng sinh v\u1edbi Kim. Chi\u1ebfc v\u00f2ng h\u1ee3p m\u1ec7nh s\u1ebd mang l\u1ea1i may m\u1eafn, th\u00e0nh c\u00f4ng trong cu\u1ed9c s\u1ed1ng cho ng\u01b0\u1eddi \u0111eo.<\/p>\n<p>\u0110\u00e0n h\u01b0\u01a1ng c\u0169ng l\u00e0 bi\u1ec3u t\u01b0\u1ee3ng c\u1ee7a s\u1ef1 cao qu\u00fd. Ch\u00ednh v\u00ec s\u1ef1 khan hi\u1ebfm m\u00e0 ch\u1ec9 c\u00f3 gi\u1edbi qu\u00fd t\u1ed9c m\u1edbi hay gi\u1edbi nh\u00e0 gi\u00e0u m\u1edbi c\u00f3 c\u01a1 h\u1ed9i s\u1edf h\u1eefu. Theo quan ni\u1ec7m c\u1ee7a ng\u01b0\u1eddi \u1ea4n, g\u1ed7 \u0111\u00e0n h\u01b0\u01a1ng mang l\u1ea1i sinh kh\u00ed, s\u1ee9c kh\u1ecfe, s\u1ef1 may m\u1eafn, gi\u00e0u sang v\u00e0 th\u1ecbnh v\u01b0\u1ee3ng.<\/p>\n<p>\u0110eo v\u00f2ng tay g\u1ed7 \u0111\u00e0n h\u01b0\u01a1ng b\u1ea1n s\u1ebd lu\u00f4n c\u1ea3m th\u1ea5y b\u00ecnh an, t\u00e2m h\u01b0\u1edbng Ph\u1eadt. M\u00f9i h\u01b0\u01a1ng t\u1ecfa ra t\u1eeb nh\u1eefng h\u1ea1t v\u00f2ng ng\u1ecdt ng\u00e0o trong su\u1ed1t l\u00fac b\u1ea1n \u0111eo.<\/p>\n<div dir=\"auto\">CAM K\u1ebeT C\u1ee6A H\u01af\u01a0NG HOA VI\u1ec6T<\/div>\n<div dir=\"auto\">Cam k\u1ebft mang \u0111\u1ebfn nh\u1eefng s\u1ea3n ph\u1ea9m \u0110\u00e0n H\u01b0\u01a1ng t\u1ef1 nhi\u00ean v\u1edbi m\u1ee9c gi\u00e1 ph\u00f9 h\u1ee3p v\u00ec t\u1ea5t c\u1ea3 nguy\u00ean li\u1ec7u v\u00e0 s\u1ea3n ph\u1ea9m c\u1ee7a Hoa Vi\u1ec7t \u0111\u1ec1u kh\u00f4ng qua trung gian, \u0111\u01b0\u1ee3c gia c\u00f4ng tr\u1ef1c ti\u1ebfp t\u1ea1i x\u01b0\u1edfng Hoa Vi\u1ec7t. V\u00ec th\u1ebf, s\u1ea3n ph\u1ea9m v\u00f2ng tay \u0110\u00e0n H\u01b0\u01a1ng mix Charm, \u0111\u01b0\u1ee3c t\u1ea1o ra c\u00f3 m\u1ee9c gi\u00e1 t\u1ed1t v\u1edbi ch\u1ea5t l\u01b0\u1ee3ng \u0111\u1ea3m b\u1ea3o tuy\u1ec7t \u0111\u1ed1i.<\/div>\n<div dir=\"auto\"><\/div>\n<\/div>\n<\/div>\n","protected":false},"excerpt":{"rendered":"<p>+ K\u00edch th\u01b0\u1edbc h\u1ea1t: 6li + S\u1ed1 l\u01b0\u1ee3ng h\u1ea1t: 27 (Ph\u00f9 h\u1ee3p v\u1edbi n\u1eef gi\u1edbi c\u1ed5 tay nh\u1ecf\/ trung b\u00ecnh) + C\u1ea5u t\u1ea1o: H\u1ea1t \u0110\u00e0n H\u01b0\u01a1ng mix charm M\u00d4 T\u1ea2 V\u00d2NG TAY \u0110\u00c0N H\u01af\u01a0NG PHONG TH\u1ee6Y HOA VI\u1ec6T &#8211; M\u1ed7i ng\u0169 h\u00e0nh c\u00f3 m\u1ed9t gam m\u00e0u s\u1eafc h\u00f2a h\u1ee3p ho\u1eb7c t\u01b0\u01a1ng sinh mang l\u1ea1i s\u1ef1 &#8230;<\/p>\n","protected":false},"featured_media":971,"comment_status":"open","ping_status":"closed","template":"","meta":[],"product_cat":[36,33],"product_tag":[],"class_list":["post-975","product","type-product","status-publish","has-post-thumbnail","hentry","product_cat-do-trang-suc","product_cat-thu-cong-my-nghe"],"_links":{"self":[{"href":"https:\/\/mauwebsite.tamnguyen.vn\/hoaviet\/wp-json\/wp\/v2\/product\/975","targetHints":{"allow":["GET"]}}],"collection":[{"href":"https:\/\/mauwebsite.tamnguyen.vn\/hoaviet\/wp-json\/wp\/v2\/product"}],"about":[{"href":"https:\/\/mauwebsite.tamnguyen.vn\/hoaviet\/wp-json\/wp\/v2\/types\/product"}],"replies":[{"embeddable":true,"href":"https:\/\/mauwebsite.tamnguyen.vn\/hoaviet\/wp-json\/wp\/v2\/comments?post=975"}],"wp:featuredmedia":[{"embeddable":true,"href":"https:\/\/mauwebsite.tamnguyen.vn\/hoaviet\/wp-json\/wp\/v2\/media\/971"}],"wp:attachment":[{"href":"https:\/\/mauwebsite.tamnguyen.vn\/hoaviet\/wp-json\/wp\/v2\/media?parent=975"}],"wp:term":[{"taxonomy":"product_cat","embeddable":true,"href":"https:\/\/mauwebsite.tamnguyen.vn\/hoaviet\/wp-json\/wp\/v2\/product_cat?post=975"},{"taxonomy":"product_tag","embeddable":true,"href":"https:\/\/mauwebsite.tamnguyen.vn\/hoaviet\/wp-json\/wp\/v2\/product_tag?post=975"}],"curies":[{"name":"wp","href":"https:\/\/api.w.org\/{rel}","templated":true}]}}