{"id":978,"date":"2024-12-30T09:14:39","date_gmt":"2024-12-30T09:14:39","guid":{"rendered":"https:\/\/hoavietco.net\/?post_type=product&#038;p=978"},"modified":"2024-12-30T09:14:39","modified_gmt":"2024-12-30T09:14:39","slug":"vong-go-sua-ban-lach","status":"publish","type":"product","link":"https:\/\/mauwebsite.tamnguyen.vn\/hoaviet\/vong-go-sua-ban-lach\/","title":{"rendered":"V\u00f2ng g\u1ed7 S\u01b0a b\u1ea3n l\u00e1ch"},"content":{"rendered":"<p class=\"product_title entry-title\">V\u00f2ng g\u1ed7 S\u01b0a b\u1ea3n l\u00e1ch<\/p>\n<p>&#8211; K\u00edch th\u01b0\u1edbc: 18 li (1,8cm)<\/p>\n<div dir=\"auto\">&#8211; Ch\u1ea5t li\u1ec7u: G\u1ed7 S\u01b0a<\/div>\n<div dir=\"auto\"><img loading=\"lazy\" decoding=\"async\" class=\"alignnone size-full wp-image-979\" src=\"https:\/\/hoavietco.net\/wp-content\/uploads\/2024\/12\/vong-go-sua-ban-lach-4.png\" alt=\"\" width=\"768\" height=\"1024\" srcset=\"https:\/\/mauwebsite.tamnguyen.vn\/hoaviet\/wp-content\/uploads\/2024\/12\/vong-go-sua-ban-lach-4.png 768w, https:\/\/mauwebsite.tamnguyen.vn\/hoaviet\/wp-content\/uploads\/2024\/12\/vong-go-sua-ban-lach-4-500x667.png 500w, https:\/\/mauwebsite.tamnguyen.vn\/hoaviet\/wp-content\/uploads\/2024\/12\/vong-go-sua-ban-lach-4-225x300.png 225w\" sizes=\"auto, (max-width: 768px) 100vw, 768px\" \/><\/div>\n<div dir=\"auto\">\n<p>Gi\u1edbi thi\u1ec7u v\u1ec1 G\u1ed7 S\u01b0a Hoa Vi\u1ec7t:<\/p>\n<div dir=\"auto\">+ G\u1ed7 S\u01b0a th\u01b0\u1eddng m\u1ecdc \u1edf c\u00e1c v\u00f9ng n\u00fai cao, c\u00f3 gi\u00e1 tr\u1ecb cao tr\u00ean th\u1ecb tr\u01b0\u1eddng. C\u0169ng t\u00f9y theo t\u1eebng lo\u1ea1i v\u00e2n g\u1ed7, tu\u1ed5i th\u1ecd, tu\u1ed5i th\u1ecd c\u00e0ng cao, th\u00ec v\u00e2n g\u1ed7 c\u00e0ng \u0111\u1eb9p. \u0110\u00e2y l\u00e0 m\u1ed9t lo\u1ea1i g\u1ed7 c\u00f3 gi\u00e1 tr\u1ecb v\u1ec1 khoa h\u1ecdc c\u0169ng nh\u01b0 t\u00e2m linh.<\/div>\n<div dir=\"auto\"><img loading=\"lazy\" decoding=\"async\" class=\"alignnone size-full wp-image-981\" src=\"https:\/\/hoavietco.net\/wp-content\/uploads\/2024\/12\/vong-go-sua-ban-lach-1.png\" alt=\"\" width=\"768\" height=\"1024\" srcset=\"https:\/\/mauwebsite.tamnguyen.vn\/hoaviet\/wp-content\/uploads\/2024\/12\/vong-go-sua-ban-lach-1.png 768w, https:\/\/mauwebsite.tamnguyen.vn\/hoaviet\/wp-content\/uploads\/2024\/12\/vong-go-sua-ban-lach-1-500x667.png 500w, https:\/\/mauwebsite.tamnguyen.vn\/hoaviet\/wp-content\/uploads\/2024\/12\/vong-go-sua-ban-lach-1-225x300.png 225w\" sizes=\"auto, (max-width: 768px) 100vw, 768px\" \/><\/p>\n<div dir=\"auto\">C\u00f4ng d\u1ee5ng v\u00f2ng G\u1ed7 S\u01b0a Hoa Vi\u1ec7t:<\/div>\n<div dir=\"auto\">+ V\u00f2ng tay g\u1ed7 S\u01b0a \u0111\u01b0\u1ee3c xem l\u00e0 m\u00f3n qu\u00e0 t\u1eb7ng phong th\u1ee7y mang l\u1ea1i may m\u1eafn v\u00e0 b\u00ecnh an. T\u1eeb xa x\u01b0a g\u1ed7 S\u01b0a lu\u00f4n l\u00e0 lo\u1ea1i g\u1ed7 ho\u00e0ng t\u1ed9c, \u0111eo v\u00f2ng tay th\u1ec3 hi\u1ec7n \u0111\u1eb3ng c\u1ea5p, mang l\u1ea1i s\u1ef1 may m\u1eafn, b\u00ecnh an, v\u01b0\u1ee3ng t\u00e0i l\u1ed9c, s\u1ee9c kh\u1ecfe.<\/div>\n<div dir=\"auto\">+ G\u1ed7 s\u01b0a c\u00f3 nh\u1eefng t\u00e1c d\u1ee5ng \u0111\u1eb7c bi\u1ec7t nh\u01b0 c\u00f3 m\u00f9i th\u01a1m l\u00e0m h\u00e0nh kh\u00ed, ho\u1ea1t huy\u1ebft, r\u1ea5t t\u1ed1t cho ng\u01b0\u1eddi b\u1ecb tim m\u1ea1ch, d\u1ea1 d\u00e0y, \u0111\u1eb7c bi\u1ec7t l\u00e0 b\u1ecb cao huy\u1ebft \u00e1p.<\/div>\n<div dir=\"auto\">+ \u0110eo v\u00f2ng tay g\u1ed7 S\u01b0a l\u00e2u d\u00e0i, ngo\u00e0i vi\u1ec7c mang l\u1ea1i s\u1ee9c kh\u1ecfe, tinh th\u1ea7n tho\u1ea3i m\u00e1i, c\u00f2n gi\u00fap ch\u1ee7 nh\u00e2n th\u00eam ph\u00fac th\u00eam ph\u1eadn n\u00ean m\u1edbi g\u1ecdi l\u00e0 v\u00f2ng tay may m\u1eafn hay v\u00f2ng tay phong th\u1ee7y.<\/div>\n<div dir=\"auto\"><img loading=\"lazy\" decoding=\"async\" class=\"alignnone size-full wp-image-980\" src=\"https:\/\/hoavietco.net\/wp-content\/uploads\/2024\/12\/vong-go-sua-ban-lach-3.png\" alt=\"\" width=\"768\" height=\"1024\" srcset=\"https:\/\/mauwebsite.tamnguyen.vn\/hoaviet\/wp-content\/uploads\/2024\/12\/vong-go-sua-ban-lach-3.png 768w, https:\/\/mauwebsite.tamnguyen.vn\/hoaviet\/wp-content\/uploads\/2024\/12\/vong-go-sua-ban-lach-3-500x667.png 500w, https:\/\/mauwebsite.tamnguyen.vn\/hoaviet\/wp-content\/uploads\/2024\/12\/vong-go-sua-ban-lach-3-225x300.png 225w\" sizes=\"auto, (max-width: 768px) 100vw, 768px\" \/><\/div>\n<\/div>\n<\/div>\n","protected":false},"excerpt":{"rendered":"<p>&#8211; K\u00edch th\u01b0\u1edbc: 18 li (1,8cm)<\/p>\n<div dir=\"auto\">&#8211; Ch\u1ea5t li\u1ec7u: G\u1ed7 S\u01b0a<\/div>\n","protected":false},"featured_media":981,"comment_status":"open","ping_status":"closed","template":"","meta":[],"product_cat":[36,33],"product_tag":[],"class_list":["post-978","product","type-product","status-publish","has-post-thumbnail","hentry","product_cat-do-trang-suc","product_cat-thu-cong-my-nghe"],"_links":{"self":[{"href":"https:\/\/mauwebsite.tamnguyen.vn\/hoaviet\/wp-json\/wp\/v2\/product\/978","targetHints":{"allow":["GET"]}}],"collection":[{"href":"https:\/\/mauwebsite.tamnguyen.vn\/hoaviet\/wp-json\/wp\/v2\/product"}],"about":[{"href":"https:\/\/mauwebsite.tamnguyen.vn\/hoaviet\/wp-json\/wp\/v2\/types\/product"}],"replies":[{"embeddable":true,"href":"https:\/\/mauwebsite.tamnguyen.vn\/hoaviet\/wp-json\/wp\/v2\/comments?post=978"}],"wp:featuredmedia":[{"embeddable":true,"href":"https:\/\/mauwebsite.tamnguyen.vn\/hoaviet\/wp-json\/wp\/v2\/media\/981"}],"wp:attachment":[{"href":"https:\/\/mauwebsite.tamnguyen.vn\/hoaviet\/wp-json\/wp\/v2\/media?parent=978"}],"wp:term":[{"taxonomy":"product_cat","embeddable":true,"href":"https:\/\/mauwebsite.tamnguyen.vn\/hoaviet\/wp-json\/wp\/v2\/product_cat?post=978"},{"taxonomy":"product_tag","embeddable":true,"href":"https:\/\/mauwebsite.tamnguyen.vn\/hoaviet\/wp-json\/wp\/v2\/product_tag?post=978"}],"curies":[{"name":"wp","href":"https:\/\/api.w.org\/{rel}","templated":true}]}}