{"id":982,"date":"2024-12-30T09:17:40","date_gmt":"2024-12-30T09:17:40","guid":{"rendered":"https:\/\/hoavietco.net\/?post_type=product&#038;p=982"},"modified":"2024-12-30T09:17:40","modified_gmt":"2024-12-30T09:17:40","slug":"vong-tay-go-sua-tu-nhien-van-sieu-dep","status":"publish","type":"product","link":"https:\/\/mauwebsite.tamnguyen.vn\/hoaviet\/vong-tay-go-sua-tu-nhien-van-sieu-dep\/","title":{"rendered":"V\u00d2NG TAY G\u1ed6 S\u01afA T\u1ef0 NHI\u00caN &#8211; V\u00c2N SI\u00caU \u0110\u1eb8P"},"content":{"rendered":"<p class=\"product_title entry-title\">V\u00d2NG TAY G\u1ed6 S\u01afA T\u1ef0 NHI\u00caN &#8211; V\u00c2N SI\u00caU \u0110\u1eb8P<\/p>\n<div dir=\"auto\">+ T\u00ean s\u1ea3n ph\u1ea9m: V\u00f2ng tay g\u1ed7 s\u01b0a t\u1ef1 nhi\u00ean<\/div>\n<div dir=\"auto\">+ K\u00edch th\u01b0\u1edbc h\u1ea1t: 10li, 12li, 20li<\/div>\n<div dir=\"auto\">+ C\u1ea5u t\u1ea1o: H\u1ea1t tr\u00f2n<\/div>\n<div dir=\"auto\">+ Th\u01b0\u01a1ng hi\u1ec7u: H\u01b0\u01a1ng Hoa Vi\u1ec7t<\/div>\n<div dir=\"auto\">+ Gi\u1edbi t\u00ednh: Nam<\/div>\n<div dir=\"auto\"><img loading=\"lazy\" decoding=\"async\" class=\"alignnone size-full wp-image-983\" src=\"https:\/\/hoavietco.net\/wp-content\/uploads\/2024\/12\/vong-tay-go-sua-tu-nhien-van-sieu-dep-5.png\" alt=\"\" width=\"768\" height=\"1024\" srcset=\"https:\/\/mauwebsite.tamnguyen.vn\/hoaviet\/wp-content\/uploads\/2024\/12\/vong-tay-go-sua-tu-nhien-van-sieu-dep-5.png 768w, https:\/\/mauwebsite.tamnguyen.vn\/hoaviet\/wp-content\/uploads\/2024\/12\/vong-tay-go-sua-tu-nhien-van-sieu-dep-5-500x667.png 500w, https:\/\/mauwebsite.tamnguyen.vn\/hoaviet\/wp-content\/uploads\/2024\/12\/vong-tay-go-sua-tu-nhien-van-sieu-dep-5-225x300.png 225w\" sizes=\"auto, (max-width: 768px) 100vw, 768px\" \/><\/div>\n<div dir=\"auto\">\n<div dir=\"auto\">M\u00d4 T\u1ea2 V\u00d2NG TAY G\u1ed6 S\u01afA HOA VI\u1ec6T<\/div>\n<div dir=\"auto\">&#8211; S\u1ea3n ph\u1ea9m \u0111\u01b0\u1ee3c ch\u1ebf t\u00e1c t\u1eeb c\u00e2y s\u01b0a \u0111\u1ecf c\u1ed5 th\u1ee5 \u0111\u00e3 t\u00edch t\u1ee5 1 n\u0103ng l\u01b0\u1ee3ng c\u1ef1c l\u1edbn t\u1eeb v\u0169 tr\u1ee5. Ngo\u00e0i ra, v\u00ec l\u00e0 g\u1ed7 l\u00e2u n\u0103m n\u00ean c\u00f2n ph\u00e1t t\u00e1n ra m\u00f4i tr\u01b0\u1eddng xung quanh m\u1ed9t lo\u1ea1i kh\u00ed g\u1ecdi l\u00e0 \u201ckh\u00ed M\u1ed9c D\u01b0\u1ee1ng\u201d &#8211; lo\u1ea1i kh\u00ed n\u00e0y c\u00f3 t\u00e1c d\u1ee5ng l\u00e0m t\u1ec9nh t\u00e1o, an th\u1ea7n cho ch\u1ee7 nh\u00e2n ti\u1ebfp x\u00fac th\u01b0\u1eddng xuy\u00ean.<\/div>\n<\/div>\n<div dir=\"auto\"><img loading=\"lazy\" decoding=\"async\" class=\"alignnone size-full wp-image-984\" src=\"https:\/\/hoavietco.net\/wp-content\/uploads\/2024\/12\/vong-tay-go-sua-tu-nhien-van-sieu-dep-1.png\" alt=\"\" width=\"768\" height=\"1024\" srcset=\"https:\/\/mauwebsite.tamnguyen.vn\/hoaviet\/wp-content\/uploads\/2024\/12\/vong-tay-go-sua-tu-nhien-van-sieu-dep-1.png 768w, https:\/\/mauwebsite.tamnguyen.vn\/hoaviet\/wp-content\/uploads\/2024\/12\/vong-tay-go-sua-tu-nhien-van-sieu-dep-1-500x667.png 500w, https:\/\/mauwebsite.tamnguyen.vn\/hoaviet\/wp-content\/uploads\/2024\/12\/vong-tay-go-sua-tu-nhien-van-sieu-dep-1-225x300.png 225w\" sizes=\"auto, (max-width: 768px) 100vw, 768px\" \/><\/div>\n<div dir=\"auto\">\n<div dir=\"auto\">&#8211; V\u00f2ng g\u1ed7 s\u01b0a g\u1eafn li\u1ec1n v\u1edbi Ph\u1eadt, v\u1eady n\u00ean mang t\u00ednh l\u00e0nh, ai mang c\u0169ng \u0111\u01b0\u1ee3c, kh\u00f4ng ph\u1ee5 thu\u1ed9c v\u00e0o cung m\u1ec7nh.<\/div>\n<div dir=\"auto\">&#8211; \u0110eo v\u00f2ng tay l\u00e2u d\u00e0i, ngo\u00e0i vi\u1ec7c mang l\u1ea1i s\u1ee9c kh\u1ecfe, tinh th\u1ea7n tho\u1ea3i m\u00e1i, c\u00f2n gi\u00fap ch\u1ee7 nh\u00e2n th\u00eam ph\u00fac th\u00eam ph\u1eadn n\u00ean m\u1edbi g\u1ecdi l\u00e0 v\u00f2ng tay may m\u1eafn.<\/div>\n<div dir=\"auto\">&#8211; Kh\u00f4ng ch\u1ec9 mang l\u1ea1i l\u1ee3i \u00edch v\u1ec1 s\u1ee9c kh\u1ecfe, t\u00e2m linh v\u00e0 t\u00e0i l\u1ed9c, v\u00f2ng g\u1ed7 s\u01b0a c\u00f2n mang \u0111\u1ebfn s\u1ef1 sang tr\u1ecdng c\u1ee7a d\u00f2ng g\u1ed7 ho\u00e0ng t\u1ed9c, mang gi\u00e1 tr\u1ecb th\u1eddi trang cao. Gi\u00fap t\u0103ng th\u00eam s\u1ef1 l\u1ecbch l\u00e3m c\u1ee7a c\u00e1nh m\u00e0y r\u00e2u, c\u00e1 t\u00ednh c\u1ee7a ph\u00e1i \u0111\u1eb9p<\/div>\n<div dir=\"auto\"><img loading=\"lazy\" decoding=\"async\" class=\"alignnone size-full wp-image-985\" src=\"https:\/\/hoavietco.net\/wp-content\/uploads\/2024\/12\/vong-tay-go-sua-tu-nhien-van-sieu-dep.png\" alt=\"\" width=\"768\" height=\"1024\" srcset=\"https:\/\/mauwebsite.tamnguyen.vn\/hoaviet\/wp-content\/uploads\/2024\/12\/vong-tay-go-sua-tu-nhien-van-sieu-dep.png 768w, https:\/\/mauwebsite.tamnguyen.vn\/hoaviet\/wp-content\/uploads\/2024\/12\/vong-tay-go-sua-tu-nhien-van-sieu-dep-500x667.png 500w, https:\/\/mauwebsite.tamnguyen.vn\/hoaviet\/wp-content\/uploads\/2024\/12\/vong-tay-go-sua-tu-nhien-van-sieu-dep-225x300.png 225w\" sizes=\"auto, (max-width: 768px) 100vw, 768px\" \/><\/div>\n<div dir=\"auto\">&#8211; G\u1ed7 s\u01b0a r\u1ea5t b\u1ec1n v\u00e0 c\u1ee9ng, n\u00ean b\u1ea1n c\u00f3 th\u1ec3 \u0111eo tho\u1ea3i m\u00e1i m\u00e0 kh\u00f4ng lo b\u1ecb s\u1ee9t x\u1eb9o hay m\u1ee5c\u2026<\/div>\n<\/div>\n","protected":false},"excerpt":{"rendered":"<div dir=\"auto\">+ T\u00ean s\u1ea3n ph\u1ea9m: V\u00f2ng tay g\u1ed7 s\u01b0a t\u1ef1 nhi\u00ean<\/div>\n<div dir=\"auto\">+ K\u00edch th\u01b0\u1edbc h\u1ea1t: 10li, 12li, 20li<\/div>\n<div dir=\"auto\">+ C\u1ea5u t\u1ea1o: H\u1ea1t tr\u00f2n<\/div>\n<div dir=\"auto\">+ Th\u01b0\u01a1ng hi\u1ec7u: H\u01b0\u01a1ng Hoa Vi\u1ec7t<\/div>\n<div dir=\"auto\">+ Gi\u1edbi t\u00ednh: Nam<\/div>\n","protected":false},"featured_media":985,"comment_status":"open","ping_status":"closed","template":"","meta":[],"product_cat":[36,33],"product_tag":[],"class_list":["post-982","product","type-product","status-publish","has-post-thumbnail","hentry","product_cat-do-trang-suc","product_cat-thu-cong-my-nghe"],"_links":{"self":[{"href":"https:\/\/mauwebsite.tamnguyen.vn\/hoaviet\/wp-json\/wp\/v2\/product\/982","targetHints":{"allow":["GET"]}}],"collection":[{"href":"https:\/\/mauwebsite.tamnguyen.vn\/hoaviet\/wp-json\/wp\/v2\/product"}],"about":[{"href":"https:\/\/mauwebsite.tamnguyen.vn\/hoaviet\/wp-json\/wp\/v2\/types\/product"}],"replies":[{"embeddable":true,"href":"https:\/\/mauwebsite.tamnguyen.vn\/hoaviet\/wp-json\/wp\/v2\/comments?post=982"}],"wp:featuredmedia":[{"embeddable":true,"href":"https:\/\/mauwebsite.tamnguyen.vn\/hoaviet\/wp-json\/wp\/v2\/media\/985"}],"wp:attachment":[{"href":"https:\/\/mauwebsite.tamnguyen.vn\/hoaviet\/wp-json\/wp\/v2\/media?parent=982"}],"wp:term":[{"taxonomy":"product_cat","embeddable":true,"href":"https:\/\/mauwebsite.tamnguyen.vn\/hoaviet\/wp-json\/wp\/v2\/product_cat?post=982"},{"taxonomy":"product_tag","embeddable":true,"href":"https:\/\/mauwebsite.tamnguyen.vn\/hoaviet\/wp-json\/wp\/v2\/product_tag?post=982"}],"curies":[{"name":"wp","href":"https:\/\/api.w.org\/{rel}","templated":true}]}}