{"id":992,"date":"2024-12-30T09:46:38","date_gmt":"2024-12-30T09:46:38","guid":{"rendered":"https:\/\/hoavietco.net\/?post_type=product&#038;p=992"},"modified":"2024-12-30T09:46:38","modified_gmt":"2024-12-30T09:46:38","slug":"vong-tram-huong-mix-lu-thong-kem-lac-charm","status":"publish","type":"product","link":"https:\/\/mauwebsite.tamnguyen.vn\/hoaviet\/vong-tram-huong-mix-lu-thong-kem-lac-charm\/","title":{"rendered":"V\u00d2NG TR\u1ea6M H\u01af\u01a0NG MIX LU TH\u1ed0NG K\u00c8M L\u1ea0C CHARM"},"content":{"rendered":"<div dir=\"auto\">+ K\u00edch th\u01b0\u1edbc h\u1ea1t: 6li, 7li<\/div>\n<div dir=\"auto\">+ C\u1ea5u t\u1ea1o: H\u1ea1t tr\u1ea7m h\u01b0\u01a1ng tr\u00f2n mix lu th\u1ed1ng k\u00e8m l\u1ea1c charm<\/div>\n<div dir=\"auto\"><img loading=\"lazy\" decoding=\"async\" class=\"alignnone size-full wp-image-993\" src=\"https:\/\/hoavietco.net\/wp-content\/uploads\/2024\/12\/vong-tram-huong-mix-lu-thong-kem-lac-charm-5.png\" alt=\"\" width=\"768\" height=\"1024\" srcset=\"https:\/\/mauwebsite.tamnguyen.vn\/hoaviet\/wp-content\/uploads\/2024\/12\/vong-tram-huong-mix-lu-thong-kem-lac-charm-5.png 768w, https:\/\/mauwebsite.tamnguyen.vn\/hoaviet\/wp-content\/uploads\/2024\/12\/vong-tram-huong-mix-lu-thong-kem-lac-charm-5-500x667.png 500w, https:\/\/mauwebsite.tamnguyen.vn\/hoaviet\/wp-content\/uploads\/2024\/12\/vong-tram-huong-mix-lu-thong-kem-lac-charm-5-225x300.png 225w\" sizes=\"auto, (max-width: 768px) 100vw, 768px\" \/><\/div>\n<div dir=\"auto\">\n<div dir=\"auto\">M\u00d4 T\u1ea2 V\u00d2NG TAY TR\u1ea6M H\u01af\u01a0NG LU TH\u1ed0NG K\u00c8M L\u1ea0C CHARM HOA VI\u1ec6T<\/div>\n<div dir=\"auto\">&#8211; Nghe \u0111\u1ebfn tr\u1ea7m h\u01b0\u01a1ng, ch\u00fang ta \u0111\u00e3 c\u1ea3m nh\u1eadn s\u1ef1 \u0111i\u1ec1m \u0111\u1ea1m, s\u00e2u s\u1eafc, v\u00e0 t\u00f4n nghi\u00eam ngay t\u1eeb ch\u00ednh c\u00e1i t\u00ean m\u00e0 ng\u01b0\u1eddi x\u01b0a \u0111\u00e3 \u0111\u1eb7t cho m\u1ed9t lo\u1ea1i g\u1ed7 qu\u00fd n\u00e0y.<\/div>\n<div dir=\"auto\">&#8211; V\u00f2ng tay lu th\u1ed1ng nam n\u1eef tr\u1ea7m h\u01b0\u01a1ng Hoa Vi\u1ec7t \u0111\u01b0\u1ee3c ch\u1ebf t\u00e1c t\u1eeb tr\u1ea7m h\u01b0\u01a1ng mang trong m\u00ecnh m\u1ed9t v\u1ebb \u0111\u1eb9p m\u1ed9c m\u1ea1c nh\u01b0ng ch\u1ee9a \u0111\u1ef1ng v\u00f4 v\u00e0n s\u1ef1 tinh t\u1ebf c\u1ee7a t\u1ea1o h\u00f3a.<br \/>\n<img loading=\"lazy\" decoding=\"async\" class=\"alignnone size-full wp-image-994\" src=\"https:\/\/hoavietco.net\/wp-content\/uploads\/2024\/12\/vong-tram-huong-mix-lu-thong-kem-lac-charm-4.png\" alt=\"\" width=\"768\" height=\"1024\" srcset=\"https:\/\/mauwebsite.tamnguyen.vn\/hoaviet\/wp-content\/uploads\/2024\/12\/vong-tram-huong-mix-lu-thong-kem-lac-charm-4.png 768w, https:\/\/mauwebsite.tamnguyen.vn\/hoaviet\/wp-content\/uploads\/2024\/12\/vong-tram-huong-mix-lu-thong-kem-lac-charm-4-500x667.png 500w, https:\/\/mauwebsite.tamnguyen.vn\/hoaviet\/wp-content\/uploads\/2024\/12\/vong-tram-huong-mix-lu-thong-kem-lac-charm-4-225x300.png 225w\" sizes=\"auto, (max-width: 768px) 100vw, 768px\" \/><\/p>\n<div dir=\"auto\">C\u00d4NG D\u1ee4NG V\u00d2NG TAY TR\u1ea6M H\u01af\u01a0NG LU TH\u1ed0NG NAM N\u1eee<\/div>\n<div dir=\"auto\">&#8211; Trong phong th\u1ee7y lu th\u1ed1ng ch\u1ebf t\u00e1c t\u1eeb tr\u1ea7m h\u01b0\u01a1ng lu\u00f4n \u0111\u01b0\u1ee3c l\u1ef1a ch\u1ecdn l\u00e0 v\u1eadt ph\u1ea9m phong th\u1ee7y ph\u00e1t huy \u0111\u01b0\u1ee3c t\u00e1c d\u1ee5ng nhi\u1ec1u nh\u1ea5t.<\/div>\n<div dir=\"auto\">&#8211; V\u00f2ng tay lu th\u1ed1ng \u0111\u01b0\u1ee3c bi\u1ebft \u0111\u1ebfn v\u1edbi nhi\u1ec1u c\u00f4ng d\u1ee5ng \u0111\u1eb7c bi\u1ec7t, tr\u01b0\u1edbc h\u1ebft ph\u1ea3i k\u1ec3 \u0111\u1ebfn ngu\u1ed3n c\u00f4ng n\u0103ng l\u00e0m c\u00e2n b\u1eb1ng n\u0103ng l\u01b0\u1ee3ng trong c\u01a1 th\u1ec3.<\/div>\n<div dir=\"auto\">&#8211; Lu th\u1ed1ng l\u00e0 v\u1eadt ph\u1ea9m gi\u00fap ng\u01b0\u1eddi s\u1eed d\u1ee5ng c\u1ea7u quan ph\u00e1t l\u1ed9c, thu\u1eadn l\u1ee3i cho con \u0111\u01b0\u1eddng c\u00f4ng danh, s\u1ef1 nghi\u1ec7p \u0111\u01b0\u1ee3c nh\u01b0 \u00fd.<\/div>\n<div dir=\"auto\">&#8211; V\u1ec1 ph\u01b0\u01a1ng di\u1ec7n s\u1ee9c kh\u1ecfe, v\u00f2ng tay lu th\u1ed1ng tr\u1ea7m h\u01b0\u01a1ng gi\u00fap ch\u1ee7 nh\u00e2n t\u0103ng c\u01b0\u1eddng ngu\u1ed3n c\u1ea3m x\u00fac, \u1ed5n \u0111\u1ecbnh huy\u1ebft \u00e1p. Mang \u0111\u1ebfn cho ch\u1ee7 nh\u00e2n m\u1ed9t s\u1ee9c kh\u1ecfe d\u1ed3i d\u00e0o, tr\u00e0n \u0111\u1ea7y n\u0103ng l\u01b0\u1ee3ng trong cu\u1ed9c s\u1ed1ng.<\/p>\n<div dir=\"auto\"><img loading=\"lazy\" decoding=\"async\" class=\"alignnone size-full wp-image-995\" src=\"https:\/\/hoavietco.net\/wp-content\/uploads\/2024\/12\/vong-tram-huong-mix-lu-thong-kem-lac-charm-3.png\" alt=\"\" width=\"768\" height=\"1024\" srcset=\"https:\/\/mauwebsite.tamnguyen.vn\/hoaviet\/wp-content\/uploads\/2024\/12\/vong-tram-huong-mix-lu-thong-kem-lac-charm-3.png 768w, https:\/\/mauwebsite.tamnguyen.vn\/hoaviet\/wp-content\/uploads\/2024\/12\/vong-tram-huong-mix-lu-thong-kem-lac-charm-3-500x667.png 500w, https:\/\/mauwebsite.tamnguyen.vn\/hoaviet\/wp-content\/uploads\/2024\/12\/vong-tram-huong-mix-lu-thong-kem-lac-charm-3-225x300.png 225w\" sizes=\"auto, (max-width: 768px) 100vw, 768px\" \/> <img loading=\"lazy\" decoding=\"async\" class=\"alignnone size-full wp-image-996\" src=\"https:\/\/hoavietco.net\/wp-content\/uploads\/2024\/12\/vong-tram-huong-mix-lu-thong-kem-lac-charm-2.png\" alt=\"\" width=\"768\" height=\"1024\" srcset=\"https:\/\/mauwebsite.tamnguyen.vn\/hoaviet\/wp-content\/uploads\/2024\/12\/vong-tram-huong-mix-lu-thong-kem-lac-charm-2.png 768w, https:\/\/mauwebsite.tamnguyen.vn\/hoaviet\/wp-content\/uploads\/2024\/12\/vong-tram-huong-mix-lu-thong-kem-lac-charm-2-500x667.png 500w, https:\/\/mauwebsite.tamnguyen.vn\/hoaviet\/wp-content\/uploads\/2024\/12\/vong-tram-huong-mix-lu-thong-kem-lac-charm-2-225x300.png 225w\" sizes=\"auto, (max-width: 768px) 100vw, 768px\" \/><br \/>\nCAM K\u1ebeT C\u1ee6A H\u01af\u01a0NG HOA VI\u1ec6T<\/div>\n<div dir=\"auto\">Cam k\u1ebft mang \u0111\u1ebfn nh\u1eefng s\u1ea3n ph\u1ea9m tr\u1ea7m h\u01b0\u01a1ng t\u1ef1 nhi\u00ean v\u1edbi m\u1ee9c gi\u00e1 ph\u00f9 h\u1ee3p v\u00ec t\u1ea5t c\u1ea3 nguy\u00ean li\u1ec7u v\u00e0 s\u1ea3n ph\u1ea9m c\u1ee7a Hoa Vi\u1ec7t \u0111\u1ec1u kh\u00f4ng qua trung gian, \u0111\u01b0\u1ee3c gia c\u00f4ng tr\u1ef1c ti\u1ebfp t\u1ea1i x\u01b0\u1edfng Hoa Vi\u1ec7t. V\u00ec th\u1ebf, s\u1ea3n ph\u1ea9m v\u00f2ng tay tr\u1ea7m h\u01b0\u01a1ng lu th\u1ed1ng, \u0111\u01b0\u1ee3c t\u1ea1o ra c\u00f3 m\u1ee9c gi\u00e1 t\u1ed1t v\u1edbi ch\u1ea5t l\u01b0\u1ee3ng \u0111\u1ea3m b\u1ea3o tuy\u1ec7t \u0111\u1ed1i<\/div>\n<\/div>\n<\/div>\n<\/div>\n","protected":false},"excerpt":{"rendered":"<div dir=\"auto\">+ K\u00edch th\u01b0\u1edbc h\u1ea1t: 6li, 7li<\/div>\n<div dir=\"auto\">+ C\u1ea5u t\u1ea1o: H\u1ea1t tr\u1ea7m h\u01b0\u01a1ng tr\u00f2n mix lu th\u1ed1ng k\u00e8m l\u1ea1c charm.<\/div>\n<div dir=\"auto\"><img loading=\"lazy\" decoding=\"async\" class=\"alignnone size-full wp-image-993\" src=\"https:\/\/hoavietco.net\/wp-content\/uploads\/2024\/12\/vong-tram-huong-mix-lu-thong-kem-lac-charm-5.png\" alt=\"\" width=\"768\" height=\"1024\" srcset=\"https:\/\/mauwebsite.tamnguyen.vn\/hoaviet\/wp-content\/uploads\/2024\/12\/vong-tram-huong-mix-lu-thong-kem-lac-charm-5.png 768w, https:\/\/mauwebsite.tamnguyen.vn\/hoaviet\/wp-content\/uploads\/2024\/12\/vong-tram-huong-mix-lu-thong-kem-lac-charm-5-500x667.png 500w, https:\/\/mauwebsite.tamnguyen.vn\/hoaviet\/wp-content\/uploads\/2024\/12\/vong-tram-huong-mix-lu-thong-kem-lac-charm-5-225x300.png 225w\" sizes=\"auto, (max-width: 768px) 100vw, 768px\" \/><\/div>\n<div dir=\"auto\">\n<div dir=\"auto\">M\u00d4 T\u1ea2 V\u00d2NG TAY TR\u1ea6M H\u01af\u01a0NG LU TH\u1ed0NG K\u00c8M L\u1ea0C CHARM HOA VI\u1ec6T<\/div>\n<div dir=\"auto\">&#8211; Nghe \u0111\u1ebfn tr\u1ea7m h\u01b0\u01a1ng, ch\u00fang ta \u0111\u00e3 c\u1ea3m nh\u1eadn s\u1ef1 \u0111i\u1ec1m \u0111\u1ea1m, s\u00e2u s\u1eafc, v\u00e0 t\u00f4n nghi\u00eam ngay t\u1eeb ch\u00ednh c\u00e1i t\u00ean m\u00e0 ng\u01b0\u1eddi x\u01b0a \u0111\u00e3 \u0111\u1eb7t cho m\u1ed9t lo\u1ea1i g\u1ed7 qu\u00fd n\u00e0y.<\/div>\n<div dir=\"auto\">&#8211; V\u00f2ng tay lu th\u1ed1ng nam n\u1eef tr\u1ea7m h\u01b0\u01a1ng Hoa Vi\u1ec7t \u0111\u01b0\u1ee3c ch\u1ebf t\u00e1c t\u1eeb tr\u1ea7m h\u01b0\u01a1ng mang trong m\u00ecnh m\u1ed9t v\u1ebb \u0111\u1eb9p m\u1ed9c m\u1ea1c nh\u01b0ng ch\u1ee9a \u0111\u1ef1ng v\u00f4 v\u00e0n s\u1ef1 tinh t\u1ebf c\u1ee7a t\u1ea1o h\u00f3a.<\/p>\n<div dir=\"auto\">C\u00d4NG D\u1ee4NG V\u00d2NG TAY TR\u1ea6M H\u01af\u01a0NG LU TH\u1ed0NG NAM N\u1eee<\/div>\n<div dir=\"auto\">&#8211; Trong phong th\u1ee7y lu th\u1ed1ng ch\u1ebf t\u00e1c t\u1eeb tr\u1ea7m h\u01b0\u01a1ng lu\u00f4n \u0111\u01b0\u1ee3c l\u1ef1a ch\u1ecdn l\u00e0 v\u1eadt ph\u1ea9m phong th\u1ee7y ph\u00e1t huy \u0111\u01b0\u1ee3c t\u00e1c d\u1ee5ng nhi\u1ec1u nh\u1ea5t.<\/div>\n<div dir=\"auto\">&#8211; V\u00f2ng tay lu th\u1ed1ng \u0111\u01b0\u1ee3c bi\u1ebft \u0111\u1ebfn v\u1edbi nhi\u1ec1u c\u00f4ng d\u1ee5ng \u0111\u1eb7c bi\u1ec7t, tr\u01b0\u1edbc h\u1ebft ph\u1ea3i k\u1ec3 \u0111\u1ebfn ngu\u1ed3n c\u00f4ng n\u0103ng l\u00e0m c\u00e2n b\u1eb1ng n\u0103ng l\u01b0\u1ee3ng trong c\u01a1 th\u1ec3.<\/div>\n<div dir=\"auto\">&#8211; Lu th\u1ed1ng l\u00e0 v\u1eadt ph\u1ea9m gi\u00fap ng\u01b0\u1eddi s\u1eed d\u1ee5ng c\u1ea7u quan ph\u00e1t l\u1ed9c, thu\u1eadn l\u1ee3i cho con \u0111\u01b0\u1eddng c\u00f4ng danh, s\u1ef1 nghi\u1ec7p \u0111\u01b0\u1ee3c nh\u01b0 \u00fd.<\/div>\n<div dir=\"auto\">&#8211; V\u1ec1 ph\u01b0\u01a1ng di\u1ec7n s\u1ee9c kh\u1ecfe, v\u00f2ng tay lu th\u1ed1ng tr\u1ea7m h\u01b0\u01a1ng gi\u00fap ch\u1ee7 nh\u00e2n t\u0103ng c\u01b0\u1eddng ngu\u1ed3n c\u1ea3m x\u00fac, \u1ed5n \u0111\u1ecbnh huy\u1ebft \u00e1p. Mang \u0111\u1ebfn cho ch\u1ee7 nh\u00e2n m\u1ed9t s\u1ee9c kh\u1ecfe d\u1ed3i d\u00e0o, tr\u00e0n \u0111\u1ea7y n\u0103ng l\u01b0\u1ee3ng trong cu\u1ed9c s\u1ed1ng.<\/div>\n<div dir=\"auto\"><\/div>\n<div dir=\"auto\"><img loading=\"lazy\" decoding=\"async\" class=\"alignnone size-full wp-image-994\" src=\"https:\/\/hoavietco.net\/wp-content\/uploads\/2024\/12\/vong-tram-huong-mix-lu-thong-kem-lac-charm-4.png\" alt=\"\" width=\"768\" height=\"1024\" srcset=\"https:\/\/mauwebsite.tamnguyen.vn\/hoaviet\/wp-content\/uploads\/2024\/12\/vong-tram-huong-mix-lu-thong-kem-lac-charm-4.png 768w, https:\/\/mauwebsite.tamnguyen.vn\/hoaviet\/wp-content\/uploads\/2024\/12\/vong-tram-huong-mix-lu-thong-kem-lac-charm-4-500x667.png 500w, https:\/\/mauwebsite.tamnguyen.vn\/hoaviet\/wp-content\/uploads\/2024\/12\/vong-tram-huong-mix-lu-thong-kem-lac-charm-4-225x300.png 225w\" sizes=\"auto, (max-width: 768px) 100vw, 768px\" \/><\/p>\n<div dir=\"auto\">\nCAM K\u1ebeT C\u1ee6A H\u01af\u01a0NG HOA VI\u1ec6T<\/div>\n<div dir=\"auto\">Cam k\u1ebft mang \u0111\u1ebfn nh\u1eefng s\u1ea3n ph\u1ea9m tr\u1ea7m h\u01b0\u01a1ng t\u1ef1 nhi\u00ean v\u1edbi m\u1ee9c gi\u00e1 ph\u00f9 h\u1ee3p v\u00ec t\u1ea5t c\u1ea3 nguy\u00ean li\u1ec7u v\u00e0 s\u1ea3n ph\u1ea9m c\u1ee7a Hoa Vi\u1ec7t \u0111\u1ec1u kh\u00f4ng qua trung gian, \u0111\u01b0\u1ee3c gia c\u00f4ng tr\u1ef1c ti\u1ebfp t\u1ea1i x\u01b0\u1edfng Hoa Vi\u1ec7t. V\u00ec th\u1ebf, s\u1ea3n ph\u1ea9m v\u00f2ng tay tr\u1ea7m h\u01b0\u01a1ng lu th\u1ed1ng, \u0111\u01b0\u1ee3c t\u1ea1o ra c\u00f3 m\u1ee9c gi\u00e1 t\u1ed1t v\u1edbi ch\u1ea5t l\u01b0\u1ee3ng \u0111\u1ea3m b\u1ea3o tuy\u1ec7t \u0111\u1ed1i<\/div>\n<\/div>\n<\/div>\n<\/div>\n","protected":false},"featured_media":996,"comment_status":"open","ping_status":"closed","template":"","meta":[],"product_cat":[36,33],"product_tag":[],"class_list":["post-992","product","type-product","status-publish","has-post-thumbnail","hentry","product_cat-do-trang-suc","product_cat-thu-cong-my-nghe"],"_links":{"self":[{"href":"https:\/\/mauwebsite.tamnguyen.vn\/hoaviet\/wp-json\/wp\/v2\/product\/992","targetHints":{"allow":["GET"]}}],"collection":[{"href":"https:\/\/mauwebsite.tamnguyen.vn\/hoaviet\/wp-json\/wp\/v2\/product"}],"about":[{"href":"https:\/\/mauwebsite.tamnguyen.vn\/hoaviet\/wp-json\/wp\/v2\/types\/product"}],"replies":[{"embeddable":true,"href":"https:\/\/mauwebsite.tamnguyen.vn\/hoaviet\/wp-json\/wp\/v2\/comments?post=992"}],"wp:featuredmedia":[{"embeddable":true,"href":"https:\/\/mauwebsite.tamnguyen.vn\/hoaviet\/wp-json\/wp\/v2\/media\/996"}],"wp:attachment":[{"href":"https:\/\/mauwebsite.tamnguyen.vn\/hoaviet\/wp-json\/wp\/v2\/media?parent=992"}],"wp:term":[{"taxonomy":"product_cat","embeddable":true,"href":"https:\/\/mauwebsite.tamnguyen.vn\/hoaviet\/wp-json\/wp\/v2\/product_cat?post=992"},{"taxonomy":"product_tag","embeddable":true,"href":"https:\/\/mauwebsite.tamnguyen.vn\/hoaviet\/wp-json\/wp\/v2\/product_tag?post=992"}],"curies":[{"name":"wp","href":"https:\/\/api.w.org\/{rel}","templated":true}]}}