{"id":643,"date":"2021-11-29T11:10:37","date_gmt":"2021-11-29T04:10:37","guid":{"rendered":"https:\/\/mauwebsite.tamnguyen.vn\/xedap\/?page_id=643"},"modified":"2021-11-29T11:52:08","modified_gmt":"2021-11-29T04:52:08","slug":"he-thong-cua-hang","status":"publish","type":"page","link":"https:\/\/mauwebsite.tamnguyen.vn\/xedap\/he-thong-cua-hang\/","title":{"rendered":"H\u1ec7 th\u1ed1ng c\u1eeda h\u00e0ng"},"content":{"rendered":"\t<section class=\"section\" id=\"section_1993283680\">\n\t\t<div class=\"bg section-bg fill bg-fill  bg-loaded\" >\n\n\t\t\t\n\t\t\t\n\t\t\t\n\n\t\t<\/div>\n\n\t\t\n\n\t\t<div class=\"section-content relative\">\n\t\t\t\n<div class=\"row row-small\"  id=\"row-1846671314\">\n\n\t<div id=\"col-1386003809\" class=\"col pb-0 small-12 large-12\"  >\n\t\t\t\t<div class=\"col-inner\"  >\n\t\t\t\n\t\t\t\n<div class=\"container section-title-container\" style=\"margin-bottom:10px;\"><h3 class=\"section-title section-title-bold-center\"><b><\/b><span class=\"section-title-main\" style=\"font-size:120%;color:rgb(85, 85, 85);\">H\u1ec7 th\u1ed1ng c\u1eeda h\u00e0ng<\/span><b><\/b><\/h3><\/div>\n\t\t<\/div>\n\t\t\t\t\t<\/div>\n\n\t\n\n\t<div id=\"col-1549239890\" class=\"col medium-6 small-12 large-4\"  >\n\t\t\t\t<div class=\"col-inner\"  >\n\t\t\t\n\t\t\t\n\t<div class=\"box has-hover mh-box-location-shop  has-hover box-text-bottom\" >\n\n\t\t<div class=\"box-image\" >\n\t\t\t\t\t\t<div class=\"image-cover\" style=\"padding-top:75%;\">\n\t\t\t\t<img width=\"780\" height=\"520\" src=\"https:\/\/mauwebsite.tamnguyen.vn\/xedap\/wp-content\/uploads\/2021\/11\/cua-hang.jpg\" class=\"attachment-original size-original\" alt=\"\" decoding=\"async\" loading=\"lazy\" srcset=\"https:\/\/mauwebsite.tamnguyen.vn\/xedap\/wp-content\/uploads\/2021\/11\/cua-hang.jpg 780w, https:\/\/mauwebsite.tamnguyen.vn\/xedap\/wp-content\/uploads\/2021\/11\/cua-hang-500x333.jpg 500w, https:\/\/mauwebsite.tamnguyen.vn\/xedap\/wp-content\/uploads\/2021\/11\/cua-hang-768x512.jpg 768w, https:\/\/mauwebsite.tamnguyen.vn\/xedap\/wp-content\/uploads\/2021\/11\/cua-hang-600x400.jpg 600w\" sizes=\"(max-width: 780px) 100vw, 780px\" \/>\t\t\t\t\t\t\t\t\t\t\t<\/div>\n\t\t\t\t\t<\/div>\n\n\t\t<div class=\"box-text text-center\" style=\"padding:20px 10px 20px 10px;\">\n\t\t\t<div class=\"box-text-inner\">\n\t\t\t\t\n<p><b>Qu\u1eadn 7<\/b><\/p>\n<p><b>Tel: 028.3535.xxxx<\/b><\/p>\n<p>458 Nguy\u1ec5n Th\u1ecb Th\u1eadp, ph\u01b0\u1eddng T\u00e2n Quy, Qu\u1eadn 7, TP. H\u1ed3 Ch\u00ed Minh<\/p>\n<p>Th\u1ee9 2 &#8211; Ch\u1ee7 nh\u1eadt: 9 AM &#8211; 9 PM<\/p>\n\t\t\t<\/div>\n\t\t<\/div>\n\t<\/div>\n\t\n\t\t<\/div>\n\t\t\t\t\t<\/div>\n\n\t\n\n\t<div id=\"col-1546921863\" class=\"col medium-6 small-12 large-4\"  >\n\t\t\t\t<div class=\"col-inner\"  >\n\t\t\t\n\t\t\t\n\t<div class=\"box has-hover mh-box-location-shop  has-hover box-text-bottom\" >\n\n\t\t<div class=\"box-image\" >\n\t\t\t\t\t\t<div class=\"image-cover\" style=\"padding-top:75%;\">\n\t\t\t\t<img width=\"780\" height=\"520\" src=\"https:\/\/mauwebsite.tamnguyen.vn\/xedap\/wp-content\/uploads\/2021\/11\/cua-hang.jpg\" class=\"attachment-original size-original\" alt=\"\" decoding=\"async\" loading=\"lazy\" srcset=\"https:\/\/mauwebsite.tamnguyen.vn\/xedap\/wp-content\/uploads\/2021\/11\/cua-hang.jpg 780w, https:\/\/mauwebsite.tamnguyen.vn\/xedap\/wp-content\/uploads\/2021\/11\/cua-hang-500x333.jpg 500w, https:\/\/mauwebsite.tamnguyen.vn\/xedap\/wp-content\/uploads\/2021\/11\/cua-hang-768x512.jpg 768w, https:\/\/mauwebsite.tamnguyen.vn\/xedap\/wp-content\/uploads\/2021\/11\/cua-hang-600x400.jpg 600w\" sizes=\"(max-width: 780px) 100vw, 780px\" \/>\t\t\t\t\t\t\t\t\t\t\t<\/div>\n\t\t\t\t\t<\/div>\n\n\t\t<div class=\"box-text text-center\" style=\"padding:20px 10px 20px 10px;\">\n\t\t\t<div class=\"box-text-inner\">\n\t\t\t\t\n<p><b>Qu\u1eadn T\u00e2n B\u00ecnh<\/b><\/p>\n<p><b>Tel: 028.3622.xxxx<\/b><\/p>\n<p>968 \u00c2u C\u01a1, ph\u01b0\u1eddng 14, Qu\u1eadn T\u00e2n B\u00ecnh, TP. H\u1ed3 Ch\u00ed Minh<\/p>\n<p>Th\u1ee9 2 &#8211; Ch\u1ee7 nh\u1eadt: 9 AM &#8211; 9 PM<\/p>\n\t\t\t<\/div>\n\t\t<\/div>\n\t<\/div>\n\t\n\t\t<\/div>\n\t\t\t\t\t<\/div>\n\n\t\n\n\t<div id=\"col-1419735550\" class=\"col medium-6 small-12 large-4\"  >\n\t\t\t\t<div class=\"col-inner\"  >\n\t\t\t\n\t\t\t\n\t<div class=\"box has-hover mh-box-location-shop  has-hover box-text-bottom\" >\n\n\t\t<div class=\"box-image\" >\n\t\t\t\t\t\t<div class=\"image-cover\" style=\"padding-top:75%;\">\n\t\t\t\t<img width=\"780\" height=\"520\" src=\"https:\/\/mauwebsite.tamnguyen.vn\/xedap\/wp-content\/uploads\/2021\/11\/cua-hang.jpg\" class=\"attachment-original size-original\" alt=\"\" decoding=\"async\" loading=\"lazy\" srcset=\"https:\/\/mauwebsite.tamnguyen.vn\/xedap\/wp-content\/uploads\/2021\/11\/cua-hang.jpg 780w, https:\/\/mauwebsite.tamnguyen.vn\/xedap\/wp-content\/uploads\/2021\/11\/cua-hang-500x333.jpg 500w, https:\/\/mauwebsite.tamnguyen.vn\/xedap\/wp-content\/uploads\/2021\/11\/cua-hang-768x512.jpg 768w, https:\/\/mauwebsite.tamnguyen.vn\/xedap\/wp-content\/uploads\/2021\/11\/cua-hang-600x400.jpg 600w\" sizes=\"(max-width: 780px) 100vw, 780px\" \/>\t\t\t\t\t\t\t\t\t\t\t<\/div>\n\t\t\t\t\t<\/div>\n\n\t\t<div class=\"box-text text-center\" style=\"padding:20px 10px 20px 10px;\">\n\t\t\t<div class=\"box-text-inner\">\n\t\t\t\t\n<p><b>Qu\u1eadn Th\u1ee7 \u0110\u1ee9c<\/b><\/p>\n<p><b>Tel: 028.3622.xxxx<\/b><\/p>\n<p>176 V\u00f5 V\u0103n Ng\u00e2n, ph\u01b0\u1eddng B\u00ecnh Th\u1ecd, TP. Th\u1ee7 \u0110\u1ee9c, TP. H\u1ed3 Ch\u00ed Minh<\/p>\n<p>Th\u1ee9 2 &#8211; Ch\u1ee7 nh\u1eadt: 9 AM &#8211; 9 PM<\/p>\n\t\t\t<\/div>\n\t\t<\/div>\n\t<\/div>\n\t\n\t\t<\/div>\n\t\t\t\t\t<\/div>\n\n\t\n\n\t<div id=\"col-920201026\" class=\"col medium-6 small-12 large-4\"  >\n\t\t\t\t<div class=\"col-inner\"  >\n\t\t\t\n\t\t\t\n\t<div class=\"box has-hover mh-box-location-shop  has-hover box-text-bottom\" >\n\n\t\t<div class=\"box-image\" >\n\t\t\t\t\t\t<div class=\"image-cover\" style=\"padding-top:75%;\">\n\t\t\t\t<img width=\"780\" height=\"520\" src=\"https:\/\/mauwebsite.tamnguyen.vn\/xedap\/wp-content\/uploads\/2021\/11\/cua-hang.jpg\" class=\"attachment-original size-original\" alt=\"\" decoding=\"async\" loading=\"lazy\" srcset=\"https:\/\/mauwebsite.tamnguyen.vn\/xedap\/wp-content\/uploads\/2021\/11\/cua-hang.jpg 780w, https:\/\/mauwebsite.tamnguyen.vn\/xedap\/wp-content\/uploads\/2021\/11\/cua-hang-500x333.jpg 500w, https:\/\/mauwebsite.tamnguyen.vn\/xedap\/wp-content\/uploads\/2021\/11\/cua-hang-768x512.jpg 768w, https:\/\/mauwebsite.tamnguyen.vn\/xedap\/wp-content\/uploads\/2021\/11\/cua-hang-600x400.jpg 600w\" sizes=\"(max-width: 780px) 100vw, 780px\" \/>\t\t\t\t\t\t\t\t\t\t\t<\/div>\n\t\t\t\t\t<\/div>\n\n\t\t<div class=\"box-text text-center\" style=\"padding:20px 10px 20px 10px;\">\n\t\t\t<div class=\"box-text-inner\">\n\t\t\t\t\n<p><b>Qu\u1eadn 2 Sala<\/b><\/p>\n<p><b>Tel: 028.3636.xxxx<\/b><\/p>\n<p>Shop B1.005, Sala, 72 Nguy\u1ec5n C\u01a1 Th\u1ea1ch, P. An L\u1ee3i \u0110\u00f4ng, TP. Th\u1ee7 \u0110\u1ee9c, TP. H\u1ed3 Ch\u00ed Minh<\/p>\n<p>Th\u1ee9 2 &#8211; Ch\u1ee7 nh\u1eadt: 9 AM &#8211; 9 PM<\/p>\n\t\t\t<\/div>\n\t\t<\/div>\n\t<\/div>\n\t\n\t\t<\/div>\n\t\t\t\t\t<\/div>\n\n\t\n\n\t<div id=\"col-287746444\" class=\"col medium-6 small-12 large-4\"  >\n\t\t\t\t<div class=\"col-inner\"  >\n\t\t\t\n\t\t\t\n\t<div class=\"box has-hover mh-box-location-shop  has-hover box-text-bottom\" >\n\n\t\t<div class=\"box-image\" >\n\t\t\t\t\t\t<div class=\"image-cover\" style=\"padding-top:75%;\">\n\t\t\t\t<img width=\"780\" height=\"520\" src=\"https:\/\/mauwebsite.tamnguyen.vn\/xedap\/wp-content\/uploads\/2021\/11\/cua-hang.jpg\" class=\"attachment-original size-original\" alt=\"\" decoding=\"async\" loading=\"lazy\" srcset=\"https:\/\/mauwebsite.tamnguyen.vn\/xedap\/wp-content\/uploads\/2021\/11\/cua-hang.jpg 780w, https:\/\/mauwebsite.tamnguyen.vn\/xedap\/wp-content\/uploads\/2021\/11\/cua-hang-500x333.jpg 500w, https:\/\/mauwebsite.tamnguyen.vn\/xedap\/wp-content\/uploads\/2021\/11\/cua-hang-768x512.jpg 768w, https:\/\/mauwebsite.tamnguyen.vn\/xedap\/wp-content\/uploads\/2021\/11\/cua-hang-600x400.jpg 600w\" sizes=\"(max-width: 780px) 100vw, 780px\" \/>\t\t\t\t\t\t\t\t\t\t\t<\/div>\n\t\t\t\t\t<\/div>\n\n\t\t<div class=\"box-text text-center\" style=\"padding:20px 10px 20px 10px;\">\n\t\t\t<div class=\"box-text-inner\">\n\t\t\t\t\n<p><b>Ph\u1ea1m V\u0103n Thu\u1eadn &#8211; Bi\u00ean H\u00f2a<\/b><\/p>\n<p><b>Tel: 025.1368.xxxx<\/b><\/p>\n<p>553-555 Ph\u1ea1m V\u0103n Thu\u1eadn, Ph\u01b0\u1eddng Tam Hi\u1ec7p, TP. Bi\u00ean H\u00f2a, \u0110\u1ed3ng Nai<\/p>\n<p>Th\u1ee9 2 &#8211; Ch\u1ee7 nh\u1eadt: 9 AM &#8211; 9 PM<\/p>\n\t\t\t<\/div>\n\t\t<\/div>\n\t<\/div>\n\t\n\t\t<\/div>\n\t\t\t\t\t<\/div>\n\n\t\n\n\t<div id=\"col-1884928954\" class=\"col medium-6 small-12 large-4\"  >\n\t\t\t\t<div class=\"col-inner\"  >\n\t\t\t\n\t\t\t\n\t<div class=\"box has-hover mh-box-location-shop  has-hover box-text-bottom\" >\n\n\t\t<div class=\"box-image\" >\n\t\t\t\t\t\t<div class=\"image-cover\" style=\"padding-top:75%;\">\n\t\t\t\t<img width=\"780\" height=\"520\" src=\"https:\/\/mauwebsite.tamnguyen.vn\/xedap\/wp-content\/uploads\/2021\/11\/cua-hang.jpg\" class=\"attachment-original size-original\" alt=\"\" decoding=\"async\" loading=\"lazy\" srcset=\"https:\/\/mauwebsite.tamnguyen.vn\/xedap\/wp-content\/uploads\/2021\/11\/cua-hang.jpg 780w, https:\/\/mauwebsite.tamnguyen.vn\/xedap\/wp-content\/uploads\/2021\/11\/cua-hang-500x333.jpg 500w, https:\/\/mauwebsite.tamnguyen.vn\/xedap\/wp-content\/uploads\/2021\/11\/cua-hang-768x512.jpg 768w, https:\/\/mauwebsite.tamnguyen.vn\/xedap\/wp-content\/uploads\/2021\/11\/cua-hang-600x400.jpg 600w\" sizes=\"(max-width: 780px) 100vw, 780px\" \/>\t\t\t\t\t\t\t\t\t\t\t<\/div>\n\t\t\t\t\t<\/div>\n\n\t\t<div class=\"box-text text-center\" style=\"padding:20px 10px 20px 10px;\">\n\t\t\t<div class=\"box-text-inner\">\n\t\t\t\t\n<p><b>\u0110\u1ed3ng Kh\u1edfi &#8211; Bi\u00ean H\u00f2a<\/b><\/p>\n<p><b>Tel: 025.1368.xxxx<\/b><\/p>\n<p>32-37 \u0110\u1ed3ng Kh\u1edfi, Ph\u01b0\u1eddng Tam Ho\u00e0, TP. Bi\u00ean H\u00f2a, \u0110\u1ed3ng Nai<\/p>\n<p>Th\u1ee9 2 &#8211; Ch\u1ee7 nh\u1eadt: 9 AM &#8211; 9 PM<\/p>\n\t\t\t<\/div>\n\t\t<\/div>\n\t<\/div>\n\t\n\t\t<\/div>\n\t\t\t\t\t<\/div>\n\n\t\n<\/div>\n\t<div id=\"gap-222217146\" class=\"gap-element clearfix\" style=\"display:block; height:auto;\">\n\t\t\n<style>\n#gap-222217146 {\n  padding-top: 20px;\n}\n<\/style>\n\t<\/div>\n\t\n\t\t<\/div>\n\n\t\t\n<style>\n#section_1993283680 {\n  padding-top: 0px;\n  padding-bottom: 0px;\n  background-color: rgb(255, 255, 255);\n}\n#section_1993283680 .ux-shape-divider--top svg {\n  height: 150px;\n  --divider-top-width: 100%;\n}\n#section_1993283680 .ux-shape-divider--bottom svg {\n  height: 150px;\n  --divider-width: 100%;\n}\n<\/style>\n\t<\/section>\n\t\nS\u1eed d\u1ee5ng plugin <strong>DevVN Local Store<\/strong>\u00a0gi\u00fap li\u1ec7t k\u00ea danh s\u00e1ch c\u1eeda h\u00e0ng, \u0111\u1ecba \u0111i\u1ec3m 1 c\u00e1ch tr\u1ef1c quan v\u00e0 th\u00e2n thi\u1ec7n tr\u00ean web c\u1ee7a b\u1ea1n th\u00f4ng qua\u00a0<strong>google maps<\/strong>. Gi\u00fap ng\u01b0\u1eddi d\u00f9ng t\u00ecm ki\u1ebfm c\u1eeda h\u00e0ng 1 c\u00e1ch d\u1ec5 d\u00e0ng. Ng\u01b0\u1eddi d\u00f9ng c\u00f3 th\u1ec3 l\u1ecdc theo T\u1ec9nh, Th\u00e0nh ph\u1ed1, Qu\u1eadn, Huy\u1ec7n v\u00e0 t\u00ecm nh\u1eefng c\u1ee7a h\u00e0ng g\u1ea7n h\u1ecd nh\u1ea5t \u2026<\/p>\n<p><img decoding=\"async\" loading=\"lazy\" class=\"aligncenter wp-image-646 size-full\" src=\"https:\/\/mauwebsite.tamnguyen.vn\/xedap\/wp-content\/uploads\/2021\/11\/banner-1544x500-1.png\" alt=\"\" width=\"837\" height=\"500\" srcset=\"https:\/\/mauwebsite.tamnguyen.vn\/xedap\/wp-content\/uploads\/2021\/11\/banner-1544x500-1.png 837w, https:\/\/mauwebsite.tamnguyen.vn\/xedap\/wp-content\/uploads\/2021\/11\/banner-1544x500-1-500x299.png 500w, https:\/\/mauwebsite.tamnguyen.vn\/xedap\/wp-content\/uploads\/2021\/11\/banner-1544x500-1-768x459.png 768w, https:\/\/mauwebsite.tamnguyen.vn\/xedap\/wp-content\/uploads\/2021\/11\/banner-1544x500-1-600x358.png 600w\" sizes=\"(max-width: 837px) 100vw, 837px\" \/><\/p>\n<h2>Ch\u1ee9c n\u0103ng ch\u00ednh:<\/h2>\n<ul>\n<li>Qu\u1ea3n l\u00fd danh s\u00e1ch c\u1eeda h\u00e0ng.<\/li>\n<li>T\u00ecm ki\u1ebfm c\u1eeda h\u00e0ng\u00a0theo T\u1ec9nh\/Th\u00e0nh ph\u1ed1, Qu\u1eadn\/Huy\u1ec7n.<\/li>\n<li>L\u1ecdc theo v\u1ecb tr\u00ed<\/li>\n<li>Ch\u1ec9 \u0111\u01b0\u1eddng t\u1ea1i v\u1ecb tr\u00ed ng\u01b0\u1eddi d\u00f9ng t\u1edbi c\u1eeda h\u00e0ng\u00a0h\u1ecd ch\u1ecdn<\/li>\n<li>T\u00ecm ki\u1ebfm c\u1eeda h\u00e0ng g\u1ea7n ng\u01b0\u1eddi d\u00f9ng<\/li>\n<li>C\u00e0i \u0111\u1eb7t th\u00f4ng s\u1ed1 d\u1ec5 d\u00e0ng<\/li>\n<li>T\u1ef1 \u0111\u1ed9ng l\u1ea5y t\u1ea1o \u0111\u1ed9 v\u00e0 t\u00ecm ki\u1ebfm \u0111\u1ecba ch\u1ec9 khi th\u00eam c\u1eeda h\u00e0ng m\u1edbi trong admin<\/li>\n<li>L\u1ea7n \u0111\u1ea7u t\u1ea3i trang s\u1ebd h\u1ecfi \u0111\u1ecba \u0111i\u1ec3m c\u1ee7a ng\u01b0\u1eddi d\u00f9ng. N\u1ebfu h\u1ecd \u0111\u1ed3ng \u00fd s\u1ebd t\u00ecm ki\u1ebfm nh\u1eefng c\u1eeda h\u00e0ng g\u1ea7n h\u1ecd. N\u1ebfu h\u1ecd kh\u00f4ng \u0111\u1ed3ng \u00fd s\u1ebd load c\u1eeda h\u00e0ng th\u00eam v\u00e0o g\u1ea7n nh\u1ea5t. Admin c\u00f3 th\u1ec3 t\u00f9y ch\u1ec9nh \u0111\u01b0\u1ee3c s\u1ed1 c\u1eeda h\u00e0ng t\u1ea3i l\u00ean khi m\u1edbi v\u00e0o trang web<\/li>\n<li>H\u1ed7 tr\u1ee3 WPML &amp; multilingual site<\/li>\n<\/ul>\n<p style=\"text-align: center;\"><a class=\"button\" href=\"https:\/\/wordpress.org\/plugins\/devvn-local-store\/\" target=\"_blank\" rel=\"noopener\">DOWNLOAD Tr\u00ean WordPress.org<\/a><\/p>\n<h2>H\u01b0\u1edbng d\u1eabn c\u00e0i \u0111\u1eb7t<\/h2>\n<ul>\n<li>V\u00e0o\u00a0<strong>WP Admin -&gt; Plugins -&gt; Add new<\/strong><\/li>\n<li>T\u00ecm ki\u1ebfm plugin v\u1edbi t\u1eeb kh\u00f3a \u201cDevVN Local Store\u201d sau \u0111\u00f3 \u1ea5n\u00a0<strong>Install<\/strong><\/li>\n<li>Ch\u1edd install xong -&gt;\u00a0<strong>active<\/strong><\/li>\n<li>Sau khi c\u00e0i \u0111\u1eb7t th\u00e0nh c\u00f4ng. B\u1ea1n s\u1ebd nh\u00ecn th\u1ea5y menu\u00a0<strong>Stores<\/strong>\u00a0b\u00ean tay tr\u00e1i. T\u1ea5t c\u1ea3 s\u1ebd n\u1eb1m trong menu n\u00e0y<\/li>\n<\/ul>\n<h2>H\u01b0\u1edbng d\u1eabn s\u1eed d\u1ee5ng<\/h2>\n<p>C\u00f4ng vi\u1ec7c tr\u01b0\u1edbc khi b\u1ea1n c\u00f3 th\u1ec3 d\u00f9ng plugin l\u00e0 t\u1ea1o\u00a0<strong>Google Maps API<\/strong>\u00a0. \u0110i\u1ec1u kho\u1ea3n m\u1edbi c\u1ee7a google b\u1eaft bu\u1ed9c c\u1ea7n ph\u1ea3i c\u00f3 API \u0111\u1ec3 s\u1eed d\u1ee5ng \u0111\u01b0\u1ee3c maps tr\u00ean website c\u1ee7a m\u00ecnh. Sau khi c\u00e1c b\u1ea1n t\u1ea1o th\u00e0nh c\u00f4ng API r\u1ed3i th\u00ec v\u00e0o\u00a0<strong>Stores -&gt; Settings<\/strong>\u00a0v\u00e0o \u0111i\u1ec1n API b\u1ea1n v\u1eeba t\u1ea1o v\u00e0o m\u1ee5c\u00a0<strong>Google Maps API<\/strong><\/p>\n<p>Sau \u0111\u00f3 b\u1ea1n v\u00e0o\u00a0<strong>Stores -&gt; Add new<\/strong>\u00a0\u0111\u1ec3 th\u00eam c\u1eeda h\u00e0ng m\u1edbi. Ngo\u00e0i ra \u0111\u1ec3 t\u1ea1o\u00a0<strong>t\u1ec9nh th\u00e0nh v\u00e0 qu\u1eadn huy\u1ec7n<\/strong>\u00a0\u00a0b\u1ea1n v\u00e0o\u00a0<strong>Stores -&gt; Local Address<\/strong>\u00a0t\u1ea1i \u0111\u00e2y T\u1ec9nh th\u00e0nh ph\u1ed1 t\u01b0\u01a1ng \u1ee9ng v\u1edbi term c\u1ea5p 1 c\u00f2n Qu\u1eadn, huy\u1ec7n l\u00e0 term con c\u1ee7a T\u1ec9nh th\u00e0nh.<\/p>\n<p>Cu\u1ed1i c\u00f9ng b\u1ea1n copy shortcode\u00a0<strong>[devvn_local_stores]<\/strong> v\u00e0o ch\u1ed7 mu\u1ed1n hi\u1ec3n th\u1ecb<\/p>\n","protected":false},"excerpt":{"rendered":"<p>S\u1eed d\u1ee5ng plugin DevVN Local Store\u00a0gi\u00fap li\u1ec7t k\u00ea danh s\u00e1ch c\u1eeda h\u00e0ng, \u0111\u1ecba \u0111i\u1ec3m 1 c\u00e1ch tr\u1ef1c quan v\u00e0 th\u00e2n thi\u1ec7n tr\u00ean web c\u1ee7a b\u1ea1n th\u00f4ng qua\u00a0google maps. Gi\u00fap ng\u01b0\u1eddi d\u00f9ng t\u00ecm ki\u1ebfm c\u1eeda h\u00e0ng 1 c\u00e1ch d\u1ec5 d\u00e0ng. Ng\u01b0\u1eddi d\u00f9ng c\u00f3 th\u1ec3 l\u1ecdc theo T\u1ec9nh, Th\u00e0nh ph\u1ed1, Qu\u1eadn, Huy\u1ec7n v\u00e0 t\u00ecm nh\u1eefng c\u1ee7a h\u00e0ng&#8230;<\/p>\n","protected":false},"author":3,"featured_media":0,"parent":0,"menu_order":0,"comment_status":"closed","ping_status":"closed","template":"","meta":[],"acf":[],"_links":{"self":[{"href":"https:\/\/mauwebsite.tamnguyen.vn\/xedap\/wp-json\/wp\/v2\/pages\/643"}],"collection":[{"href":"https:\/\/mauwebsite.tamnguyen.vn\/xedap\/wp-json\/wp\/v2\/pages"}],"about":[{"href":"https:\/\/mauwebsite.tamnguyen.vn\/xedap\/wp-json\/wp\/v2\/types\/page"}],"author":[{"embeddable":true,"href":"https:\/\/mauwebsite.tamnguyen.vn\/xedap\/wp-json\/wp\/v2\/users\/3"}],"replies":[{"embeddable":true,"href":"https:\/\/mauwebsite.tamnguyen.vn\/xedap\/wp-json\/wp\/v2\/comments?post=643"}],"version-history":[{"count":6,"href":"https:\/\/mauwebsite.tamnguyen.vn\/xedap\/wp-json\/wp\/v2\/pages\/643\/revisions"}],"predecessor-version":[{"id":654,"href":"https:\/\/mauwebsite.tamnguyen.vn\/xedap\/wp-json\/wp\/v2\/pages\/643\/revisions\/654"}],"wp:attachment":[{"href":"https:\/\/mauwebsite.tamnguyen.vn\/xedap\/wp-json\/wp\/v2\/media?parent=643"}],"curies":[{"name":"wp","href":"https:\/\/api.w.org\/{rel}","templated":true}]}}