{"id":93,"date":"2020-12-12T22:00:23","date_gmt":"2020-12-12T15:00:23","guid":{"rendered":"https:\/\/mauwebsite.tamnguyen.vn\/xedap\/?page_id=93"},"modified":"2021-11-29T11:54:25","modified_gmt":"2021-11-29T04:54:25","slug":"lien-he","status":"publish","type":"page","link":"https:\/\/mauwebsite.tamnguyen.vn\/xedap\/lien-he\/","title":{"rendered":"Li\u00ean h\u1ec7"},"content":{"rendered":"\t<section class=\"section bg-repeat\" id=\"section_159816548\">\n\t\t<div class=\"bg section-bg fill bg-fill  bg-loaded\" >\n\n\t\t\t\n\t\t\t\n\t\t\t\n\t<div class=\"is-border\"\n\t\tstyle=\"border-color:rgba(0, 0, 0, 0.05);border-width:0px 0px 1px 0px;\">\n\t<\/div>\n\n\t\t<\/div>\n\n\t\t\n\n\t\t<div class=\"section-content relative\">\n\t\t\t\n\n<div class=\"row row-small\"  id=\"row-1324067051\">\n\n\n\t<div id=\"col-967317595\" class=\"col pb-0 small-12 large-12\"  >\n\t\t\t\t<div class=\"col-inner\"  >\n\t\t\t\n\t\t\t\n\n  <div id=\"page-header-103952724\" class=\"page-header-wrapper\">\n  <div class=\"page-title mh-breadcrumbs dark featured-title\">\n\n    \n    <div class=\"page-title-inner container align-center flex-row medium-flex-wrap row-reverse\" >\n            <div class=\"title-content flex-col flex-left text-left medium-text-center\">\n        <div class=\"title-breadcrumbs pb-half pt-half\"><nav class=\"woocommerce-breadcrumb breadcrumbs uppercase\">Trang ch\u1ee7<\/nav><\/div>      <\/div>\n    <\/div>\n\n     \n<style>\n#page-header-103952724 .page-title-inner {\n  min-height: 40px;\n}\n<\/style>\n  <\/div>\n    <\/div>\n  \n\n\n\t\t<\/div>\n\t\t\t\t\t<\/div>\n\n\t\n\n<\/div>\n\n\t\t<\/div>\n\n\t\t\n<style>\n#section_159816548 {\n  padding-top: 0px;\n  padding-bottom: 0px;\n  min-height: 60px;\n  background-color: rgb(249, 249, 249);\n}\n#section_159816548 .ux-shape-divider--top svg {\n  height: 150px;\n  --divider-top-width: 100%;\n}\n#section_159816548 .ux-shape-divider--bottom svg {\n  height: 150px;\n  --divider-width: 100%;\n}\n<\/style>\n\t<\/section>\n\t\n\t<section class=\"section pb-0\" id=\"section_870167746\">\n\t\t<div class=\"bg section-bg fill bg-fill  bg-loaded\" >\n\n\t\t\t\n\t\t\t\n\t\t\t\n\n\t\t<\/div>\n\n\t\t\n\n\t\t<div class=\"section-content relative\">\n\t\t\t\n<div class=\"row row-small\"  id=\"row-104519740\">\n\n\t<div id=\"col-853250826\" class=\"col mh-col-contact small-12 large-12\"  >\n\t\t\t\t<div class=\"col-inner\"  >\n\t\t\t\n\t\t\t\n<h2>Li\u00ean h\u1ec7<\/h2>\n<p>Tr\u1ee5 S\u1edf : C\u00f4ng ty TNHH V\u00f2ng Tr\u00f2n Xanh l\u00e8 xanh l\u00e9t<\/p>\n\t\t<\/div>\n\t\t\t\t\t<\/div>\n\n\t\n\n\t<div id=\"col-597621121\" class=\"col mh-col-contact medium-6 small-12 large-5\"  >\n\t\t\t\t<div class=\"col-inner\"  >\n\t\t\t\n\t\t\t\n<ul>\n<li><a href=\"#\"><i class=\"fas fa-map-marker-alt\"><\/i>600A \u0110i\u1ec7n Bi\u00ean Ph\u1ee7, P22, Q B\u00ecnh Th\u1ea1nh, TP.HCM<\/a><\/li>\n<li><a href=\"#\"><i class=\"fas fa-phone-alt\"><\/i>0989 888 xxx<\/a><\/li>\n<li><a href=\"#\"><i class=\"fas fa-envelope-open\"><\/i>support@muatheme.vn<\/a><\/li>\n<\/ul>\n\t\t<\/div>\n\t\t\t\t\t<\/div>\n\n\t\n\n\t<div id=\"col-185238646\" class=\"col mh-col-contact medium-6 small-12 large-4\"  >\n\t\t\t\t<div class=\"col-inner\"  >\n\t\t\t\n\t\t\t\n<ul>\n<li><a href=\"#\"><i class=\"fas fa-globe-americas\"><\/i>muatheme.vn<\/a><\/li>\n<li><a href=\"#\"><i class=\"fab fa-facebook\"><\/i>https:\/\/facebook.com\/muathemewp<\/a><\/li>\n<\/ul>\n\n\t\t<div class=\"icon-box featured-box icon-box-left text-left\"  style=\"margin:15px 0px 0px 0px;\">\n\t\t\t\t\t<div class=\"icon-box-img\" style=\"width: 32px\">\n\t\t\t\t<div class=\"icon\">\n\t\t\t\t\t<div class=\"icon-inner\" >\n\t\t\t\t\t\t<img width=\"32\" height=\"32\" src=\"https:\/\/mauwebsite.tamnguyen.vn\/xedap\/wp-content\/uploads\/2021\/10\/smartphone.png\" class=\"attachment-medium size-medium\" alt=\"\" decoding=\"async\" loading=\"lazy\" \/>\t\t\t\t\t<\/div>\n\t\t\t\t<\/div>\n\t\t\t<\/div>\n\t\t\t\t<div class=\"icon-box-text last-reset\">\n\t\t\t\t\t\t\t\t\t\n<p>Hotline t\u01b0 v\u1ea5n th\u00f4ng tin s\u1ea3n ph\u1ea9m<\/p>\n<p>1800 xxxx ho\u1eb7c 0989 888 xxx<\/p>\n\t\t<\/div>\n\t<\/div>\n\t\n\t\n\t\t<\/div>\n\t\t\t\t\t<\/div>\n\n\t\n\n\t<div id=\"col-358451674\" class=\"col mh-col-contact hide-for-medium medium-3 small-12 large-3\"  >\n\t\t\t\t<div class=\"col-inner\"  >\n\t\t\t\n\t\t\t\n\n\t\t<div class=\"icon-box featured-box icon-box-top text-left\"  >\n\t\t\t\t\t<div class=\"icon-box-img\" style=\"width: 200px\">\n\t\t\t\t<div class=\"icon\">\n\t\t\t\t\t<div class=\"icon-inner\" >\n\t\t\t\t\t\t<img width=\"200\" height=\"199\" src=\"https:\/\/mauwebsite.tamnguyen.vn\/xedap\/wp-content\/uploads\/2021\/10\/qr-code.jpg\" class=\"attachment-medium size-medium\" alt=\"\" decoding=\"async\" loading=\"lazy\" srcset=\"https:\/\/mauwebsite.tamnguyen.vn\/xedap\/wp-content\/uploads\/2021\/10\/qr-code.jpg 200w, https:\/\/mauwebsite.tamnguyen.vn\/xedap\/wp-content\/uploads\/2021\/10\/qr-code-150x150.jpg 150w, https:\/\/mauwebsite.tamnguyen.vn\/xedap\/wp-content\/uploads\/2021\/10\/qr-code-100x100.jpg 100w\" sizes=\"(max-width: 200px) 100vw, 200px\" \/>\t\t\t\t\t<\/div>\n\t\t\t\t<\/div>\n\t\t\t<\/div>\n\t\t\t\t<div class=\"icon-box-text last-reset\">\n\t\t\t\t\t\t\t\t\t\n\t\t<\/div>\n\t<\/div>\n\t\n\t\n\t\t<\/div>\n\t\t\t\t\t<\/div>\n\n\t\n\n\t<div id=\"col-1179543925\" class=\"col mh-col-contact medium-6 small-12 large-6\"  >\n\t\t\t\t<div class=\"col-inner\"  >\n\t\t\t\n\t\t\t\n\n<div class=\"wpcf7 no-js\" id=\"wpcf7-f91-o1\" lang=\"en-US\" dir=\"ltr\">\n<div class=\"screen-reader-response\"><p role=\"status\" aria-live=\"polite\" aria-atomic=\"true\"><\/p> <ul><\/ul><\/div>\n<form action=\"\/xedap\/wp-json\/wp\/v2\/pages\/93#wpcf7-f91-o1\" method=\"post\" class=\"wpcf7-form init\" aria-label=\"Contact form\" novalidate=\"novalidate\" data-status=\"init\">\n<div style=\"display: none;\">\n<input type=\"hidden\" name=\"_wpcf7\" value=\"91\" \/>\n<input type=\"hidden\" name=\"_wpcf7_version\" value=\"5.7.6\" \/>\n<input type=\"hidden\" name=\"_wpcf7_locale\" value=\"en_US\" \/>\n<input type=\"hidden\" name=\"_wpcf7_unit_tag\" value=\"wpcf7-f91-o1\" \/>\n<input type=\"hidden\" name=\"_wpcf7_container_post\" value=\"0\" \/>\n<input type=\"hidden\" name=\"_wpcf7_posted_data_hash\" value=\"\" \/>\n<\/div>\n<div class=\"row row-small\">\n\t<div class=\"col medium-3 small-12 large-3\">\n\t\t<p>H\u1ecd v\u00e0 t\u00ean*\n\t\t<\/p>\n\t<\/div>\n\t<div class=\"col medium-9 small-12 large-9\">\n\t\t<p><span class=\"wpcf7-form-control-wrap\" data-name=\"text-404\"><input size=\"40\" class=\"wpcf7-form-control wpcf7-text wpcf7-validates-as-required\" aria-required=\"true\" aria-invalid=\"false\" value=\"\" type=\"text\" name=\"text-404\" \/><\/span>\n\t\t<\/p>\n\t<\/div>\n\t<div class=\"col medium-3 small-12 large-3\">\n\t\t<p>Email*\n\t\t<\/p>\n\t<\/div>\n\t<div class=\"col medium-9 small-12 large-9\">\n\t\t<p><span class=\"wpcf7-form-control-wrap\" data-name=\"email-210\"><input size=\"40\" class=\"wpcf7-form-control wpcf7-text wpcf7-email wpcf7-validates-as-required wpcf7-validates-as-email\" aria-required=\"true\" aria-invalid=\"false\" value=\"\" type=\"email\" name=\"email-210\" \/><\/span>\n\t\t<\/p>\n\t<\/div>\n\t<div class=\"col medium-3 small-12 large-3\">\n\t\t<p>S\u1ed1 \u0111i\u1ec7n tho\u1ea1i*\n\t\t<\/p>\n\t<\/div>\n\t<div class=\"col medium-9 small-12 large-9\">\n\t\t<p><span class=\"wpcf7-form-control-wrap\" data-name=\"tel-54\"><input size=\"40\" class=\"wpcf7-form-control wpcf7-text wpcf7-tel wpcf7-validates-as-required wpcf7-validates-as-tel\" aria-required=\"true\" aria-invalid=\"false\" value=\"\" type=\"tel\" name=\"tel-54\" \/><\/span>\n\t\t<\/p>\n\t<\/div>\n\t<div class=\"col medium-3 small-12 large-3\">\n\t\t<p>L\u1eddi nh\u1eafn*\n\t\t<\/p>\n\t<\/div>\n\t<div class=\"col medium-9 small-12 large-9 pb-0\">\n\t\t<p><span class=\"wpcf7-form-control-wrap\" data-name=\"textarea-12\"><textarea cols=\"40\" rows=\"10\" class=\"wpcf7-form-control wpcf7-textarea wpcf7-validates-as-required\" aria-required=\"true\" aria-invalid=\"false\" name=\"textarea-12\"><\/textarea><\/span><br \/>\n<input class=\"wpcf7-form-control has-spinner wpcf7-submit\" type=\"submit\" value=\"G\u1eedi li\u00ean h\u1ec7\" \/>\n\t\t<\/p>\n\t<\/div>\n<\/div><div class=\"wpcf7-response-output\" aria-hidden=\"true\"><\/div>\n<\/form>\n<\/div>\n\n\t\t<\/div>\n\t\t\t\t\t<\/div>\n\n\t\n\n\t<div id=\"col-1440538737\" class=\"col mh-col-contact medium-6 small-12 large-6\"  >\n\t\t\t\t<div class=\"col-inner\"  >\n\t\t\t\n\t\t\t\n<p><iframe src=\"https:\/\/www.google.com\/maps\/embed?pb=!1m18!1m12!1m3!1d3725.747342514281!2d105.85639701543839!3d20.96265918603426!2m3!1f0!2f0!3f0!3m2!1i1024!2i768!4f13.1!3m3!1m2!1s0x3135ac33a37077ef%3A0xd7a6b24832839edd!2sGamuda%20City!5e0!3m2!1svi!2s!4v1633926474615!5m2!1svi!2s\" width=\"100%\" height=\"370\" style=\"border:0;\" allowfullscreen=\"\" loading=\"lazy\"><\/iframe><\/p>\n\t\t<\/div>\n\t\t\t\t\t<\/div>\n\n\t\n<\/div>\n\t<div id=\"gap-1688719428\" class=\"gap-element clearfix\" style=\"display:block; height:auto;\">\n\t\t\n<style>\n#gap-1688719428 {\n  padding-top: 10px;\n}\n@media (min-width:850px) {\n  #gap-1688719428 {\n    padding-top: 25px;\n  }\n}\n<\/style>\n\t<\/div>\n\t\n\t\t<\/div>\n\n\t\t\n<style>\n#section_870167746 {\n  padding-top: 35px;\n  padding-bottom: 35px;\n  background-color: rgb(255, 255, 255);\n}\n#section_870167746 .ux-shape-divider--top svg {\n  height: 150px;\n  --divider-top-width: 100%;\n}\n#section_870167746 .ux-shape-divider--bottom svg {\n  height: 150px;\n  --divider-width: 100%;\n}\n@media (min-width:850px) {\n  #section_870167746 {\n    padding-top: 40px;\n    padding-bottom: 40px;\n  }\n}\n<\/style>\n\t<\/section>\n\t\n","protected":false},"excerpt":{"rendered":"","protected":false},"author":3,"featured_media":0,"parent":0,"menu_order":0,"comment_status":"closed","ping_status":"closed","template":"page-blank.php","meta":[],"acf":[],"_links":{"self":[{"href":"https:\/\/mauwebsite.tamnguyen.vn\/xedap\/wp-json\/wp\/v2\/pages\/93"}],"collection":[{"href":"https:\/\/mauwebsite.tamnguyen.vn\/xedap\/wp-json\/wp\/v2\/pages"}],"about":[{"href":"https:\/\/mauwebsite.tamnguyen.vn\/xedap\/wp-json\/wp\/v2\/types\/page"}],"author":[{"embeddable":true,"href":"https:\/\/mauwebsite.tamnguyen.vn\/xedap\/wp-json\/wp\/v2\/users\/3"}],"replies":[{"embeddable":true,"href":"https:\/\/mauwebsite.tamnguyen.vn\/xedap\/wp-json\/wp\/v2\/comments?post=93"}],"version-history":[{"count":34,"href":"https:\/\/mauwebsite.tamnguyen.vn\/xedap\/wp-json\/wp\/v2\/pages\/93\/revisions"}],"predecessor-version":[{"id":656,"href":"https:\/\/mauwebsite.tamnguyen.vn\/xedap\/wp-json\/wp\/v2\/pages\/93\/revisions\/656"}],"wp:attachment":[{"href":"https:\/\/mauwebsite.tamnguyen.vn\/xedap\/wp-json\/wp\/v2\/media?parent=93"}],"curies":[{"name":"wp","href":"https:\/\/api.w.org\/{rel}","templated":true}]}}