{"id":476,"date":"2021-10-13T22:11:36","date_gmt":"2021-10-13T15:11:36","guid":{"rendered":"https:\/\/mauwebsite.tamnguyen.vn\/xedap\/?post_type=product&#038;p=476"},"modified":"2021-10-13T22:15:00","modified_gmt":"2021-10-13T15:15:00","slug":"xe-dap-tre-em-youth-giant-xtc-jr-24-lite-banh-24-inches-2022","status":"publish","type":"product","link":"https:\/\/mauwebsite.tamnguyen.vn\/xedap\/san-pham\/xe-dap-tre-em-youth-giant-xtc-jr-24-lite-banh-24-inches-2022\/","title":{"rendered":"Xe \u0110\u1ea1p Tr\u1ebb Em Youth GIANT XTC Jr 24 Lite \u2013 B\u00e1nh 24 Inches \u2013 2022"},"content":{"rendered":"<p>Xe \u0111\u1ea1p \u0111ua th\u1ec3 thao Giant Contend 3 \u2013 2021 thu\u1ed9c d\u00f2ng xe \u0111\u1ea1p \u0111ua trong t\u1ea7m trung c\u1ee7a Giant c\u0169ng \u0111\u01b0\u1ee3c r\u1ea5t nhi\u1ec1u ng\u01b0\u1eddi mong \u01b0\u1edbc s\u1edf h\u1eefu. Thi\u1ebft k\u1ebf b\u1edfi nh\u1eefng chuy\u00ean gia h\u00e0ng \u0111\u1ea7u c\u00f3 nhi\u1ec1u kinh nghi\u1ec7m, m\u1eabu xe n\u00e0y mang t\u1edbi m\u1ed9t c\u1ea5u h\u00ecnh v\u00f4 c\u00f9ng m\u1ea1nh m\u1ebd v\u1edbi nh\u1eefng tr\u1ea3i nghi\u1ec7m \u0111\u1eb7c bi\u1ec7t trong nh\u1eefng chuy\u1ebfn \u0111i \u0111\u01b0\u1eddng d\u00e0i hay cu\u1ed9c \u0111ua mang t\u00ednh c\u1ea1nh tranh.<\/p>\n<p>Xe \u0111\u1ea1p \u0111ua Contend 3 2021 ngo\u00e0i \u0111\u01b0\u1ee3c ph\u1ee7 l\u00ean m\u00ecnh m\u00e0u \u0111\u1ecf, c\u00f2n c\u00f3 m\u00e0u xanh kh\u00e1 thanh l\u1ecbch, mang t\u1edbi m\u1ed9t phong c\u00e1ch ho\u00e0n to\u00e0n m\u1edbi l\u1ea1.<\/p>\n<p>Khung xe v\u1edbi ch\u1ea5t li\u1ec7u t\u1eeb ALUXX-Grade Aluminum v\u00f4 c\u00f9ng ch\u1eafc ch\u1eafn, m\u1ea1nh m\u1ebd v\u1edbi kh\u1ea3 n\u0103ng ch\u1ed1ng ch\u1ecbu l\u1ea1i va \u0111\u1eadp t\u1ed1t. Tuy v\u1eady khung mang tr\u1ecdng l\u01b0\u1ee3ng kh\u00e1 nh\u1eb9 v\u1edbi kh\u1ea3 n\u0103ng ch\u1ed1ng l\u1ea1i \u0111\u01b0\u1ee3c nh\u1eefng va \u0111\u1eadp m\u1ea1nh t\u1eeb m\u00f4i tr\u01b0\u1eddng c\u0169ng nh\u01b0 ng\u0103n c\u1ea3n nh\u1eefng bi\u1ebfn d\u1ea1ng cho khung. Thi\u1ebft k\u1ebf ti\u00eau chu\u1ea9n ch\u1ea5t l\u01b0\u1ee3ng cao \u0111em t\u1edbi \u01b0u \u0111i\u1ec3m kh\u00ed \u0111\u1ed9ng h\u1ecdc gi\u00fap cho nh\u1eefng cu\u1ed9c \u0111ua \u0111\u1ea1t k\u1ebft qu\u1ea3 t\u1ed1t h\u01a1n v\u00e0 s\u1ef1 t\u1ef1 tin trong qu\u00e1 tr\u00ecnh \u0111i xe.<\/p>\n<p><img decoding=\"async\" loading=\"lazy\" class=\"aligncenter wp-image-307 size-full\" src=\"https:\/\/mauwebsite.tamnguyen.vn\/xedap\/wp-content\/uploads\/2021\/10\/xe-dap-dua-duong-truong-road-giant-contend-3-banh-700c-2021-2.jpg\" alt=\"\" width=\"900\" height=\"600\" srcset=\"https:\/\/mauwebsite.tamnguyen.vn\/xedap\/wp-content\/uploads\/2021\/10\/xe-dap-dua-duong-truong-road-giant-contend-3-banh-700c-2021-2.jpg 900w, https:\/\/mauwebsite.tamnguyen.vn\/xedap\/wp-content\/uploads\/2021\/10\/xe-dap-dua-duong-truong-road-giant-contend-3-banh-700c-2021-2-500x333.jpg 500w, https:\/\/mauwebsite.tamnguyen.vn\/xedap\/wp-content\/uploads\/2021\/10\/xe-dap-dua-duong-truong-road-giant-contend-3-banh-700c-2021-2-768x512.jpg 768w, https:\/\/mauwebsite.tamnguyen.vn\/xedap\/wp-content\/uploads\/2021\/10\/xe-dap-dua-duong-truong-road-giant-contend-3-banh-700c-2021-2-600x400.jpg 600w\" sizes=\"(max-width: 900px) 100vw, 900px\" \/><\/p>\n<p>Shimano Claris l\u00e0 h\u1ec7 th\u1ed1ng \u0111\u1ec1 truy\u1ec1n \u0111\u1ed9ng c\u1ee7a chi\u1ebfc Contend 3 2021, v\u1edbi s\u1ef1 ki\u1ec3m nghi\u1ec7m nghi\u00eam ng\u1eb7t \u0111\u1ec3 mang l\u1ea1i hi\u1ec7u su\u1ea5t t\u1ed1t, v\u00e0 \u0111em t\u1edbi kh\u1ea3 n\u0103ng chuy\u1ec3n \u0111\u1ec1 linh ho\u1ea1t, nh\u1ecbp nh\u00e0ng h\u01a1n. B\u1ea1n ho\u00e0n to\u00e0n c\u00f3 th\u1ec3 t\u1ef1 tin v\u1edbi nh\u1eefng tr\u1ea3i nghi\u1ec7m trong nh\u1eefng chuy\u1ebfn \u0111i.<\/p>\n<p>Phanh xe \u0111\u1ea1p Tektro TK-B177 l\u00e0 d\u00f2ng phanh chuy\u00ean s\u1eed d\u1ee5ng tr\u00ean c\u00e1c d\u00f2ng xe \u0111\u1ea1p thu\u1ed9c t\u1ea7m trung c\u1ea5p, kh\u1ea3 n\u0103ng h\u00e3m phanh c\u00f3 th\u1ec3 \u0111\u1ea1t \u0111\u01b0\u1ee3c hi\u1ec7u su\u1ea5t cao. Ch\u1ed1ng l\u1ea1i kh\u1ea3 n\u0103ng tr\u01b0\u1ee3t b\u00e1nh khi d\u1eebng \u0111\u1ed9t ng\u1ed9t hay \u0111i \u1edf nh\u1eefng \u0111\u1ecba h\u00ecnh tr\u01a1n tr\u01b0\u1ee3t.<\/p>\n<p><img decoding=\"async\" loading=\"lazy\" class=\"aligncenter wp-image-308 size-full\" src=\"https:\/\/mauwebsite.tamnguyen.vn\/xedap\/wp-content\/uploads\/2021\/10\/xe-dap-dua-duong-truong-road-giant-contend-3-banh-700c-2021-3.jpg\" alt=\"\" width=\"900\" height=\"600\" srcset=\"https:\/\/mauwebsite.tamnguyen.vn\/xedap\/wp-content\/uploads\/2021\/10\/xe-dap-dua-duong-truong-road-giant-contend-3-banh-700c-2021-3.jpg 900w, https:\/\/mauwebsite.tamnguyen.vn\/xedap\/wp-content\/uploads\/2021\/10\/xe-dap-dua-duong-truong-road-giant-contend-3-banh-700c-2021-3-500x333.jpg 500w, https:\/\/mauwebsite.tamnguyen.vn\/xedap\/wp-content\/uploads\/2021\/10\/xe-dap-dua-duong-truong-road-giant-contend-3-banh-700c-2021-3-768x512.jpg 768w, https:\/\/mauwebsite.tamnguyen.vn\/xedap\/wp-content\/uploads\/2021\/10\/xe-dap-dua-duong-truong-road-giant-contend-3-banh-700c-2021-3-600x400.jpg 600w\" sizes=\"(max-width: 900px) 100vw, 900px\" \/><\/p>\n<p>Ngo\u00e0i ra, xe \u0111\u1ea1p \u0111ua Contend 3 c\u00f2n \u0111\u01b0\u1ee3c trang b\u1ecb cho xe v\u1ecf Giant S-R3 AC, k\u00edch th\u01b0\u1edbc 700x28c gi\u1ea3m thi\u1ec3u c\u00e1c s\u1ef1 c\u1ed1 c\u00e1n l\u00ean v\u1eadt th\u1ec3 nh\u1ecdn l\u00e0m x\u00ec h\u01a1i xe khi \u0111\u1ea1p xe v\u1edbi t\u1ed1c \u0111\u1ed9 nhanh. V\u00e0nh Giant S-R3 wheelset b\u1ec1n b\u1ec9 g\u00f3p ph\u1ea7n l\u00e0m t\u0103ng hi\u1ec7u su\u1ea5t t\u1ed5ng th\u1ec3 c\u1ee7a xe.<\/p>\n<p>V\u1edbi m\u1ee9c gi\u00e1 15.990.000VND b\u1ea1n ho\u00e0n to\u00e0n c\u00f3 th\u1ec3 s\u1edf h\u1eefu xe \u0111\u1ea1p \u0111ua Giant Contend 3 \u2013 2021 v\u00e0 c\u00f3 nh\u1eefng chuy\u1ebfn tr\u1ea3i nghi\u1ec7m h\u1ebft s\u1ee9c th\u00fa v\u1ecb. \u0110\u1ec3 \u0111\u01b0\u1ee3c t\u01b0 v\u1ea5n chi ti\u1ebft h\u01a1n, xin li\u00ean h\u1ec7 hotline: 18009473<\/p>\n<p><img decoding=\"async\" loading=\"lazy\" class=\"aligncenter wp-image-309 size-full\" src=\"https:\/\/mauwebsite.tamnguyen.vn\/xedap\/wp-content\/uploads\/2021\/10\/xe-dap-dua-duong-truong-road-giant-contend-3-banh-700c-2021-4.jpg\" alt=\"\" width=\"900\" height=\"600\" srcset=\"https:\/\/mauwebsite.tamnguyen.vn\/xedap\/wp-content\/uploads\/2021\/10\/xe-dap-dua-duong-truong-road-giant-contend-3-banh-700c-2021-4.jpg 900w, https:\/\/mauwebsite.tamnguyen.vn\/xedap\/wp-content\/uploads\/2021\/10\/xe-dap-dua-duong-truong-road-giant-contend-3-banh-700c-2021-4-500x333.jpg 500w, https:\/\/mauwebsite.tamnguyen.vn\/xedap\/wp-content\/uploads\/2021\/10\/xe-dap-dua-duong-truong-road-giant-contend-3-banh-700c-2021-4-768x512.jpg 768w, https:\/\/mauwebsite.tamnguyen.vn\/xedap\/wp-content\/uploads\/2021\/10\/xe-dap-dua-duong-truong-road-giant-contend-3-banh-700c-2021-4-600x400.jpg 600w\" sizes=\"(max-width: 900px) 100vw, 900px\" \/><\/p>\n","protected":false},"excerpt":{"rendered":"<p>Xe \u0111\u1ea1p \u0111ua th\u1ec3 thao Giant Contend 3 \u2013 2021 thu\u1ed9c d\u00f2ng xe \u0111\u1ea1p \u0111ua trong t\u1ea7m trung c\u1ee7a Giant c\u0169ng \u0111\u01b0\u1ee3c r\u1ea5t nhi\u1ec1u ng\u01b0\u1eddi mong \u01b0\u1edbc s\u1edf h\u1eefu. Thi\u1ebft k\u1ebf b\u1edfi nh\u1eefng chuy\u00ean gia h\u00e0ng \u0111\u1ea7u c\u00f3 nhi\u1ec1u kinh nghi\u1ec7m, m\u1eabu xe n\u00e0y mang t\u1edbi m\u1ed9t c\u1ea5u h\u00ecnh v\u00f4 c\u00f9ng m\u1ea1nh m\u1ebd v\u1edbi nh\u1eefng&#8230;<\/p>\n","protected":false},"featured_media":483,"comment_status":"open","ping_status":"closed","template":"","meta":[],"product_cat":[33],"product_tag":[],"_links":{"self":[{"href":"https:\/\/mauwebsite.tamnguyen.vn\/xedap\/wp-json\/wp\/v3\/product\/476"}],"collection":[{"href":"https:\/\/mauwebsite.tamnguyen.vn\/xedap\/wp-json\/wp\/v3\/product"}],"about":[{"href":"https:\/\/mauwebsite.tamnguyen.vn\/xedap\/wp-json\/wp\/v2\/types\/product"}],"replies":[{"embeddable":true,"href":"https:\/\/mauwebsite.tamnguyen.vn\/xedap\/wp-json\/wp\/v2\/comments?post=476"}],"wp:featuredmedia":[{"embeddable":true,"href":"https:\/\/mauwebsite.tamnguyen.vn\/xedap\/wp-json\/wp\/v2\/media\/483"}],"wp:attachment":[{"href":"https:\/\/mauwebsite.tamnguyen.vn\/xedap\/wp-json\/wp\/v2\/media?parent=476"}],"wp:term":[{"taxonomy":"product_cat","embeddable":true,"href":"https:\/\/mauwebsite.tamnguyen.vn\/xedap\/wp-json\/wp\/v2\/product_cat?post=476"},{"taxonomy":"product_tag","embeddable":true,"href":"https:\/\/mauwebsite.tamnguyen.vn\/xedap\/wp-json\/wp\/v2\/product_tag?post=476"}],"curies":[{"name":"wp","href":"https:\/\/api.w.org\/{rel}","templated":true}]}}